{"id":3868,"date":"2020-12-23T15:58:30","date_gmt":"2020-12-23T14:58:30","guid":{"rendered":"http:\/\/dev.bitaipartners.com\/?page_id=3868"},"modified":"2021-03-05T16:29:41","modified_gmt":"2021-03-05T15:29:41","slug":"dr-zsofia-matyas","status":"publish","type":"page","link":"https:\/\/dev.bitaipartners.com\/en\/our-team\/dr-zsofia-matyas\/","title":{"rendered":"Dr. Zs\u00f3fia M\u00e1ty\u00e1s"},"content":{"rendered":"<p>[section padding=&#8221;0px&#8221; class=&#8221;munkatars-bemutatkozas&#8221;]<\/p>\n<p>[row]<\/p>\n<p>[col span=&#8221;4&#8243; span__sm=&#8221;12&#8243;]<\/p>\n<p>[ux_image id=&#8221;3866&#8243;]<\/p>\n<p>[follow style=&#8221;small&#8221; align=&#8221;right&#8221; scale=&#8221;166&#8243; linkedin=&#8221;https:\/\/www.linkedin.com\/in\/zs%C3%B3fia-m%C3%A1ty%C3%A1s-233006188\/&#8221;]<\/p>\n<p>[\/col]<br \/>\n[col span=&#8221;8&#8243; span__sm=&#8221;12&#8243; padding=&#8221;0px 0px 0px 0px&#8221;]<\/p>\n<h2 class=\"title uppercase\">Dr. Zs\u00f3fia M\u00e1ty\u00e1s<\/h2>\n<h3 class=\"thin-font\">JUNIOR ASSOCIATE<\/h3>\n<p>She graduated from P\u00e1zm\u00e1ny P\u00e9ter Catholic University in the summer of 2019. She has been supporting the work of the lawyers as a junior associate since January 2020.<\/p>\n<p>During her university years she worked as an intern in several fields, so she could get to know the operation of courts, NGOs and law firms as well.<\/p>\n<p>In the course of the activity of the Law Firm she is working mainly in the fields of competition ,advertisement and company law.<\/p>\n<p>Working languages: Hungarian, English<\/p>\n<p>Other spoken language: Italian<\/p>\n<p>[\/col]<\/p>\n<p>[\/row]<\/p>\n<p>[\/section]<\/p>\n","protected":false},"excerpt":{"rendered":"<p>[section padding=&#8221;0px&#8221; class=&#8221;munkatars-bemutatkozas&#8221;] [row] [col span=&#8221;4&#8243; span__sm=&#8221;12&#8243;] [ux_image id=&#8221;3866&#8243;] [follow style=&#8221;small&#8221; align=&#8221;right&#8221; scale=&#8221;166&#8243; linkedin=&#8221;https:\/\/www.linkedin.com\/in\/zs%C3%B3fia-m%C3%A1ty%C3%A1s-233006188\/&#8221;] [\/col] [col span=&#8221;8&#8243; span__sm=&#8221;12&#8243; padding=&#8221;0px 0px 0px 0px&#8221;] Dr. Zs\u00f3fia M\u00e1ty\u00e1s JUNIOR ASSOCIATE She graduated from P\u00e1zm\u00e1ny P\u00e9ter Catholic University in the summer of 2019. She has been supporting the work of the lawyers as a junior associate since January 2020. [&hellip;]<\/p>\n","protected":false},"author":20,"featured_media":3866,"parent":3205,"menu_order":0,"comment_status":"closed","ping_status":"closed","template":"page-blank.php","meta":[],"yoast_head":"<!-- This site is optimized with the Yoast SEO plugin v18.4.1 - https:\/\/yoast.com\/wordpress\/plugins\/seo\/ -->\n<title>Dr. Zs\u00f3fia M\u00e1ty\u00e1s - BITAI &amp; Partners DEV<\/title>\n<meta name=\"robots\" content=\"noindex, follow, max-snippet:-1, max-image-preview:large, max-video-preview:-1\" \/>\n<meta property=\"og:locale\" content=\"en_US\" \/>\n<meta property=\"og:type\" content=\"article\" \/>\n<meta property=\"og:title\" content=\"Dr. Zs\u00f3fia M\u00e1ty\u00e1s - BITAI &amp; Partners DEV\" \/>\n<meta property=\"og:description\" content=\"[section padding=&#8221;0px&#8221; class=&#8221;munkatars-bemutatkozas&#8221;] [row] [col span=&#8221;4&#8243; span__sm=&#8221;12&#8243;] [ux_image id=&#8221;3866&#8243;] [follow style=&#8221;small&#8221; align=&#8221;right&#8221; scale=&#8221;166&#8243; linkedin=&#8221;https:\/\/www.linkedin.com\/in\/zs%C3%B3fia-m%C3%A1ty%C3%A1s-233006188\/&#8221;] [\/col] [col span=&#8221;8&#8243; span__sm=&#8221;12&#8243; padding=&#8221;0px 0px 0px 0px&#8221;] Dr. Zs\u00f3fia M\u00e1ty\u00e1s JUNIOR ASSOCIATE She graduated from P\u00e1zm\u00e1ny P\u00e9ter Catholic University in the summer of 2019. She has been supporting the work of the lawyers as a junior associate since January 2020. [&hellip;]\" \/>\n<meta property=\"og:url\" content=\"https:\/\/dev.bitaipartners.com\/en\/our-team\/dr-zsofia-matyas\/\" \/>\n<meta property=\"og:site_name\" content=\"BITAI &amp; Partners DEV\" \/>\n<meta property=\"article:publisher\" content=\"https:\/\/www.facebook.com\/bitaiandpartners\/\" \/>\n<meta property=\"article:modified_time\" content=\"2021-03-05T15:29:41+00:00\" \/>\n<meta property=\"og:image\" content=\"https:\/\/dev.bitaipartners.com\/wp-content\/uploads\/2020\/12\/dr-matyas-zsofia.jpg\" \/>\n\t<meta property=\"og:image:width\" content=\"585\" \/>\n\t<meta property=\"og:image:height\" content=\"880\" \/>\n\t<meta property=\"og:image:type\" content=\"image\/jpeg\" \/>\n<meta name=\"twitter:card\" content=\"summary_large_image\" \/>\n<meta name=\"twitter:label1\" content=\"Est. reading time\" \/>\n\t<meta name=\"twitter:data1\" content=\"1 minute\" \/>\n<script type=\"application\/ld+json\" class=\"yoast-schema-graph\">{\"@context\":\"https:\/\/schema.org\",\"@graph\":[{\"@type\":\"Organization\",\"@id\":\"https:\/\/dev.bitaipartners.com\/#organization\",\"name\":\"BITAI & Partners\",\"url\":\"https:\/\/dev.bitaipartners.com\/\",\"sameAs\":[\"https:\/\/www.facebook.com\/bitaiandpartners\/\",\"http:\/\/www.linkedin.com\/company\/bitai-legal-attorneys-at-law\/\"],\"logo\":{\"@type\":\"ImageObject\",\"@id\":\"https:\/\/dev.bitaipartners.com\/#logo\",\"inLanguage\":\"en-US\",\"url\":\"https:\/\/i0.wp.com\/bitaipartners.com\/wp-content\/uploads\/2019\/07\/logo-Collegium-Bitai-Partners-WITH-TEXT.png?fit=1000%2C387&ssl=1\",\"contentUrl\":\"https:\/\/i0.wp.com\/bitaipartners.com\/wp-content\/uploads\/2019\/07\/logo-Collegium-Bitai-Partners-WITH-TEXT.png?fit=1000%2C387&ssl=1\",\"width\":1000,\"height\":387,\"caption\":\"BITAI & Partners\"},\"image\":{\"@id\":\"https:\/\/dev.bitaipartners.com\/#logo\"}},{\"@type\":\"WebSite\",\"@id\":\"https:\/\/dev.bitaipartners.com\/#website\",\"url\":\"https:\/\/dev.bitaipartners.com\/\",\"name\":\"BITAI &amp; Partners DEV\",\"description\":\"Senkit nem \u00e9rdekel, hogy mit nem lehet - sokkal ink\u00e1bb az, hogyan lehet, de jogszer\u0171en.\",\"publisher\":{\"@id\":\"https:\/\/dev.bitaipartners.com\/#organization\"},\"potentialAction\":[{\"@type\":\"SearchAction\",\"target\":{\"@type\":\"EntryPoint\",\"urlTemplate\":\"https:\/\/dev.bitaipartners.com\/?s={search_term_string}\"},\"query-input\":\"required name=search_term_string\"}],\"inLanguage\":\"en-US\"},{\"@type\":\"ImageObject\",\"@id\":\"https:\/\/dev.bitaipartners.com\/en\/our-team\/dr-zsofia-matyas\/#primaryimage\",\"inLanguage\":\"en-US\",\"url\":\"https:\/\/dev.bitaipartners.com\/wp-content\/uploads\/2020\/12\/dr-matyas-zsofia.jpg\",\"contentUrl\":\"https:\/\/dev.bitaipartners.com\/wp-content\/uploads\/2020\/12\/dr-matyas-zsofia.jpg\",\"width\":585,\"height\":880,\"caption\":\"Dr. Zs\u00f3fia M\u00e1ty\u00e1s\"},{\"@type\":\"WebPage\",\"@id\":\"https:\/\/dev.bitaipartners.com\/en\/our-team\/dr-zsofia-matyas\/#webpage\",\"url\":\"https:\/\/dev.bitaipartners.com\/en\/our-team\/dr-zsofia-matyas\/\",\"name\":\"Dr. Zs\u00f3fia M\u00e1ty\u00e1s - BITAI &amp; Partners DEV\",\"isPartOf\":{\"@id\":\"https:\/\/dev.bitaipartners.com\/#website\"},\"primaryImageOfPage\":{\"@id\":\"https:\/\/dev.bitaipartners.com\/en\/our-team\/dr-zsofia-matyas\/#primaryimage\"},\"datePublished\":\"2020-12-23T14:58:30+00:00\",\"dateModified\":\"2021-03-05T15:29:41+00:00\",\"breadcrumb\":{\"@id\":\"https:\/\/dev.bitaipartners.com\/en\/our-team\/dr-zsofia-matyas\/#breadcrumb\"},\"inLanguage\":\"en-US\",\"potentialAction\":[{\"@type\":\"ReadAction\",\"target\":[\"https:\/\/dev.bitaipartners.com\/en\/our-team\/dr-zsofia-matyas\/\"]}]},{\"@type\":\"BreadcrumbList\",\"@id\":\"https:\/\/dev.bitaipartners.com\/en\/our-team\/dr-zsofia-matyas\/#breadcrumb\",\"itemListElement\":[{\"@type\":\"ListItem\",\"position\":1,\"name\":\"Home\",\"item\":\"https:\/\/dev.bitaipartners.com\/en\/\"},{\"@type\":\"ListItem\",\"position\":2,\"name\":\"Our Team\",\"item\":\"https:\/\/dev.bitaipartners.com\/en\/our-team\/\"},{\"@type\":\"ListItem\",\"position\":3,\"name\":\"Dr. Zs\u00f3fia M\u00e1ty\u00e1s\"}]}]}<\/script>\n<!-- \/ Yoast SEO plugin. -->","yoast_head_json":{"title":"Dr. Zs\u00f3fia M\u00e1ty\u00e1s - BITAI &amp; Partners DEV","robots":{"index":"noindex","follow":"follow","max-snippet":"max-snippet:-1","max-image-preview":"max-image-preview:large","max-video-preview":"max-video-preview:-1"},"og_locale":"en_US","og_type":"article","og_title":"Dr. Zs\u00f3fia M\u00e1ty\u00e1s - BITAI &amp; Partners DEV","og_description":"[section padding=&#8221;0px&#8221; class=&#8221;munkatars-bemutatkozas&#8221;] [row] [col span=&#8221;4&#8243; span__sm=&#8221;12&#8243;] [ux_image id=&#8221;3866&#8243;] [follow style=&#8221;small&#8221; align=&#8221;right&#8221; scale=&#8221;166&#8243; linkedin=&#8221;https:\/\/www.linkedin.com\/in\/zs%C3%B3fia-m%C3%A1ty%C3%A1s-233006188\/&#8221;] [\/col] [col span=&#8221;8&#8243; span__sm=&#8221;12&#8243; padding=&#8221;0px 0px 0px 0px&#8221;] Dr. Zs\u00f3fia M\u00e1ty\u00e1s JUNIOR ASSOCIATE She graduated from P\u00e1zm\u00e1ny P\u00e9ter Catholic University in the summer of 2019. She has been supporting the work of the lawyers as a junior associate since January 2020. [&hellip;]","og_url":"https:\/\/dev.bitaipartners.com\/en\/our-team\/dr-zsofia-matyas\/","og_site_name":"BITAI &amp; Partners DEV","article_publisher":"https:\/\/www.facebook.com\/bitaiandpartners\/","article_modified_time":"2021-03-05T15:29:41+00:00","og_image":[{"width":585,"height":880,"url":"https:\/\/dev.bitaipartners.com\/wp-content\/uploads\/2020\/12\/dr-matyas-zsofia.jpg","type":"image\/jpeg"}],"twitter_card":"summary_large_image","twitter_misc":{"Est. reading time":"1 minute"},"schema":{"@context":"https:\/\/schema.org","@graph":[{"@type":"Organization","@id":"https:\/\/dev.bitaipartners.com\/#organization","name":"BITAI & Partners","url":"https:\/\/dev.bitaipartners.com\/","sameAs":["https:\/\/www.facebook.com\/bitaiandpartners\/","http:\/\/www.linkedin.com\/company\/bitai-legal-attorneys-at-law\/"],"logo":{"@type":"ImageObject","@id":"https:\/\/dev.bitaipartners.com\/#logo","inLanguage":"en-US","url":"https:\/\/i0.wp.com\/bitaipartners.com\/wp-content\/uploads\/2019\/07\/logo-Collegium-Bitai-Partners-WITH-TEXT.png?fit=1000%2C387&ssl=1","contentUrl":"https:\/\/i0.wp.com\/bitaipartners.com\/wp-content\/uploads\/2019\/07\/logo-Collegium-Bitai-Partners-WITH-TEXT.png?fit=1000%2C387&ssl=1","width":1000,"height":387,"caption":"BITAI & Partners"},"image":{"@id":"https:\/\/dev.bitaipartners.com\/#logo"}},{"@type":"WebSite","@id":"https:\/\/dev.bitaipartners.com\/#website","url":"https:\/\/dev.bitaipartners.com\/","name":"BITAI &amp; Partners DEV","description":"Senkit nem \u00e9rdekel, hogy mit nem lehet - sokkal ink\u00e1bb az, hogyan lehet, de jogszer\u0171en.","publisher":{"@id":"https:\/\/dev.bitaipartners.com\/#organization"},"potentialAction":[{"@type":"SearchAction","target":{"@type":"EntryPoint","urlTemplate":"https:\/\/dev.bitaipartners.com\/?s={search_term_string}"},"query-input":"required name=search_term_string"}],"inLanguage":"en-US"},{"@type":"ImageObject","@id":"https:\/\/dev.bitaipartners.com\/en\/our-team\/dr-zsofia-matyas\/#primaryimage","inLanguage":"en-US","url":"https:\/\/dev.bitaipartners.com\/wp-content\/uploads\/2020\/12\/dr-matyas-zsofia.jpg","contentUrl":"https:\/\/dev.bitaipartners.com\/wp-content\/uploads\/2020\/12\/dr-matyas-zsofia.jpg","width":585,"height":880,"caption":"Dr. Zs\u00f3fia M\u00e1ty\u00e1s"},{"@type":"WebPage","@id":"https:\/\/dev.bitaipartners.com\/en\/our-team\/dr-zsofia-matyas\/#webpage","url":"https:\/\/dev.bitaipartners.com\/en\/our-team\/dr-zsofia-matyas\/","name":"Dr. Zs\u00f3fia M\u00e1ty\u00e1s - BITAI &amp; Partners DEV","isPartOf":{"@id":"https:\/\/dev.bitaipartners.com\/#website"},"primaryImageOfPage":{"@id":"https:\/\/dev.bitaipartners.com\/en\/our-team\/dr-zsofia-matyas\/#primaryimage"},"datePublished":"2020-12-23T14:58:30+00:00","dateModified":"2021-03-05T15:29:41+00:00","breadcrumb":{"@id":"https:\/\/dev.bitaipartners.com\/en\/our-team\/dr-zsofia-matyas\/#breadcrumb"},"inLanguage":"en-US","potentialAction":[{"@type":"ReadAction","target":["https:\/\/dev.bitaipartners.com\/en\/our-team\/dr-zsofia-matyas\/"]}]},{"@type":"BreadcrumbList","@id":"https:\/\/dev.bitaipartners.com\/en\/our-team\/dr-zsofia-matyas\/#breadcrumb","itemListElement":[{"@type":"ListItem","position":1,"name":"Home","item":"https:\/\/dev.bitaipartners.com\/en\/"},{"@type":"ListItem","position":2,"name":"Our Team","item":"https:\/\/dev.bitaipartners.com\/en\/our-team\/"},{"@type":"ListItem","position":3,"name":"Dr. Zs\u00f3fia M\u00e1ty\u00e1s"}]}]}},"_links":{"self":[{"href":"https:\/\/dev.bitaipartners.com\/en\/wp-json\/wp\/v2\/pages\/3868"}],"collection":[{"href":"https:\/\/dev.bitaipartners.com\/en\/wp-json\/wp\/v2\/pages"}],"about":[{"href":"https:\/\/dev.bitaipartners.com\/en\/wp-json\/wp\/v2\/types\/page"}],"author":[{"embeddable":true,"href":"https:\/\/dev.bitaipartners.com\/en\/wp-json\/wp\/v2\/users\/20"}],"replies":[{"embeddable":true,"href":"https:\/\/dev.bitaipartners.com\/en\/wp-json\/wp\/v2\/comments?post=3868"}],"version-history":[{"count":6,"href":"https:\/\/dev.bitaipartners.com\/en\/wp-json\/wp\/v2\/pages\/3868\/revisions"}],"predecessor-version":[{"id":4101,"href":"https:\/\/dev.bitaipartners.com\/en\/wp-json\/wp\/v2\/pages\/3868\/revisions\/4101"}],"up":[{"embeddable":true,"href":"https:\/\/dev.bitaipartners.com\/en\/wp-json\/wp\/v2\/pages\/3205"}],"wp:featuredmedia":[{"embeddable":true,"href":"https:\/\/dev.bitaipartners.com\/en\/wp-json\/wp\/v2\/media\/3866"}],"wp:attachment":[{"href":"https:\/\/dev.bitaipartners.com\/en\/wp-json\/wp\/v2\/media?parent=3868"}],"curies":[{"name":"wp","href":"https:\/\/api.w.org\/{rel}","templated":true}]}}