{"id":3804,"date":"2020-08-05T15:51:03","date_gmt":"2020-08-05T13:51:03","guid":{"rendered":"http:\/\/dev.bitaipartners.com\/?page_id=3804"},"modified":"2020-08-05T16:13:24","modified_gmt":"2020-08-05T14:13:24","slug":"intellectual-property","status":"publish","type":"page","link":"https:\/\/dev.bitaipartners.com\/en\/law-services\/intellectual-property\/","title":{"rendered":"Intellectual property"},"content":{"rendered":"<h1>Intellectual property<\/h1>\n<h2>Our Services<\/h2>\n<ul class=\"szolgaltatasaink\">\n<li>Providing legal services in\u00a0the\u00a0field of\u00a0copyright law, trademarks, patents, industrial and\u00a0utility models, domain names etc.<\/li>\n<li>Support in negotiations on possible disputes and\/or intellectual property acquisitions<\/li>\n<li>Drafting and reviewing transfer and\/or license contracts<\/li>\n<li>Representation of the clients at litigation<\/li>\n<li>Representing clients in proceedings before the Industrial Property Office, the World Intellectual Property Organisation (WIPO) and the Office for Harmonization in the Internal Market (OHIM)<\/li>\n<li>Ensuring registration of\u00a0industrial rights on\u00a0both national and\u00a0international \/ EU levels<\/li>\n<li>Providing \u00a0clients with legal services for\u00a0the\u00a0protection of intellectual property rights in\u00a0court proceedings<\/li>\n<li>Broad experience in the field of IT law, in particular in the field of mobile applications, software development and implementation<\/li>\n<\/ul>\n<h2>References<\/h2>\n<ul class=\"referenciaink\">\n<li>Representation of several celebrities regarding their IP rights<\/li>\n<li>Registration and representation in several patent, trademark and domain issues<\/li>\n<li>Drafting and reviewing numerous IP related contracts<\/li>\n<li>Advising clients in several product launch and TM registration issues<\/li>\n<li>Representing a multinational toy producer company against a software development company regarding an application development running on social media platforms \u2013 settlement was reached<\/li>\n<li>Analysis of software licensing for a safety counselling company<\/li>\n<li>Drafting software licence agreements for multinational toy producer company<\/li>\n<\/ul>\n","protected":false},"excerpt":{"rendered":"<p>Intellectual property Our Services Providing legal services in\u00a0the\u00a0field of\u00a0copyright law, trademarks, patents, industrial and\u00a0utility models, domain names etc. Support in negotiations on possible disputes and\/or intellectual property acquisitions Drafting and reviewing transfer and\/or license contracts Representation of the clients at litigation Representing clients in proceedings before the Industrial Property Office, the World Intellectual Property Organisation [&hellip;]<\/p>\n","protected":false},"author":20,"featured_media":0,"parent":1146,"menu_order":0,"comment_status":"closed","ping_status":"closed","template":"","meta":[],"yoast_head":"<!-- This site is optimized with the Yoast SEO plugin v18.4.1 - https:\/\/yoast.com\/wordpress\/plugins\/seo\/ -->\n<title>Intellectual property - BITAI &amp; Partners DEV<\/title>\n<meta name=\"robots\" content=\"noindex, follow, max-snippet:-1, max-image-preview:large, max-video-preview:-1\" \/>\n<meta property=\"og:locale\" content=\"en_US\" \/>\n<meta property=\"og:type\" content=\"article\" \/>\n<meta property=\"og:title\" content=\"Intellectual property - BITAI &amp; Partners DEV\" \/>\n<meta property=\"og:description\" content=\"Intellectual property Our Services Providing legal services in\u00a0the\u00a0field of\u00a0copyright law, trademarks, patents, industrial and\u00a0utility models, domain names etc. Support in negotiations on possible disputes and\/or intellectual property acquisitions Drafting and reviewing transfer and\/or license contracts Representation of the clients at litigation Representing clients in proceedings before the Industrial Property Office, the World Intellectual Property Organisation [&hellip;]\" \/>\n<meta property=\"og:url\" content=\"https:\/\/dev.bitaipartners.com\/en\/law-services\/intellectual-property\/\" \/>\n<meta property=\"og:site_name\" content=\"BITAI &amp; Partners DEV\" \/>\n<meta property=\"article:publisher\" content=\"https:\/\/www.facebook.com\/bitaiandpartners\/\" \/>\n<meta property=\"article:modified_time\" content=\"2020-08-05T14:13:24+00:00\" \/>\n<meta name=\"twitter:card\" content=\"summary_large_image\" \/>\n<meta name=\"twitter:label1\" content=\"Est. reading time\" \/>\n\t<meta name=\"twitter:data1\" content=\"1 minute\" \/>\n<script type=\"application\/ld+json\" class=\"yoast-schema-graph\">{\"@context\":\"https:\/\/schema.org\",\"@graph\":[{\"@type\":\"Organization\",\"@id\":\"https:\/\/dev.bitaipartners.com\/#organization\",\"name\":\"BITAI & Partners\",\"url\":\"https:\/\/dev.bitaipartners.com\/\",\"sameAs\":[\"https:\/\/www.facebook.com\/bitaiandpartners\/\",\"http:\/\/www.linkedin.com\/company\/bitai-legal-attorneys-at-law\/\"],\"logo\":{\"@type\":\"ImageObject\",\"@id\":\"https:\/\/dev.bitaipartners.com\/#logo\",\"inLanguage\":\"en-US\",\"url\":\"https:\/\/i0.wp.com\/bitaipartners.com\/wp-content\/uploads\/2019\/07\/logo-Collegium-Bitai-Partners-WITH-TEXT.png?fit=1000%2C387&ssl=1\",\"contentUrl\":\"https:\/\/i0.wp.com\/bitaipartners.com\/wp-content\/uploads\/2019\/07\/logo-Collegium-Bitai-Partners-WITH-TEXT.png?fit=1000%2C387&ssl=1\",\"width\":1000,\"height\":387,\"caption\":\"BITAI & Partners\"},\"image\":{\"@id\":\"https:\/\/dev.bitaipartners.com\/#logo\"}},{\"@type\":\"WebSite\",\"@id\":\"https:\/\/dev.bitaipartners.com\/#website\",\"url\":\"https:\/\/dev.bitaipartners.com\/\",\"name\":\"BITAI &amp; Partners DEV\",\"description\":\"Senkit nem \u00e9rdekel, hogy mit nem lehet - sokkal ink\u00e1bb az, hogyan lehet, de jogszer\u0171en.\",\"publisher\":{\"@id\":\"https:\/\/dev.bitaipartners.com\/#organization\"},\"potentialAction\":[{\"@type\":\"SearchAction\",\"target\":{\"@type\":\"EntryPoint\",\"urlTemplate\":\"https:\/\/dev.bitaipartners.com\/?s={search_term_string}\"},\"query-input\":\"required name=search_term_string\"}],\"inLanguage\":\"en-US\"},{\"@type\":\"WebPage\",\"@id\":\"https:\/\/dev.bitaipartners.com\/en\/law-services\/intellectual-property\/#webpage\",\"url\":\"https:\/\/dev.bitaipartners.com\/en\/law-services\/intellectual-property\/\",\"name\":\"Intellectual property - BITAI &amp; Partners DEV\",\"isPartOf\":{\"@id\":\"https:\/\/dev.bitaipartners.com\/#website\"},\"datePublished\":\"2020-08-05T13:51:03+00:00\",\"dateModified\":\"2020-08-05T14:13:24+00:00\",\"breadcrumb\":{\"@id\":\"https:\/\/dev.bitaipartners.com\/en\/law-services\/intellectual-property\/#breadcrumb\"},\"inLanguage\":\"en-US\",\"potentialAction\":[{\"@type\":\"ReadAction\",\"target\":[\"https:\/\/dev.bitaipartners.com\/en\/law-services\/intellectual-property\/\"]}]},{\"@type\":\"BreadcrumbList\",\"@id\":\"https:\/\/dev.bitaipartners.com\/en\/law-services\/intellectual-property\/#breadcrumb\",\"itemListElement\":[{\"@type\":\"ListItem\",\"position\":1,\"name\":\"Home\",\"item\":\"https:\/\/dev.bitaipartners.com\/en\/\"},{\"@type\":\"ListItem\",\"position\":2,\"name\":\"Law Services\",\"item\":\"https:\/\/dev.bitaipartners.com\/en\/law-services\/\"},{\"@type\":\"ListItem\",\"position\":3,\"name\":\"Intellectual property\"}]}]}<\/script>\n<!-- \/ Yoast SEO plugin. -->","yoast_head_json":{"title":"Intellectual property - BITAI &amp; Partners DEV","robots":{"index":"noindex","follow":"follow","max-snippet":"max-snippet:-1","max-image-preview":"max-image-preview:large","max-video-preview":"max-video-preview:-1"},"og_locale":"en_US","og_type":"article","og_title":"Intellectual property - BITAI &amp; Partners DEV","og_description":"Intellectual property Our Services Providing legal services in\u00a0the\u00a0field of\u00a0copyright law, trademarks, patents, industrial and\u00a0utility models, domain names etc. Support in negotiations on possible disputes and\/or intellectual property acquisitions Drafting and reviewing transfer and\/or license contracts Representation of the clients at litigation Representing clients in proceedings before the Industrial Property Office, the World Intellectual Property Organisation [&hellip;]","og_url":"https:\/\/dev.bitaipartners.com\/en\/law-services\/intellectual-property\/","og_site_name":"BITAI &amp; Partners DEV","article_publisher":"https:\/\/www.facebook.com\/bitaiandpartners\/","article_modified_time":"2020-08-05T14:13:24+00:00","twitter_card":"summary_large_image","twitter_misc":{"Est. reading time":"1 minute"},"schema":{"@context":"https:\/\/schema.org","@graph":[{"@type":"Organization","@id":"https:\/\/dev.bitaipartners.com\/#organization","name":"BITAI & Partners","url":"https:\/\/dev.bitaipartners.com\/","sameAs":["https:\/\/www.facebook.com\/bitaiandpartners\/","http:\/\/www.linkedin.com\/company\/bitai-legal-attorneys-at-law\/"],"logo":{"@type":"ImageObject","@id":"https:\/\/dev.bitaipartners.com\/#logo","inLanguage":"en-US","url":"https:\/\/i0.wp.com\/bitaipartners.com\/wp-content\/uploads\/2019\/07\/logo-Collegium-Bitai-Partners-WITH-TEXT.png?fit=1000%2C387&ssl=1","contentUrl":"https:\/\/i0.wp.com\/bitaipartners.com\/wp-content\/uploads\/2019\/07\/logo-Collegium-Bitai-Partners-WITH-TEXT.png?fit=1000%2C387&ssl=1","width":1000,"height":387,"caption":"BITAI & Partners"},"image":{"@id":"https:\/\/dev.bitaipartners.com\/#logo"}},{"@type":"WebSite","@id":"https:\/\/dev.bitaipartners.com\/#website","url":"https:\/\/dev.bitaipartners.com\/","name":"BITAI &amp; Partners DEV","description":"Senkit nem \u00e9rdekel, hogy mit nem lehet - sokkal ink\u00e1bb az, hogyan lehet, de jogszer\u0171en.","publisher":{"@id":"https:\/\/dev.bitaipartners.com\/#organization"},"potentialAction":[{"@type":"SearchAction","target":{"@type":"EntryPoint","urlTemplate":"https:\/\/dev.bitaipartners.com\/?s={search_term_string}"},"query-input":"required name=search_term_string"}],"inLanguage":"en-US"},{"@type":"WebPage","@id":"https:\/\/dev.bitaipartners.com\/en\/law-services\/intellectual-property\/#webpage","url":"https:\/\/dev.bitaipartners.com\/en\/law-services\/intellectual-property\/","name":"Intellectual property - BITAI &amp; Partners DEV","isPartOf":{"@id":"https:\/\/dev.bitaipartners.com\/#website"},"datePublished":"2020-08-05T13:51:03+00:00","dateModified":"2020-08-05T14:13:24+00:00","breadcrumb":{"@id":"https:\/\/dev.bitaipartners.com\/en\/law-services\/intellectual-property\/#breadcrumb"},"inLanguage":"en-US","potentialAction":[{"@type":"ReadAction","target":["https:\/\/dev.bitaipartners.com\/en\/law-services\/intellectual-property\/"]}]},{"@type":"BreadcrumbList","@id":"https:\/\/dev.bitaipartners.com\/en\/law-services\/intellectual-property\/#breadcrumb","itemListElement":[{"@type":"ListItem","position":1,"name":"Home","item":"https:\/\/dev.bitaipartners.com\/en\/"},{"@type":"ListItem","position":2,"name":"Law Services","item":"https:\/\/dev.bitaipartners.com\/en\/law-services\/"},{"@type":"ListItem","position":3,"name":"Intellectual property"}]}]}},"_links":{"self":[{"href":"https:\/\/dev.bitaipartners.com\/en\/wp-json\/wp\/v2\/pages\/3804"}],"collection":[{"href":"https:\/\/dev.bitaipartners.com\/en\/wp-json\/wp\/v2\/pages"}],"about":[{"href":"https:\/\/dev.bitaipartners.com\/en\/wp-json\/wp\/v2\/types\/page"}],"author":[{"embeddable":true,"href":"https:\/\/dev.bitaipartners.com\/en\/wp-json\/wp\/v2\/users\/20"}],"replies":[{"embeddable":true,"href":"https:\/\/dev.bitaipartners.com\/en\/wp-json\/wp\/v2\/comments?post=3804"}],"version-history":[{"count":2,"href":"https:\/\/dev.bitaipartners.com\/en\/wp-json\/wp\/v2\/pages\/3804\/revisions"}],"predecessor-version":[{"id":3806,"href":"https:\/\/dev.bitaipartners.com\/en\/wp-json\/wp\/v2\/pages\/3804\/revisions\/3806"}],"up":[{"embeddable":true,"href":"https:\/\/dev.bitaipartners.com\/en\/wp-json\/wp\/v2\/pages\/1146"}],"wp:attachment":[{"href":"https:\/\/dev.bitaipartners.com\/en\/wp-json\/wp\/v2\/media?parent=3804"}],"curies":[{"name":"wp","href":"https:\/\/api.w.org\/{rel}","templated":true}]}}