{"id":3660,"date":"2015-06-24T07:27:27","date_gmt":"2015-06-24T05:27:27","guid":{"rendered":"http:\/\/dev.bitaipartners.com\/munkajog\/"},"modified":"2020-04-28T10:45:31","modified_gmt":"2020-04-28T08:45:31","slug":"labour-law","status":"publish","type":"page","link":"https:\/\/dev.bitaipartners.com\/en\/law-services\/labour-law\/","title":{"rendered":"Labour Law"},"content":{"rendered":"<h1>Labour Law<\/h1>\n<p>For a company which is active from a business point of view, either it is a small or a large enterprise, one of the most important areas of law in relation to the day-to-day operation is Labour Law, as it regulates the rights and obligations between the company and its employees.<\/p>\n<p>A high level of legal support has is of grave importance at the establishment, during and, where appropriate, at the end of the employment relationship.<\/p>\n<p>We provide legal services to our clients in the field of Labour Law in a wide scale of activities.<\/p>\n<h2>Our services<\/h2>\n<ul class=\"szolgaltatasaink\">\n<li>Drafting employment contract templates<\/li>\n<li>Termination of the employment, negotiation support<\/li>\n<li>Support in the daily operation of the company<\/li>\n<li>Labour law review and update on the existing documents<\/li>\n<li>Risk assessment<\/li>\n<li>Representation in lawsuits, trials<\/li>\n<li>Dispute resolution consultancy<\/li>\n<li>ADR, mediation<\/li>\n<li>Cooperation in labour safety issues<\/li>\n<li>Safety first compliance<\/li>\n<\/ul>\n<h2>References<\/h2>\n<ul class=\"referenciaink\">\n<li>Supporting American owned multinational toy-manufacturer company with labour law consultancy &#8211; establishing, modifying, terminating employment contracts<\/li>\n<li>Supporting American owned edible oil producer company with labour law consultancy &#8211; establishing, modifying, terminating employment contracts, safety first compliance, lawsuits, support of factories<\/li>\n<li>Supporting Dutch owned multinational personal and health care products producer company with labour law consultancy &#8211; establishing, modifying, terminating employment contracts, safety first compliance, lawsuits, support of factories<\/li>\n<li>Supporting Portuguese owned construction company with labour law consultancy \u2013 establishing, modifying, terminating employment contracts; representation in collective redundancy procedure<\/li>\n<li>Supporting Japanese owned manufacturer company with labour law consultancy &#8211; establishing, modifying, terminating employment contracts; representation in procedures for claim collection, enforcement against employees<\/li>\n<li>Supporting Irish owned multinational recruitment company with labour law consultancy &#8211; establishing, modifying, terminating employment contracts; consultancy related to employment of persons from third countries with work permit<\/li>\n<li>Supporting Korean owned construction company with labor law consultancy \u2013 establishing, modifying, terminating employment contracts, support of factories<\/li>\n<li>Drafting and reviewing internal policies upon the request of the client \u2013 code of conduct, occupational safety and health (OSH), etc.<\/li>\n<\/ul>\n","protected":false},"excerpt":{"rendered":"<p>Labour Law For a company which is active from a business point of view, either it is a small or a large enterprise, one of the most important areas of law in relation to the day-to-day operation is Labour Law, as it regulates the rights and obligations between the company and its employees. A high [&hellip;]<\/p>\n","protected":false},"author":23,"featured_media":0,"parent":1146,"menu_order":0,"comment_status":"closed","ping_status":"closed","template":"","meta":[],"yoast_head":"<!-- This site is optimized with the Yoast SEO plugin v18.4.1 - https:\/\/yoast.com\/wordpress\/plugins\/seo\/ -->\n<title>Labour Law - BITAI &amp; Partners DEV<\/title>\n<meta name=\"robots\" content=\"noindex, follow, max-snippet:-1, max-image-preview:large, max-video-preview:-1\" \/>\n<meta property=\"og:locale\" content=\"en_US\" \/>\n<meta property=\"og:type\" content=\"article\" \/>\n<meta property=\"og:title\" content=\"Labour Law - BITAI &amp; Partners DEV\" \/>\n<meta property=\"og:description\" content=\"Labour Law For a company which is active from a business point of view, either it is a small or a large enterprise, one of the most important areas of law in relation to the day-to-day operation is Labour Law, as it regulates the rights and obligations between the company and its employees. A high [&hellip;]\" \/>\n<meta property=\"og:url\" content=\"https:\/\/dev.bitaipartners.com\/en\/law-services\/labour-law\/\" \/>\n<meta property=\"og:site_name\" content=\"BITAI &amp; Partners DEV\" \/>\n<meta property=\"article:publisher\" content=\"https:\/\/www.facebook.com\/bitaiandpartners\/\" \/>\n<meta property=\"article:modified_time\" content=\"2020-04-28T08:45:31+00:00\" \/>\n<meta name=\"twitter:card\" content=\"summary_large_image\" \/>\n<meta name=\"twitter:label1\" content=\"Est. reading time\" \/>\n\t<meta name=\"twitter:data1\" content=\"2 minutes\" \/>\n<script type=\"application\/ld+json\" class=\"yoast-schema-graph\">{\"@context\":\"https:\/\/schema.org\",\"@graph\":[{\"@type\":\"Organization\",\"@id\":\"https:\/\/dev.bitaipartners.com\/#organization\",\"name\":\"BITAI & Partners\",\"url\":\"https:\/\/dev.bitaipartners.com\/\",\"sameAs\":[\"https:\/\/www.facebook.com\/bitaiandpartners\/\",\"http:\/\/www.linkedin.com\/company\/bitai-legal-attorneys-at-law\/\"],\"logo\":{\"@type\":\"ImageObject\",\"@id\":\"https:\/\/dev.bitaipartners.com\/#logo\",\"inLanguage\":\"en-US\",\"url\":\"https:\/\/i0.wp.com\/bitaipartners.com\/wp-content\/uploads\/2019\/07\/logo-Collegium-Bitai-Partners-WITH-TEXT.png?fit=1000%2C387&ssl=1\",\"contentUrl\":\"https:\/\/i0.wp.com\/bitaipartners.com\/wp-content\/uploads\/2019\/07\/logo-Collegium-Bitai-Partners-WITH-TEXT.png?fit=1000%2C387&ssl=1\",\"width\":1000,\"height\":387,\"caption\":\"BITAI & Partners\"},\"image\":{\"@id\":\"https:\/\/dev.bitaipartners.com\/#logo\"}},{\"@type\":\"WebSite\",\"@id\":\"https:\/\/dev.bitaipartners.com\/#website\",\"url\":\"https:\/\/dev.bitaipartners.com\/\",\"name\":\"BITAI &amp; Partners DEV\",\"description\":\"Senkit nem \u00e9rdekel, hogy mit nem lehet - sokkal ink\u00e1bb az, hogyan lehet, de jogszer\u0171en.\",\"publisher\":{\"@id\":\"https:\/\/dev.bitaipartners.com\/#organization\"},\"potentialAction\":[{\"@type\":\"SearchAction\",\"target\":{\"@type\":\"EntryPoint\",\"urlTemplate\":\"https:\/\/dev.bitaipartners.com\/?s={search_term_string}\"},\"query-input\":\"required name=search_term_string\"}],\"inLanguage\":\"en-US\"},{\"@type\":\"WebPage\",\"@id\":\"https:\/\/dev.bitaipartners.com\/en\/law-services\/labour-law\/#webpage\",\"url\":\"https:\/\/dev.bitaipartners.com\/en\/law-services\/labour-law\/\",\"name\":\"Labour Law - BITAI &amp; Partners DEV\",\"isPartOf\":{\"@id\":\"https:\/\/dev.bitaipartners.com\/#website\"},\"datePublished\":\"2015-06-24T05:27:27+00:00\",\"dateModified\":\"2020-04-28T08:45:31+00:00\",\"breadcrumb\":{\"@id\":\"https:\/\/dev.bitaipartners.com\/en\/law-services\/labour-law\/#breadcrumb\"},\"inLanguage\":\"en-US\",\"potentialAction\":[{\"@type\":\"ReadAction\",\"target\":[\"https:\/\/dev.bitaipartners.com\/en\/law-services\/labour-law\/\"]}]},{\"@type\":\"BreadcrumbList\",\"@id\":\"https:\/\/dev.bitaipartners.com\/en\/law-services\/labour-law\/#breadcrumb\",\"itemListElement\":[{\"@type\":\"ListItem\",\"position\":1,\"name\":\"Home\",\"item\":\"https:\/\/dev.bitaipartners.com\/en\/\"},{\"@type\":\"ListItem\",\"position\":2,\"name\":\"Law Services\",\"item\":\"https:\/\/dev.bitaipartners.com\/en\/law-services\/\"},{\"@type\":\"ListItem\",\"position\":3,\"name\":\"Labour Law\"}]}]}<\/script>\n<!-- \/ Yoast SEO plugin. -->","yoast_head_json":{"title":"Labour Law - BITAI &amp; Partners DEV","robots":{"index":"noindex","follow":"follow","max-snippet":"max-snippet:-1","max-image-preview":"max-image-preview:large","max-video-preview":"max-video-preview:-1"},"og_locale":"en_US","og_type":"article","og_title":"Labour Law - BITAI &amp; Partners DEV","og_description":"Labour Law For a company which is active from a business point of view, either it is a small or a large enterprise, one of the most important areas of law in relation to the day-to-day operation is Labour Law, as it regulates the rights and obligations between the company and its employees. A high [&hellip;]","og_url":"https:\/\/dev.bitaipartners.com\/en\/law-services\/labour-law\/","og_site_name":"BITAI &amp; Partners DEV","article_publisher":"https:\/\/www.facebook.com\/bitaiandpartners\/","article_modified_time":"2020-04-28T08:45:31+00:00","twitter_card":"summary_large_image","twitter_misc":{"Est. reading time":"2 minutes"},"schema":{"@context":"https:\/\/schema.org","@graph":[{"@type":"Organization","@id":"https:\/\/dev.bitaipartners.com\/#organization","name":"BITAI & Partners","url":"https:\/\/dev.bitaipartners.com\/","sameAs":["https:\/\/www.facebook.com\/bitaiandpartners\/","http:\/\/www.linkedin.com\/company\/bitai-legal-attorneys-at-law\/"],"logo":{"@type":"ImageObject","@id":"https:\/\/dev.bitaipartners.com\/#logo","inLanguage":"en-US","url":"https:\/\/i0.wp.com\/bitaipartners.com\/wp-content\/uploads\/2019\/07\/logo-Collegium-Bitai-Partners-WITH-TEXT.png?fit=1000%2C387&ssl=1","contentUrl":"https:\/\/i0.wp.com\/bitaipartners.com\/wp-content\/uploads\/2019\/07\/logo-Collegium-Bitai-Partners-WITH-TEXT.png?fit=1000%2C387&ssl=1","width":1000,"height":387,"caption":"BITAI & Partners"},"image":{"@id":"https:\/\/dev.bitaipartners.com\/#logo"}},{"@type":"WebSite","@id":"https:\/\/dev.bitaipartners.com\/#website","url":"https:\/\/dev.bitaipartners.com\/","name":"BITAI &amp; Partners DEV","description":"Senkit nem \u00e9rdekel, hogy mit nem lehet - sokkal ink\u00e1bb az, hogyan lehet, de jogszer\u0171en.","publisher":{"@id":"https:\/\/dev.bitaipartners.com\/#organization"},"potentialAction":[{"@type":"SearchAction","target":{"@type":"EntryPoint","urlTemplate":"https:\/\/dev.bitaipartners.com\/?s={search_term_string}"},"query-input":"required name=search_term_string"}],"inLanguage":"en-US"},{"@type":"WebPage","@id":"https:\/\/dev.bitaipartners.com\/en\/law-services\/labour-law\/#webpage","url":"https:\/\/dev.bitaipartners.com\/en\/law-services\/labour-law\/","name":"Labour Law - BITAI &amp; Partners DEV","isPartOf":{"@id":"https:\/\/dev.bitaipartners.com\/#website"},"datePublished":"2015-06-24T05:27:27+00:00","dateModified":"2020-04-28T08:45:31+00:00","breadcrumb":{"@id":"https:\/\/dev.bitaipartners.com\/en\/law-services\/labour-law\/#breadcrumb"},"inLanguage":"en-US","potentialAction":[{"@type":"ReadAction","target":["https:\/\/dev.bitaipartners.com\/en\/law-services\/labour-law\/"]}]},{"@type":"BreadcrumbList","@id":"https:\/\/dev.bitaipartners.com\/en\/law-services\/labour-law\/#breadcrumb","itemListElement":[{"@type":"ListItem","position":1,"name":"Home","item":"https:\/\/dev.bitaipartners.com\/en\/"},{"@type":"ListItem","position":2,"name":"Law Services","item":"https:\/\/dev.bitaipartners.com\/en\/law-services\/"},{"@type":"ListItem","position":3,"name":"Labour Law"}]}]}},"_links":{"self":[{"href":"https:\/\/dev.bitaipartners.com\/en\/wp-json\/wp\/v2\/pages\/3660"}],"collection":[{"href":"https:\/\/dev.bitaipartners.com\/en\/wp-json\/wp\/v2\/pages"}],"about":[{"href":"https:\/\/dev.bitaipartners.com\/en\/wp-json\/wp\/v2\/types\/page"}],"author":[{"embeddable":true,"href":"https:\/\/dev.bitaipartners.com\/en\/wp-json\/wp\/v2\/users\/23"}],"replies":[{"embeddable":true,"href":"https:\/\/dev.bitaipartners.com\/en\/wp-json\/wp\/v2\/comments?post=3660"}],"version-history":[{"count":12,"href":"https:\/\/dev.bitaipartners.com\/en\/wp-json\/wp\/v2\/pages\/3660\/revisions"}],"predecessor-version":[{"id":3728,"href":"https:\/\/dev.bitaipartners.com\/en\/wp-json\/wp\/v2\/pages\/3660\/revisions\/3728"}],"up":[{"embeddable":true,"href":"https:\/\/dev.bitaipartners.com\/en\/wp-json\/wp\/v2\/pages\/1146"}],"wp:attachment":[{"href":"https:\/\/dev.bitaipartners.com\/en\/wp-json\/wp\/v2\/media?parent=3660"}],"curies":[{"name":"wp","href":"https:\/\/api.w.org\/{rel}","templated":true}]}}