{"id":3456,"date":"2019-08-05T16:33:52","date_gmt":"2019-08-05T14:33:52","guid":{"rendered":"http:\/\/dev.bitaipartners.com\/career-opportunity\/"},"modified":"2019-08-12T15:54:48","modified_gmt":"2019-08-12T13:54:48","slug":"career-opportunity","status":"publish","type":"page","link":"https:\/\/dev.bitaipartners.com\/en\/career-opportunity\/","title":{"rendered":"Career opportunity"},"content":{"rendered":"<p>[section bg=&#8221;3440&#8243; bg_size=&#8221;original&#8221; bg_overlay=&#8221;rgba(37, 37, 37, 0.86)&#8221; bg_pos=&#8221;0% 29%&#8221; parallax=&#8221;10&#8243; dark=&#8221;true&#8221; padding=&#8221;35px&#8221;]<\/p>\n<p>[row]<\/p>\n<p>[col span=&#8221;6&#8243; span__sm=&#8221;12&#8243;]<\/p>\n<h1>Career opportunity<br \/> at <span style=\"color:white\">CLM Bitai &amp; Partners<\/span><br \/> Law Firm<\/h1>\n<p>It&#8217;s always our pleasure to meet people, whom we can even consider as a potential colleague!<br \/>\nSend your CV with photo to let us learn more about you and notify you if we can offer a relevant open position for you!<\/p>\n<p>[gap height=&#8221;35px&#8221;]<\/p>\n<p>[ux_image id=&#8221;3466&#8243; image_size=&#8221;original&#8221; lightbox=&#8221;true&#8221; image_overlay=&#8221;rgba(77, 77, 77, 0.15)&#8221; image_hover=&#8221;color&#8221;]<\/p>\n<p>[\/col]<br \/>\n[col span=&#8221;6&#8243; span__sm=&#8221;12&#8243;]<\/p>\n<div role=\"form\" class=\"wpcf7\" id=\"wpcf7-f3455-o1\" lang=\"en-EN\" dir=\"ltr\">\n<div class=\"screen-reader-response\"><p role=\"status\" aria-live=\"polite\" aria-atomic=\"true\"><\/p> <ul><\/ul><\/div>\n<form action=\"\/en\/wp-json\/wp\/v2\/pages\/3456#wpcf7-f3455-o1\" method=\"post\" class=\"wpcf7-form init\" enctype=\"multipart\/form-data\" novalidate=\"novalidate\" data-status=\"init\">\n<div style=\"display: none;\">\n<input type=\"hidden\" name=\"_wpcf7\" value=\"3455\" \/>\n<input type=\"hidden\" name=\"_wpcf7_version\" value=\"5.3.2\" \/>\n<input type=\"hidden\" name=\"_wpcf7_locale\" value=\"en_EN\" \/>\n<input type=\"hidden\" name=\"_wpcf7_unit_tag\" value=\"wpcf7-f3455-o1\" \/>\n<input type=\"hidden\" name=\"_wpcf7_container_post\" value=\"0\" \/>\n<input type=\"hidden\" name=\"_wpcf7_posted_data_hash\" value=\"\" \/>\n<\/div>\n<p><label> Your Name*<br \/>\n    <span class=\"wpcf7-form-control-wrap your-name\"><input type=\"text\" name=\"your-name\" value=\"\" size=\"40\" class=\"wpcf7-form-control wpcf7-text wpcf7-validates-as-required\" aria-required=\"true\" aria-invalid=\"false\" \/><\/span> <\/label><\/p>\n<p><label> E-mail address*<br \/>\n    <span class=\"wpcf7-form-control-wrap your-email\"><input type=\"email\" name=\"your-email\" value=\"\" size=\"40\" class=\"wpcf7-form-control wpcf7-text wpcf7-email wpcf7-validates-as-required wpcf7-validates-as-email\" aria-required=\"true\" aria-invalid=\"false\" \/><\/span> <\/label><\/p>\n<p><label> Choose a position (available if there is a specific open position)<br \/>\n    <span class=\"wpcf7-form-control-wrap Poziciomegjelolese\"><select name=\"Poziciomegjelolese\" class=\"wpcf7-form-control wpcf7-select\" aria-invalid=\"false\"><option value=\"\">---<\/option><option value=\"\u00dcgyv\u00e9d \/ Senior associate\">\u00dcgyv\u00e9d \/ Senior associate<\/option><option value=\"\u00dcgyv\u00e9d jel\u00f6lt \/ Junior associate\">\u00dcgyv\u00e9d jel\u00f6lt \/ Junior associate<\/option><option value=\"Gyakornok \/ Legal Trainee\">Gyakornok \/ Legal Trainee<\/option><option value=\"Asszisztens \/ Assistante\">Asszisztens \/ Assistante<\/option><option value=\"Egy\u00e9b \/ Other (K\u00e9rj\u00fck \u00edrja \u00fczenet\u00e9be \/ please describe below)\">Egy\u00e9b \/ Other (K\u00e9rj\u00fck \u00edrja \u00fczenet\u00e9be \/ please describe below)<\/option><\/select><\/span> <\/label><\/p>\n<p><label> Message*<br \/>\n    <span class=\"wpcf7-form-control-wrap your-message\"><textarea name=\"your-message\" cols=\"40\" rows=\"10\" class=\"wpcf7-form-control wpcf7-textarea wpcf7-validates-as-required\" aria-required=\"true\" aria-invalid=\"false\"><\/textarea><\/span> <\/label><\/p>\n<p><label> <span style=\"white-space:pre-wrap;\">Upload CV, motivational letter, other documents<br \/>\n-File format: doc, pdf, jpg, jpeg, fig, png<br \/>\n-To send multiple files, please select them all at once in the pop-up window<br \/>\n-File size: max. 10 MB<\/span><br \/>\n&nbsp<br \/>\n<span class=\"wpcf7-form-control-wrap multifile-948\"><input type=\"file\" name=\"multifile-948[]\" size=\"40\" class=\"wpcf7-form-control wpcf7-multifile\" multiple=\"multiple\" aria-invalid=\"false\" \/><\/span><\/label><br \/>\n&nbsp<\/p>\n<div class=\"szep-flexkontener\">\n<div class=\"elfogadando-checkbox\"><span class=\"wpcf7-form-control-wrap acceptance-790\"><span class=\"wpcf7-form-control wpcf7-acceptance\"><span class=\"wpcf7-list-item\"><input type=\"checkbox\" name=\"acceptance-790\" value=\"1\" aria-invalid=\"false\" \/><\/span><\/span><\/span><\/div>\n<div class=\"elfogadando-szoveg\">I agree that Bitai Law Firm will handle my application \/ CV information regarding my job application \/ career opportunity as described in the <span style=\"color:#C0944B\"><a href=\"\/adatvedelmi-tajekoztato\/\">privacy statement<\/a><\/span> .<\/div>\n<\/div>\n<p>&nbsp<\/p>\n<div class=\"szep-flexkontener\">\n<div class=\"elfogadando-checkbox\"><span class=\"wpcf7-form-control-wrap acceptance-204\"><span class=\"wpcf7-form-control wpcf7-acceptance optional\"><span class=\"wpcf7-list-item\"><input type=\"checkbox\" name=\"acceptance-204\" value=\"1\" aria-invalid=\"false\" \/><\/span><\/span><\/span><\/div>\n<div class=\"elfogadando-szoveg\">I agree that in case i will not be chosen for any position based on my application, Bitai Law Firm is allowed to store my CV \/ data for potential future employment.<\/div>\n<\/div>\n<p>&nbsp<\/p>\n<p><input type=\"submit\" value=\"Submit\" class=\"wpcf7-form-control wpcf7-submit\" \/><\/p>\n<p style=\"display: none !important;\"><label>&#916;<textarea name=\"_wpcf7_ak_hp_textarea\" cols=\"45\" rows=\"8\" maxlength=\"100\"><\/textarea><\/label><input type=\"hidden\" id=\"ak_js_1\" name=\"_wpcf7_ak_js\" value=\"103\"\/><script>document.getElementById( \"ak_js_1\" ).setAttribute( \"value\", ( new Date() ).getTime() );<\/script><\/p><div class=\"wpcf7-response-output\" aria-hidden=\"true\"><\/div><\/form><\/div>\n<p>[\/col]<\/p>\n<p>[\/row]<\/p>\n<p>[\/section]<\/p>\n","protected":false},"excerpt":{"rendered":"<p>[section bg=&#8221;3440&#8243; bg_size=&#8221;original&#8221; bg_overlay=&#8221;rgba(37, 37, 37, 0.86)&#8221; bg_pos=&#8221;0% 29%&#8221; parallax=&#8221;10&#8243; dark=&#8221;true&#8221; padding=&#8221;35px&#8221;] [row] [col span=&#8221;6&#8243; span__sm=&#8221;12&#8243;] Career opportunity at CLM Bitai &amp; Partners Law Firm It&#8217;s always our pleasure to meet people, whom we can even consider as a potential colleague! Send your CV with photo to let us learn more about you and notify [&hellip;]<\/p>\n","protected":false},"author":23,"featured_media":0,"parent":0,"menu_order":0,"comment_status":"closed","ping_status":"closed","template":"page-blank.php","meta":[],"yoast_head":"<!-- This site is optimized with the Yoast SEO plugin v18.4.1 - https:\/\/yoast.com\/wordpress\/plugins\/seo\/ -->\n<title>Career opportunity - BITAI &amp; Partners DEV<\/title>\n<meta name=\"robots\" content=\"noindex, follow, max-snippet:-1, max-image-preview:large, max-video-preview:-1\" \/>\n<meta property=\"og:locale\" content=\"en_US\" \/>\n<meta property=\"og:type\" content=\"article\" \/>\n<meta property=\"og:title\" content=\"Career opportunity - BITAI &amp; Partners DEV\" \/>\n<meta property=\"og:description\" content=\"[section bg=&#8221;3440&#8243; bg_size=&#8221;original&#8221; bg_overlay=&#8221;rgba(37, 37, 37, 0.86)&#8221; bg_pos=&#8221;0% 29%&#8221; parallax=&#8221;10&#8243; dark=&#8221;true&#8221; padding=&#8221;35px&#8221;] [row] [col span=&#8221;6&#8243; span__sm=&#8221;12&#8243;] Career opportunity at CLM Bitai &amp; Partners Law Firm It&#8217;s always our pleasure to meet people, whom we can even consider as a potential colleague! Send your CV with photo to let us learn more about you and notify [&hellip;]\" \/>\n<meta property=\"og:url\" content=\"https:\/\/dev.bitaipartners.com\/en\/career-opportunity\/\" \/>\n<meta property=\"og:site_name\" content=\"BITAI &amp; Partners DEV\" \/>\n<meta property=\"article:publisher\" content=\"https:\/\/www.facebook.com\/bitaiandpartners\/\" \/>\n<meta property=\"article:modified_time\" content=\"2019-08-12T13:54:48+00:00\" \/>\n<meta name=\"twitter:card\" content=\"summary_large_image\" \/>\n<script type=\"application\/ld+json\" class=\"yoast-schema-graph\">{\"@context\":\"https:\/\/schema.org\",\"@graph\":[{\"@type\":\"Organization\",\"@id\":\"https:\/\/dev.bitaipartners.com\/#organization\",\"name\":\"BITAI & Partners\",\"url\":\"https:\/\/dev.bitaipartners.com\/\",\"sameAs\":[\"https:\/\/www.facebook.com\/bitaiandpartners\/\",\"http:\/\/www.linkedin.com\/company\/bitai-legal-attorneys-at-law\/\"],\"logo\":{\"@type\":\"ImageObject\",\"@id\":\"https:\/\/dev.bitaipartners.com\/#logo\",\"inLanguage\":\"en-US\",\"url\":\"https:\/\/i0.wp.com\/bitaipartners.com\/wp-content\/uploads\/2019\/07\/logo-Collegium-Bitai-Partners-WITH-TEXT.png?fit=1000%2C387&ssl=1\",\"contentUrl\":\"https:\/\/i0.wp.com\/bitaipartners.com\/wp-content\/uploads\/2019\/07\/logo-Collegium-Bitai-Partners-WITH-TEXT.png?fit=1000%2C387&ssl=1\",\"width\":1000,\"height\":387,\"caption\":\"BITAI & Partners\"},\"image\":{\"@id\":\"https:\/\/dev.bitaipartners.com\/#logo\"}},{\"@type\":\"WebSite\",\"@id\":\"https:\/\/dev.bitaipartners.com\/#website\",\"url\":\"https:\/\/dev.bitaipartners.com\/\",\"name\":\"BITAI &amp; Partners DEV\",\"description\":\"Senkit nem \u00e9rdekel, hogy mit nem lehet - sokkal ink\u00e1bb az, hogyan lehet, de jogszer\u0171en.\",\"publisher\":{\"@id\":\"https:\/\/dev.bitaipartners.com\/#organization\"},\"potentialAction\":[{\"@type\":\"SearchAction\",\"target\":{\"@type\":\"EntryPoint\",\"urlTemplate\":\"https:\/\/dev.bitaipartners.com\/?s={search_term_string}\"},\"query-input\":\"required name=search_term_string\"}],\"inLanguage\":\"en-US\"},{\"@type\":\"WebPage\",\"@id\":\"https:\/\/dev.bitaipartners.com\/en\/career-opportunity\/#webpage\",\"url\":\"https:\/\/dev.bitaipartners.com\/en\/career-opportunity\/\",\"name\":\"Career opportunity - BITAI &amp; Partners DEV\",\"isPartOf\":{\"@id\":\"https:\/\/dev.bitaipartners.com\/#website\"},\"datePublished\":\"2019-08-05T14:33:52+00:00\",\"dateModified\":\"2019-08-12T13:54:48+00:00\",\"breadcrumb\":{\"@id\":\"https:\/\/dev.bitaipartners.com\/en\/career-opportunity\/#breadcrumb\"},\"inLanguage\":\"en-US\",\"potentialAction\":[{\"@type\":\"ReadAction\",\"target\":[\"https:\/\/dev.bitaipartners.com\/en\/career-opportunity\/\"]}]},{\"@type\":\"BreadcrumbList\",\"@id\":\"https:\/\/dev.bitaipartners.com\/en\/career-opportunity\/#breadcrumb\",\"itemListElement\":[{\"@type\":\"ListItem\",\"position\":1,\"name\":\"Home\",\"item\":\"https:\/\/dev.bitaipartners.com\/en\/\"},{\"@type\":\"ListItem\",\"position\":2,\"name\":\"Career opportunity\"}]}]}<\/script>\n<!-- \/ Yoast SEO plugin. -->","yoast_head_json":{"title":"Career opportunity - BITAI &amp; Partners DEV","robots":{"index":"noindex","follow":"follow","max-snippet":"max-snippet:-1","max-image-preview":"max-image-preview:large","max-video-preview":"max-video-preview:-1"},"og_locale":"en_US","og_type":"article","og_title":"Career opportunity - BITAI &amp; Partners DEV","og_description":"[section bg=&#8221;3440&#8243; bg_size=&#8221;original&#8221; bg_overlay=&#8221;rgba(37, 37, 37, 0.86)&#8221; bg_pos=&#8221;0% 29%&#8221; parallax=&#8221;10&#8243; dark=&#8221;true&#8221; padding=&#8221;35px&#8221;] [row] [col span=&#8221;6&#8243; span__sm=&#8221;12&#8243;] Career opportunity at CLM Bitai &amp; Partners Law Firm It&#8217;s always our pleasure to meet people, whom we can even consider as a potential colleague! Send your CV with photo to let us learn more about you and notify [&hellip;]","og_url":"https:\/\/dev.bitaipartners.com\/en\/career-opportunity\/","og_site_name":"BITAI &amp; Partners DEV","article_publisher":"https:\/\/www.facebook.com\/bitaiandpartners\/","article_modified_time":"2019-08-12T13:54:48+00:00","twitter_card":"summary_large_image","schema":{"@context":"https:\/\/schema.org","@graph":[{"@type":"Organization","@id":"https:\/\/dev.bitaipartners.com\/#organization","name":"BITAI & Partners","url":"https:\/\/dev.bitaipartners.com\/","sameAs":["https:\/\/www.facebook.com\/bitaiandpartners\/","http:\/\/www.linkedin.com\/company\/bitai-legal-attorneys-at-law\/"],"logo":{"@type":"ImageObject","@id":"https:\/\/dev.bitaipartners.com\/#logo","inLanguage":"en-US","url":"https:\/\/i0.wp.com\/bitaipartners.com\/wp-content\/uploads\/2019\/07\/logo-Collegium-Bitai-Partners-WITH-TEXT.png?fit=1000%2C387&ssl=1","contentUrl":"https:\/\/i0.wp.com\/bitaipartners.com\/wp-content\/uploads\/2019\/07\/logo-Collegium-Bitai-Partners-WITH-TEXT.png?fit=1000%2C387&ssl=1","width":1000,"height":387,"caption":"BITAI & Partners"},"image":{"@id":"https:\/\/dev.bitaipartners.com\/#logo"}},{"@type":"WebSite","@id":"https:\/\/dev.bitaipartners.com\/#website","url":"https:\/\/dev.bitaipartners.com\/","name":"BITAI &amp; Partners DEV","description":"Senkit nem \u00e9rdekel, hogy mit nem lehet - sokkal ink\u00e1bb az, hogyan lehet, de jogszer\u0171en.","publisher":{"@id":"https:\/\/dev.bitaipartners.com\/#organization"},"potentialAction":[{"@type":"SearchAction","target":{"@type":"EntryPoint","urlTemplate":"https:\/\/dev.bitaipartners.com\/?s={search_term_string}"},"query-input":"required name=search_term_string"}],"inLanguage":"en-US"},{"@type":"WebPage","@id":"https:\/\/dev.bitaipartners.com\/en\/career-opportunity\/#webpage","url":"https:\/\/dev.bitaipartners.com\/en\/career-opportunity\/","name":"Career opportunity - BITAI &amp; Partners DEV","isPartOf":{"@id":"https:\/\/dev.bitaipartners.com\/#website"},"datePublished":"2019-08-05T14:33:52+00:00","dateModified":"2019-08-12T13:54:48+00:00","breadcrumb":{"@id":"https:\/\/dev.bitaipartners.com\/en\/career-opportunity\/#breadcrumb"},"inLanguage":"en-US","potentialAction":[{"@type":"ReadAction","target":["https:\/\/dev.bitaipartners.com\/en\/career-opportunity\/"]}]},{"@type":"BreadcrumbList","@id":"https:\/\/dev.bitaipartners.com\/en\/career-opportunity\/#breadcrumb","itemListElement":[{"@type":"ListItem","position":1,"name":"Home","item":"https:\/\/dev.bitaipartners.com\/en\/"},{"@type":"ListItem","position":2,"name":"Career opportunity"}]}]}},"_links":{"self":[{"href":"https:\/\/dev.bitaipartners.com\/en\/wp-json\/wp\/v2\/pages\/3456"}],"collection":[{"href":"https:\/\/dev.bitaipartners.com\/en\/wp-json\/wp\/v2\/pages"}],"about":[{"href":"https:\/\/dev.bitaipartners.com\/en\/wp-json\/wp\/v2\/types\/page"}],"author":[{"embeddable":true,"href":"https:\/\/dev.bitaipartners.com\/en\/wp-json\/wp\/v2\/users\/23"}],"replies":[{"embeddable":true,"href":"https:\/\/dev.bitaipartners.com\/en\/wp-json\/wp\/v2\/comments?post=3456"}],"version-history":[{"count":4,"href":"https:\/\/dev.bitaipartners.com\/en\/wp-json\/wp\/v2\/pages\/3456\/revisions"}],"predecessor-version":[{"id":3471,"href":"https:\/\/dev.bitaipartners.com\/en\/wp-json\/wp\/v2\/pages\/3456\/revisions\/3471"}],"wp:attachment":[{"href":"https:\/\/dev.bitaipartners.com\/en\/wp-json\/wp\/v2\/media?parent=3456"}],"curies":[{"name":"wp","href":"https:\/\/api.w.org\/{rel}","templated":true}]}}