{"id":3226,"date":"2019-05-08T14:29:48","date_gmt":"2019-05-08T12:29:48","guid":{"rendered":"http:\/\/dev.bitaipartners.com\/our-team\/dr-treki-toth-peter\/"},"modified":"2019-06-12T12:43:06","modified_gmt":"2019-06-12T10:43:06","slug":"dr-peter-treki-toth","status":"publish","type":"page","link":"https:\/\/dev.bitaipartners.com\/en\/our-team\/dr-peter-treki-toth\/","title":{"rendered":"Dr. P\u00e9ter Tr\u00e9ki-T\u00f3th"},"content":{"rendered":"<p>[section padding=&#8221;0px&#8221; class=&#8221;munkatars-bemutatkozas&#8221;]<\/p>\n<p>[row]<\/p>\n<p>[col span=&#8221;4&#8243; span__sm=&#8221;12&#8243;]<\/p>\n<p>[ux_image id=&#8221;3222&#8243; image_size=&#8221;original&#8221;]<\/p>\n<p>[follow style=&#8221;small&#8221; align=&#8221;right&#8221; scale=&#8221;166&#8243; linkedin=&#8221;https:\/\/www.linkedin.com\/in\/peter-dr-tr\u00e9ki-t\u00f3th-9b820673&#8243;]<\/p>\n<p>[\/col]<br \/>\n[col span=&#8221;8&#8243; span__sm=&#8221;12&#8243; padding=&#8221;0px 0px 0px 0px&#8221;]<\/p>\n<h2 class=\"title uppercase\">Dr. P\u00e9ter Tr\u00e9ki-T\u00f3th<\/h2>\n<h3 class=\"thin-font\">Associated Attorney-at-law<\/h3>\n<p>As an associated attorney at law of CLM BITAI &amp; PARTNERS he assists our clients mainly in the fields of corporate-, company-, real-estate, and labour law.<\/p>\n<p>In the course of his 15 years practice he successfully cooperated with his clients, amongst which you could find individuals, real-estate agency, liquidator, municipality, oil company, info-communication company. For more than eight years he provided legal representation to a foreign owned construction company as an \u201cin house lawyer\u201d in English, on a daily basis.<\/p>\n<p>\u201cIn the course of my work, I aspire to define the necessary legal steps according to the needs of our Clients, to achieve their goals, and to provide full scale legal service during our cooperation.\u201d<\/p>\n<p>work languages: Hungarian, English<\/p>\n<p>[\/col]<\/p>\n<p>[\/row]<\/p>\n<p>[\/section]<\/p>\n","protected":false},"excerpt":{"rendered":"<p>[section padding=&#8221;0px&#8221; class=&#8221;munkatars-bemutatkozas&#8221;] [row] [col span=&#8221;4&#8243; span__sm=&#8221;12&#8243;] [ux_image id=&#8221;3222&#8243; image_size=&#8221;original&#8221;] [follow style=&#8221;small&#8221; align=&#8221;right&#8221; scale=&#8221;166&#8243; linkedin=&#8221;https:\/\/www.linkedin.com\/in\/peter-dr-tr\u00e9ki-t\u00f3th-9b820673&#8243;] [\/col] [col span=&#8221;8&#8243; span__sm=&#8221;12&#8243; padding=&#8221;0px 0px 0px 0px&#8221;] Dr. P\u00e9ter Tr\u00e9ki-T\u00f3th Associated Attorney-at-law As an associated attorney at law of CLM BITAI &amp; PARTNERS he assists our clients mainly in the fields of corporate-, company-, real-estate, and labour law. In [&hellip;]<\/p>\n","protected":false},"author":23,"featured_media":3223,"parent":3205,"menu_order":0,"comment_status":"closed","ping_status":"closed","template":"page-blank.php","meta":[],"yoast_head":"<!-- This site is optimized with the Yoast SEO plugin v18.4.1 - https:\/\/yoast.com\/wordpress\/plugins\/seo\/ -->\n<title>Dr. P\u00e9ter Tr\u00e9ki-T\u00f3th - BITAI &amp; Partners DEV<\/title>\n<meta name=\"robots\" content=\"noindex, follow, max-snippet:-1, max-image-preview:large, max-video-preview:-1\" \/>\n<meta property=\"og:locale\" content=\"en_US\" \/>\n<meta property=\"og:type\" content=\"article\" \/>\n<meta property=\"og:title\" content=\"Dr. P\u00e9ter Tr\u00e9ki-T\u00f3th - BITAI &amp; Partners DEV\" \/>\n<meta property=\"og:description\" content=\"[section padding=&#8221;0px&#8221; class=&#8221;munkatars-bemutatkozas&#8221;] [row] [col span=&#8221;4&#8243; span__sm=&#8221;12&#8243;] [ux_image id=&#8221;3222&#8243; image_size=&#8221;original&#8221;] [follow style=&#8221;small&#8221; align=&#8221;right&#8221; scale=&#8221;166&#8243; linkedin=&#8221;https:\/\/www.linkedin.com\/in\/peter-dr-tr\u00e9ki-t\u00f3th-9b820673&#8243;] [\/col] [col span=&#8221;8&#8243; span__sm=&#8221;12&#8243; padding=&#8221;0px 0px 0px 0px&#8221;] Dr. P\u00e9ter Tr\u00e9ki-T\u00f3th Associated Attorney-at-law As an associated attorney at law of CLM BITAI &amp; PARTNERS he assists our clients mainly in the fields of corporate-, company-, real-estate, and labour law. In [&hellip;]\" \/>\n<meta property=\"og:url\" content=\"https:\/\/dev.bitaipartners.com\/en\/our-team\/dr-peter-treki-toth\/\" \/>\n<meta property=\"og:site_name\" content=\"BITAI &amp; Partners DEV\" \/>\n<meta property=\"article:publisher\" content=\"https:\/\/www.facebook.com\/bitaiandpartners\/\" \/>\n<meta property=\"article:modified_time\" content=\"2019-06-12T10:43:06+00:00\" \/>\n<meta property=\"og:image\" content=\"https:\/\/dev.bitaipartners.com\/wp-content\/uploads\/2019\/06\/dr-treki-toth-peter.jpg\" \/>\n\t<meta property=\"og:image:width\" content=\"533\" \/>\n\t<meta property=\"og:image:height\" content=\"800\" \/>\n\t<meta property=\"og:image:type\" content=\"image\/jpeg\" \/>\n<meta name=\"twitter:card\" content=\"summary_large_image\" \/>\n<meta name=\"twitter:label1\" content=\"Est. reading time\" \/>\n\t<meta name=\"twitter:data1\" content=\"1 minute\" \/>\n<script type=\"application\/ld+json\" class=\"yoast-schema-graph\">{\"@context\":\"https:\/\/schema.org\",\"@graph\":[{\"@type\":\"Organization\",\"@id\":\"https:\/\/dev.bitaipartners.com\/#organization\",\"name\":\"BITAI & Partners\",\"url\":\"https:\/\/dev.bitaipartners.com\/\",\"sameAs\":[\"https:\/\/www.facebook.com\/bitaiandpartners\/\",\"http:\/\/www.linkedin.com\/company\/bitai-legal-attorneys-at-law\/\"],\"logo\":{\"@type\":\"ImageObject\",\"@id\":\"https:\/\/dev.bitaipartners.com\/#logo\",\"inLanguage\":\"en-US\",\"url\":\"https:\/\/i0.wp.com\/bitaipartners.com\/wp-content\/uploads\/2019\/07\/logo-Collegium-Bitai-Partners-WITH-TEXT.png?fit=1000%2C387&ssl=1\",\"contentUrl\":\"https:\/\/i0.wp.com\/bitaipartners.com\/wp-content\/uploads\/2019\/07\/logo-Collegium-Bitai-Partners-WITH-TEXT.png?fit=1000%2C387&ssl=1\",\"width\":1000,\"height\":387,\"caption\":\"BITAI & Partners\"},\"image\":{\"@id\":\"https:\/\/dev.bitaipartners.com\/#logo\"}},{\"@type\":\"WebSite\",\"@id\":\"https:\/\/dev.bitaipartners.com\/#website\",\"url\":\"https:\/\/dev.bitaipartners.com\/\",\"name\":\"BITAI &amp; Partners DEV\",\"description\":\"Senkit nem \u00e9rdekel, hogy mit nem lehet - sokkal ink\u00e1bb az, hogyan lehet, de jogszer\u0171en.\",\"publisher\":{\"@id\":\"https:\/\/dev.bitaipartners.com\/#organization\"},\"potentialAction\":[{\"@type\":\"SearchAction\",\"target\":{\"@type\":\"EntryPoint\",\"urlTemplate\":\"https:\/\/dev.bitaipartners.com\/?s={search_term_string}\"},\"query-input\":\"required name=search_term_string\"}],\"inLanguage\":\"en-US\"},{\"@type\":\"ImageObject\",\"@id\":\"https:\/\/dev.bitaipartners.com\/en\/our-team\/dr-peter-treki-toth\/#primaryimage\",\"inLanguage\":\"en-US\",\"url\":\"https:\/\/dev.bitaipartners.com\/wp-content\/uploads\/2019\/06\/dr-treki-toth-peter.jpg\",\"contentUrl\":\"https:\/\/dev.bitaipartners.com\/wp-content\/uploads\/2019\/06\/dr-treki-toth-peter.jpg\",\"width\":533,\"height\":800,\"caption\":\"Dr. P\u00e9ter Tr\u00e9ki-T\u00f3th associated attorney-at-law\"},{\"@type\":\"WebPage\",\"@id\":\"https:\/\/dev.bitaipartners.com\/en\/our-team\/dr-peter-treki-toth\/#webpage\",\"url\":\"https:\/\/dev.bitaipartners.com\/en\/our-team\/dr-peter-treki-toth\/\",\"name\":\"Dr. P\u00e9ter Tr\u00e9ki-T\u00f3th - BITAI &amp; Partners DEV\",\"isPartOf\":{\"@id\":\"https:\/\/dev.bitaipartners.com\/#website\"},\"primaryImageOfPage\":{\"@id\":\"https:\/\/dev.bitaipartners.com\/en\/our-team\/dr-peter-treki-toth\/#primaryimage\"},\"datePublished\":\"2019-05-08T12:29:48+00:00\",\"dateModified\":\"2019-06-12T10:43:06+00:00\",\"breadcrumb\":{\"@id\":\"https:\/\/dev.bitaipartners.com\/en\/our-team\/dr-peter-treki-toth\/#breadcrumb\"},\"inLanguage\":\"en-US\",\"potentialAction\":[{\"@type\":\"ReadAction\",\"target\":[\"https:\/\/dev.bitaipartners.com\/en\/our-team\/dr-peter-treki-toth\/\"]}]},{\"@type\":\"BreadcrumbList\",\"@id\":\"https:\/\/dev.bitaipartners.com\/en\/our-team\/dr-peter-treki-toth\/#breadcrumb\",\"itemListElement\":[{\"@type\":\"ListItem\",\"position\":1,\"name\":\"Home\",\"item\":\"https:\/\/dev.bitaipartners.com\/en\/\"},{\"@type\":\"ListItem\",\"position\":2,\"name\":\"Our Team\",\"item\":\"https:\/\/dev.bitaipartners.com\/en\/our-team\/\"},{\"@type\":\"ListItem\",\"position\":3,\"name\":\"Dr. P\u00e9ter Tr\u00e9ki-T\u00f3th\"}]}]}<\/script>\n<!-- \/ Yoast SEO plugin. -->","yoast_head_json":{"title":"Dr. P\u00e9ter Tr\u00e9ki-T\u00f3th - BITAI &amp; Partners DEV","robots":{"index":"noindex","follow":"follow","max-snippet":"max-snippet:-1","max-image-preview":"max-image-preview:large","max-video-preview":"max-video-preview:-1"},"og_locale":"en_US","og_type":"article","og_title":"Dr. P\u00e9ter Tr\u00e9ki-T\u00f3th - BITAI &amp; Partners DEV","og_description":"[section padding=&#8221;0px&#8221; class=&#8221;munkatars-bemutatkozas&#8221;] [row] [col span=&#8221;4&#8243; span__sm=&#8221;12&#8243;] [ux_image id=&#8221;3222&#8243; image_size=&#8221;original&#8221;] [follow style=&#8221;small&#8221; align=&#8221;right&#8221; scale=&#8221;166&#8243; linkedin=&#8221;https:\/\/www.linkedin.com\/in\/peter-dr-tr\u00e9ki-t\u00f3th-9b820673&#8243;] [\/col] [col span=&#8221;8&#8243; span__sm=&#8221;12&#8243; padding=&#8221;0px 0px 0px 0px&#8221;] Dr. P\u00e9ter Tr\u00e9ki-T\u00f3th Associated Attorney-at-law As an associated attorney at law of CLM BITAI &amp; PARTNERS he assists our clients mainly in the fields of corporate-, company-, real-estate, and labour law. In [&hellip;]","og_url":"https:\/\/dev.bitaipartners.com\/en\/our-team\/dr-peter-treki-toth\/","og_site_name":"BITAI &amp; Partners DEV","article_publisher":"https:\/\/www.facebook.com\/bitaiandpartners\/","article_modified_time":"2019-06-12T10:43:06+00:00","og_image":[{"width":533,"height":800,"url":"https:\/\/dev.bitaipartners.com\/wp-content\/uploads\/2019\/06\/dr-treki-toth-peter.jpg","type":"image\/jpeg"}],"twitter_card":"summary_large_image","twitter_misc":{"Est. reading time":"1 minute"},"schema":{"@context":"https:\/\/schema.org","@graph":[{"@type":"Organization","@id":"https:\/\/dev.bitaipartners.com\/#organization","name":"BITAI & Partners","url":"https:\/\/dev.bitaipartners.com\/","sameAs":["https:\/\/www.facebook.com\/bitaiandpartners\/","http:\/\/www.linkedin.com\/company\/bitai-legal-attorneys-at-law\/"],"logo":{"@type":"ImageObject","@id":"https:\/\/dev.bitaipartners.com\/#logo","inLanguage":"en-US","url":"https:\/\/i0.wp.com\/bitaipartners.com\/wp-content\/uploads\/2019\/07\/logo-Collegium-Bitai-Partners-WITH-TEXT.png?fit=1000%2C387&ssl=1","contentUrl":"https:\/\/i0.wp.com\/bitaipartners.com\/wp-content\/uploads\/2019\/07\/logo-Collegium-Bitai-Partners-WITH-TEXT.png?fit=1000%2C387&ssl=1","width":1000,"height":387,"caption":"BITAI & Partners"},"image":{"@id":"https:\/\/dev.bitaipartners.com\/#logo"}},{"@type":"WebSite","@id":"https:\/\/dev.bitaipartners.com\/#website","url":"https:\/\/dev.bitaipartners.com\/","name":"BITAI &amp; Partners DEV","description":"Senkit nem \u00e9rdekel, hogy mit nem lehet - sokkal ink\u00e1bb az, hogyan lehet, de jogszer\u0171en.","publisher":{"@id":"https:\/\/dev.bitaipartners.com\/#organization"},"potentialAction":[{"@type":"SearchAction","target":{"@type":"EntryPoint","urlTemplate":"https:\/\/dev.bitaipartners.com\/?s={search_term_string}"},"query-input":"required name=search_term_string"}],"inLanguage":"en-US"},{"@type":"ImageObject","@id":"https:\/\/dev.bitaipartners.com\/en\/our-team\/dr-peter-treki-toth\/#primaryimage","inLanguage":"en-US","url":"https:\/\/dev.bitaipartners.com\/wp-content\/uploads\/2019\/06\/dr-treki-toth-peter.jpg","contentUrl":"https:\/\/dev.bitaipartners.com\/wp-content\/uploads\/2019\/06\/dr-treki-toth-peter.jpg","width":533,"height":800,"caption":"Dr. P\u00e9ter Tr\u00e9ki-T\u00f3th associated attorney-at-law"},{"@type":"WebPage","@id":"https:\/\/dev.bitaipartners.com\/en\/our-team\/dr-peter-treki-toth\/#webpage","url":"https:\/\/dev.bitaipartners.com\/en\/our-team\/dr-peter-treki-toth\/","name":"Dr. P\u00e9ter Tr\u00e9ki-T\u00f3th - BITAI &amp; Partners DEV","isPartOf":{"@id":"https:\/\/dev.bitaipartners.com\/#website"},"primaryImageOfPage":{"@id":"https:\/\/dev.bitaipartners.com\/en\/our-team\/dr-peter-treki-toth\/#primaryimage"},"datePublished":"2019-05-08T12:29:48+00:00","dateModified":"2019-06-12T10:43:06+00:00","breadcrumb":{"@id":"https:\/\/dev.bitaipartners.com\/en\/our-team\/dr-peter-treki-toth\/#breadcrumb"},"inLanguage":"en-US","potentialAction":[{"@type":"ReadAction","target":["https:\/\/dev.bitaipartners.com\/en\/our-team\/dr-peter-treki-toth\/"]}]},{"@type":"BreadcrumbList","@id":"https:\/\/dev.bitaipartners.com\/en\/our-team\/dr-peter-treki-toth\/#breadcrumb","itemListElement":[{"@type":"ListItem","position":1,"name":"Home","item":"https:\/\/dev.bitaipartners.com\/en\/"},{"@type":"ListItem","position":2,"name":"Our Team","item":"https:\/\/dev.bitaipartners.com\/en\/our-team\/"},{"@type":"ListItem","position":3,"name":"Dr. P\u00e9ter Tr\u00e9ki-T\u00f3th"}]}]}},"_links":{"self":[{"href":"https:\/\/dev.bitaipartners.com\/en\/wp-json\/wp\/v2\/pages\/3226"}],"collection":[{"href":"https:\/\/dev.bitaipartners.com\/en\/wp-json\/wp\/v2\/pages"}],"about":[{"href":"https:\/\/dev.bitaipartners.com\/en\/wp-json\/wp\/v2\/types\/page"}],"author":[{"embeddable":true,"href":"https:\/\/dev.bitaipartners.com\/en\/wp-json\/wp\/v2\/users\/23"}],"replies":[{"embeddable":true,"href":"https:\/\/dev.bitaipartners.com\/en\/wp-json\/wp\/v2\/comments?post=3226"}],"version-history":[{"count":4,"href":"https:\/\/dev.bitaipartners.com\/en\/wp-json\/wp\/v2\/pages\/3226\/revisions"}],"predecessor-version":[{"id":3291,"href":"https:\/\/dev.bitaipartners.com\/en\/wp-json\/wp\/v2\/pages\/3226\/revisions\/3291"}],"up":[{"embeddable":true,"href":"https:\/\/dev.bitaipartners.com\/en\/wp-json\/wp\/v2\/pages\/3205"}],"wp:featuredmedia":[{"embeddable":true,"href":"https:\/\/dev.bitaipartners.com\/en\/wp-json\/wp\/v2\/media\/3223"}],"wp:attachment":[{"href":"https:\/\/dev.bitaipartners.com\/en\/wp-json\/wp\/v2\/media?parent=3226"}],"curies":[{"name":"wp","href":"https:\/\/api.w.org\/{rel}","templated":true}]}}