{"id":3213,"date":"2019-02-08T07:59:37","date_gmt":"2019-02-08T06:59:37","guid":{"rendered":"http:\/\/dev.bitaipartners.com\/frontpage\/"},"modified":"2021-04-28T00:56:43","modified_gmt":"2021-04-27T22:56:43","slug":"frontpage","status":"publish","type":"page","link":"https:\/\/dev.bitaipartners.com\/en\/","title":{"rendered":"Main page"},"content":{"rendered":"<p>[section label=&#8221;slider&#8221; padding=&#8221;0px&#8221; class=&#8221;bitai-arnyek&#8221;]<\/p>\n<p>[ux_slider bullets=&#8221;false&#8221;]<\/p>\n<p>[ux_banner height=&#8221;321px&#8221; bg=&#8221;1564&#8243; bg_size=&#8221;original&#8221; bg_overlay=&#8221;rgba(52, 52, 52, 0.75)&#8221; bg_pos=&#8221;0% 12%&#8221; parallax=&#8221;5&#8243;]<\/p>\n<p>[text_box width=&#8221;79&#8243; width__sm=&#8221;80&#8243; position_x=&#8221;50&#8243; position_y=&#8221;50&#8243;]<\/p>\n<p class=\"lead\">&#8220;&#8230;nobody is interested in the Don&#8217;ts but in the Do\u2019s yet be legally compliant&#8221;<\/p>\n<p>[\/text_box]<\/p>\n<p>[\/ux_banner]<br \/>\n[ux_banner height=&#8221;320px&#8221; bg_color=&#8221;rgb(255, 255, 255)&#8221; bg_overlay=&#8221;rgba(190, 190, 190, 0.2)&#8221;]<\/p>\n<p>[text_box text_color=&#8221;dark&#8221; width=&#8221;43&#8243; width__sm=&#8221;62&#8243; position_x=&#8221;10&#8243; position_x__sm=&#8221;10&#8243; position_y=&#8221;50&#8243; position_y__sm=&#8221;100&#8243; text_align=&#8221;left&#8221;]<\/p>\n<h3 class=\"uppercase\"><strong>MEMBERS OF CLM<\/strong><\/h3>\n<p><span class=\"uppercase\">Praha | Brno | Bratislava | Ko\u0161ice | \u017dilina | Budapest<\/span><\/p>\n<p>&nbsp;<\/p>\n<p>[button text=&#8221;We joined&#8221; link=&#8221;https:\/\/dev.bitaipartners.com\/en\/joining-to-collegium-alliance-of-law-firms\/&#8221;]<\/p>\n<p>[button text=&#8221;The network&#8221; style=&#8221;outline&#8221; link=&#8221;https:\/\/dev.bitaipartners.com\/en\/about-us\/#clm&#8221;]<\/p>\n<p>[\/text_box]<br \/>\n[ux_image id=&#8221;2826&#8243; width=&#8221;41&#8243; width__sm=&#8221;60&#8243; position_x=&#8221;95&#8243; position_y=&#8221;50&#8243; position_y__sm=&#8221;5&#8243;]<\/p>\n<p>[\/ux_banner]<br \/>\n[ux_banner label=&#8221;banner desktop&#8221; height=&#8221;320px&#8221; height__sm=&#8221;300px&#8221; bg=&#8221;4252&#8243; bg_size=&#8221;original&#8221; bg_overlay=&#8221;rgba(189, 189, 189, 0.03)&#8221; bg_pos=&#8221;56% 43%&#8221; video_visibility=&#8221;visible&#8221; visibility=&#8221;hide-for-medium&#8221;]<\/p>\n<p>[text_box width=&#8221;35&#8243; width__sm=&#8221;78&#8243; padding=&#8221;30px 30px 30px 30px&#8221; position_x=&#8221;50&#8243; position_x__sm=&#8221;50&#8243; position_y=&#8221;100&#8243; position_y__sm=&#8221;95&#8243;]<\/p>\n<p>[button text=&#8221;More&#8221; visibility=&#8221;hidden&#8221;]<\/p>\n<p>[button text=&#8221;The BITAI and Partners Team&#8221; style=&#8221;shade&#8221; icon=&#8221;icon-star&#8221; link=&#8221;\/en\/our-team\/&#8221;]<\/p>\n<p>[\/text_box]<\/p>\n<p>[\/ux_banner]<\/p>\n<p>[\/ux_slider]<\/p>\n<p>[\/section]<br \/>\n[section label=&#8221;text&#8221; bg_color=&#8221;rgb(79, 79, 79)&#8221; class=&#8221;hatter-fonottkerites-sotet home-text&#8221;]<\/p>\n<p>[row]<\/p>\n<p>[col span__sm=&#8221;12&#8243; margin=&#8221;0px 0px -35px 0px&#8221; align=&#8221;left&#8221;]<\/p>\n<h1><span style=\"font-size: 82%;\">BITAI &amp; Partners Law Firm<\/span><\/h1>\n<p>[\/col]<\/p>\n<p>[\/row]<br \/>\n[row style=&#8221;large&#8221; col_style=&#8221;divided&#8221;]<\/p>\n<p>[col span=&#8221;4&#8243; span__sm=&#8221;12&#8243;]<\/p>\n<h3>About Us<\/h3>\n<p>CLM is an alliance of independent law firms operating in many important cities in Central and Eastern Europe<\/p>\n<p>Hungary is an integral part of this region, thus the presence of an international law firm providing legal services with a deep understanding of the market conditions of the region, is of great importance for domestic businesses.<\/p>\n<p>[button text=&#8221;More&#8221; style=&#8221;outline&#8221; link=&#8221;\/en\/about-us&#8221;]<\/p>\n<p>[\/col]<br \/>\n[col span=&#8221;4&#8243; span__sm=&#8221;12&#8243;]<\/p>\n<h3>CLM BITAI &amp; PARTNERS<\/h3>\n<p>The BITAI Law Firm, established by Dr. Zs\u00f3fia Bitai, has been providing legal services with a business approach for local and multinational companies in Hungary since 2015. CLM invited the BITAI Law Firm to join the alliance in 2018.<\/p>\n<p>Main fields of legal service: Competition and Advertising Law, GDPR, Commercial Law, Company Law and Real Estate Law.<\/p>\n<p>[button text=&#8221;More&#8221; style=&#8221;outline&#8221; link=&#8221;\/en\/about-us\/#members-of-clm&#8221;]<\/p>\n<p>[\/col]<br \/>\n[col span=&#8221;4&#8243; span__sm=&#8221;12&#8243;]<\/p>\n<h3>Our Approach<\/h3>\n<p>CLM Bitai &amp; Partners has been established with the objective of providing clients with legal advice that completely suits their business needs in the accelerated world of the 21st century.<\/p>\n<p>[button text=&#8221;More&#8221; style=&#8221;outline&#8221; link=&#8221;\/en\/about-us\/#our-approach&#8221;]<\/p>\n<p>[\/col]<\/p>\n<p>[\/row]<\/p>\n<p>[\/section]<\/p>\n","protected":false},"excerpt":{"rendered":"<p>[section label=&#8221;slider&#8221; padding=&#8221;0px&#8221; class=&#8221;bitai-arnyek&#8221;] [ux_slider bullets=&#8221;false&#8221;] [ux_banner height=&#8221;321px&#8221; bg=&#8221;1564&#8243; bg_size=&#8221;original&#8221; bg_overlay=&#8221;rgba(52, 52, 52, 0.75)&#8221; bg_pos=&#8221;0% 12%&#8221; parallax=&#8221;5&#8243;] [text_box width=&#8221;79&#8243; width__sm=&#8221;80&#8243; position_x=&#8221;50&#8243; position_y=&#8221;50&#8243;] &#8220;&#8230;nobody is interested in the Don&#8217;ts but in the Do\u2019s yet be legally compliant&#8221; [\/text_box] [\/ux_banner] [ux_banner height=&#8221;320px&#8221; bg_color=&#8221;rgb(255, 255, 255)&#8221; bg_overlay=&#8221;rgba(190, 190, 190, 0.2)&#8221;] [text_box text_color=&#8221;dark&#8221; width=&#8221;43&#8243; width__sm=&#8221;62&#8243; position_x=&#8221;10&#8243; position_x__sm=&#8221;10&#8243; position_y=&#8221;50&#8243; position_y__sm=&#8221;100&#8243; [&hellip;]<\/p>\n","protected":false},"author":20,"featured_media":0,"parent":0,"menu_order":0,"comment_status":"closed","ping_status":"open","template":"page-blank.php","meta":[],"yoast_head":"<!-- This site is optimized with the Yoast SEO plugin v18.4.1 - https:\/\/yoast.com\/wordpress\/plugins\/seo\/ -->\n<title>Main page - BITAI &amp; Partners DEV<\/title>\n<meta name=\"description\" content=\"A Dr. Bitai Zs\u00f3fia \u00e1ltal alap\u00edtott Bitai \u00dcgyv\u00e9di Iroda 2015 \u00f3ta ny\u00fajt \u00fczleti szeml\u00e9let\u0171 jogi szolg\u00e1ltat\u00e1sokat hazai \u00e9s multinacion\u00e1lis v\u00e1llalatoknak.\" \/>\n<meta name=\"robots\" content=\"noindex, follow, max-snippet:-1, max-image-preview:large, max-video-preview:-1\" \/>\n<meta property=\"og:locale\" content=\"en_US\" \/>\n<meta property=\"og:type\" content=\"article\" \/>\n<meta property=\"og:title\" content=\"Main page - BITAI &amp; Partners DEV\" \/>\n<meta property=\"og:description\" content=\"A Dr. Bitai Zs\u00f3fia \u00e1ltal alap\u00edtott Bitai \u00dcgyv\u00e9di Iroda 2015 \u00f3ta ny\u00fajt \u00fczleti szeml\u00e9let\u0171 jogi szolg\u00e1ltat\u00e1sokat hazai \u00e9s multinacion\u00e1lis v\u00e1llalatoknak.\" \/>\n<meta property=\"og:url\" content=\"https:\/\/dev.bitaipartners.com\/en\/\" \/>\n<meta property=\"og:site_name\" content=\"BITAI &amp; Partners DEV\" \/>\n<meta property=\"article:publisher\" content=\"https:\/\/www.facebook.com\/bitaiandpartners\/\" \/>\n<meta property=\"article:modified_time\" content=\"2021-04-27T22:56:43+00:00\" \/>\n<meta name=\"twitter:card\" content=\"summary_large_image\" \/>\n<meta name=\"twitter:label1\" content=\"Est. reading time\" \/>\n\t<meta name=\"twitter:data1\" content=\"2 minutes\" \/>\n<script type=\"application\/ld+json\" class=\"yoast-schema-graph\">{\"@context\":\"https:\/\/schema.org\",\"@graph\":[{\"@type\":\"Organization\",\"@id\":\"https:\/\/dev.bitaipartners.com\/#organization\",\"name\":\"BITAI & Partners\",\"url\":\"https:\/\/dev.bitaipartners.com\/\",\"sameAs\":[\"https:\/\/www.facebook.com\/bitaiandpartners\/\",\"http:\/\/www.linkedin.com\/company\/bitai-legal-attorneys-at-law\/\"],\"logo\":{\"@type\":\"ImageObject\",\"@id\":\"https:\/\/dev.bitaipartners.com\/#logo\",\"inLanguage\":\"en-US\",\"url\":\"https:\/\/i0.wp.com\/bitaipartners.com\/wp-content\/uploads\/2019\/07\/logo-Collegium-Bitai-Partners-WITH-TEXT.png?fit=1000%2C387&ssl=1\",\"contentUrl\":\"https:\/\/i0.wp.com\/bitaipartners.com\/wp-content\/uploads\/2019\/07\/logo-Collegium-Bitai-Partners-WITH-TEXT.png?fit=1000%2C387&ssl=1\",\"width\":1000,\"height\":387,\"caption\":\"BITAI & Partners\"},\"image\":{\"@id\":\"https:\/\/dev.bitaipartners.com\/#logo\"}},{\"@type\":\"WebSite\",\"@id\":\"https:\/\/dev.bitaipartners.com\/#website\",\"url\":\"https:\/\/dev.bitaipartners.com\/\",\"name\":\"BITAI &amp; Partners DEV\",\"description\":\"Senkit nem \u00e9rdekel, hogy mit nem lehet - sokkal ink\u00e1bb az, hogyan lehet, de jogszer\u0171en.\",\"publisher\":{\"@id\":\"https:\/\/dev.bitaipartners.com\/#organization\"},\"potentialAction\":[{\"@type\":\"SearchAction\",\"target\":{\"@type\":\"EntryPoint\",\"urlTemplate\":\"https:\/\/dev.bitaipartners.com\/?s={search_term_string}\"},\"query-input\":\"required name=search_term_string\"}],\"inLanguage\":\"en-US\"},{\"@type\":\"WebPage\",\"@id\":\"https:\/\/dev.bitaipartners.com\/en\/#webpage\",\"url\":\"https:\/\/dev.bitaipartners.com\/en\/\",\"name\":\"Main page - BITAI &amp; Partners DEV\",\"isPartOf\":{\"@id\":\"https:\/\/dev.bitaipartners.com\/#website\"},\"datePublished\":\"2019-02-08T06:59:37+00:00\",\"dateModified\":\"2021-04-27T22:56:43+00:00\",\"description\":\"A Dr. Bitai Zs\u00f3fia \u00e1ltal alap\u00edtott Bitai \u00dcgyv\u00e9di Iroda 2015 \u00f3ta ny\u00fajt \u00fczleti szeml\u00e9let\u0171 jogi szolg\u00e1ltat\u00e1sokat hazai \u00e9s multinacion\u00e1lis v\u00e1llalatoknak.\",\"breadcrumb\":{\"@id\":\"https:\/\/dev.bitaipartners.com\/en\/#breadcrumb\"},\"inLanguage\":\"en-US\",\"potentialAction\":[{\"@type\":\"ReadAction\",\"target\":[\"https:\/\/dev.bitaipartners.com\/en\/\"]}]},{\"@type\":\"BreadcrumbList\",\"@id\":\"https:\/\/dev.bitaipartners.com\/en\/#breadcrumb\",\"itemListElement\":[{\"@type\":\"ListItem\",\"position\":1,\"name\":\"Home\",\"item\":\"https:\/\/dev.bitaipartners.com\/en\/\"},{\"@type\":\"ListItem\",\"position\":2,\"name\":\"Main page\"}]}]}<\/script>\n<!-- \/ Yoast SEO plugin. -->","yoast_head_json":{"title":"Main page - BITAI &amp; Partners DEV","description":"A Dr. Bitai Zs\u00f3fia \u00e1ltal alap\u00edtott Bitai \u00dcgyv\u00e9di Iroda 2015 \u00f3ta ny\u00fajt \u00fczleti szeml\u00e9let\u0171 jogi szolg\u00e1ltat\u00e1sokat hazai \u00e9s multinacion\u00e1lis v\u00e1llalatoknak.","robots":{"index":"noindex","follow":"follow","max-snippet":"max-snippet:-1","max-image-preview":"max-image-preview:large","max-video-preview":"max-video-preview:-1"},"og_locale":"en_US","og_type":"article","og_title":"Main page - BITAI &amp; Partners DEV","og_description":"A Dr. Bitai Zs\u00f3fia \u00e1ltal alap\u00edtott Bitai \u00dcgyv\u00e9di Iroda 2015 \u00f3ta ny\u00fajt \u00fczleti szeml\u00e9let\u0171 jogi szolg\u00e1ltat\u00e1sokat hazai \u00e9s multinacion\u00e1lis v\u00e1llalatoknak.","og_url":"https:\/\/dev.bitaipartners.com\/en\/","og_site_name":"BITAI &amp; Partners DEV","article_publisher":"https:\/\/www.facebook.com\/bitaiandpartners\/","article_modified_time":"2021-04-27T22:56:43+00:00","twitter_card":"summary_large_image","twitter_misc":{"Est. reading time":"2 minutes"},"schema":{"@context":"https:\/\/schema.org","@graph":[{"@type":"Organization","@id":"https:\/\/dev.bitaipartners.com\/#organization","name":"BITAI & Partners","url":"https:\/\/dev.bitaipartners.com\/","sameAs":["https:\/\/www.facebook.com\/bitaiandpartners\/","http:\/\/www.linkedin.com\/company\/bitai-legal-attorneys-at-law\/"],"logo":{"@type":"ImageObject","@id":"https:\/\/dev.bitaipartners.com\/#logo","inLanguage":"en-US","url":"https:\/\/i0.wp.com\/bitaipartners.com\/wp-content\/uploads\/2019\/07\/logo-Collegium-Bitai-Partners-WITH-TEXT.png?fit=1000%2C387&ssl=1","contentUrl":"https:\/\/i0.wp.com\/bitaipartners.com\/wp-content\/uploads\/2019\/07\/logo-Collegium-Bitai-Partners-WITH-TEXT.png?fit=1000%2C387&ssl=1","width":1000,"height":387,"caption":"BITAI & Partners"},"image":{"@id":"https:\/\/dev.bitaipartners.com\/#logo"}},{"@type":"WebSite","@id":"https:\/\/dev.bitaipartners.com\/#website","url":"https:\/\/dev.bitaipartners.com\/","name":"BITAI &amp; Partners DEV","description":"Senkit nem \u00e9rdekel, hogy mit nem lehet - sokkal ink\u00e1bb az, hogyan lehet, de jogszer\u0171en.","publisher":{"@id":"https:\/\/dev.bitaipartners.com\/#organization"},"potentialAction":[{"@type":"SearchAction","target":{"@type":"EntryPoint","urlTemplate":"https:\/\/dev.bitaipartners.com\/?s={search_term_string}"},"query-input":"required name=search_term_string"}],"inLanguage":"en-US"},{"@type":"WebPage","@id":"https:\/\/dev.bitaipartners.com\/en\/#webpage","url":"https:\/\/dev.bitaipartners.com\/en\/","name":"Main page - BITAI &amp; Partners DEV","isPartOf":{"@id":"https:\/\/dev.bitaipartners.com\/#website"},"datePublished":"2019-02-08T06:59:37+00:00","dateModified":"2021-04-27T22:56:43+00:00","description":"A Dr. Bitai Zs\u00f3fia \u00e1ltal alap\u00edtott Bitai \u00dcgyv\u00e9di Iroda 2015 \u00f3ta ny\u00fajt \u00fczleti szeml\u00e9let\u0171 jogi szolg\u00e1ltat\u00e1sokat hazai \u00e9s multinacion\u00e1lis v\u00e1llalatoknak.","breadcrumb":{"@id":"https:\/\/dev.bitaipartners.com\/en\/#breadcrumb"},"inLanguage":"en-US","potentialAction":[{"@type":"ReadAction","target":["https:\/\/dev.bitaipartners.com\/en\/"]}]},{"@type":"BreadcrumbList","@id":"https:\/\/dev.bitaipartners.com\/en\/#breadcrumb","itemListElement":[{"@type":"ListItem","position":1,"name":"Home","item":"https:\/\/dev.bitaipartners.com\/en\/"},{"@type":"ListItem","position":2,"name":"Main page"}]}]}},"_links":{"self":[{"href":"https:\/\/dev.bitaipartners.com\/en\/wp-json\/wp\/v2\/pages\/3213"}],"collection":[{"href":"https:\/\/dev.bitaipartners.com\/en\/wp-json\/wp\/v2\/pages"}],"about":[{"href":"https:\/\/dev.bitaipartners.com\/en\/wp-json\/wp\/v2\/types\/page"}],"author":[{"embeddable":true,"href":"https:\/\/dev.bitaipartners.com\/en\/wp-json\/wp\/v2\/users\/20"}],"replies":[{"embeddable":true,"href":"https:\/\/dev.bitaipartners.com\/en\/wp-json\/wp\/v2\/comments?post=3213"}],"version-history":[{"count":15,"href":"https:\/\/dev.bitaipartners.com\/en\/wp-json\/wp\/v2\/pages\/3213\/revisions"}],"predecessor-version":[{"id":4264,"href":"https:\/\/dev.bitaipartners.com\/en\/wp-json\/wp\/v2\/pages\/3213\/revisions\/4264"}],"wp:attachment":[{"href":"https:\/\/dev.bitaipartners.com\/en\/wp-json\/wp\/v2\/media?parent=3213"}],"curies":[{"name":"wp","href":"https:\/\/api.w.org\/{rel}","templated":true}]}}