{"id":3205,"date":"2015-06-22T08:54:57","date_gmt":"2015-06-22T06:54:57","guid":{"rendered":"http:\/\/dev.bitaipartners.com\/?page_id=3205"},"modified":"2021-03-05T21:18:13","modified_gmt":"2021-03-05T20:18:13","slug":"our-team","status":"publish","type":"page","link":"https:\/\/dev.bitaipartners.com\/en\/our-team\/","title":{"rendered":"Our Team"},"content":{"rendered":"<p>[section label=&#8221;Our Team&#8221; padding=&#8221;0px&#8221; class=&#8221;csapatunk-gyujto&#8221;]<\/p>\n<p>[row label=&#8221;Managing partner&#8221; h_align=&#8221;center&#8221;]<\/p>\n<p>[col span__sm=&#8221;12&#8243;]<\/p>\n<p>[row_inner label=&#8221;senior associates header&#8221;]<\/p>\n<p>[col_inner span__sm=&#8221;12&#8243;]<\/p>\n<h2 style=\"text-align: center;\">Managing<\/h2>\n<p>[\/col_inner]<\/p>\n<p>[\/row_inner]<br \/>\n[row_inner h_align=&#8221;center&#8221;]<\/p>\n<p>[col_inner span=&#8221;3&#8243; span__sm=&#8221;9&#8243;]<\/p>\n<p>[team_member img=&#8221;3221&#8243; style=&#8221;default&#8221; name=&#8221;Dr. Zs\u00f3fia Bitai LL.M.&#8221; title=&#8221;Managing Partner&#8221; email=&#8221;zsofia.bitai@bitaipartners.com&#8221; linkedin=&#8221;https:\/\/www.linkedin.com\/in\/dr-zsofia-bitai-ll-m-1249b84a\/&#8221; link=&#8221;https:\/\/dev.bitaipartners.com\/en\/our-team\/dr-zsofia-bitai\/&#8221; image_height=&#8221;100%&#8221;]<\/p>\n<p>[\/team_member]<\/p>\n<p>[\/col_inner]<\/p>\n<p>[\/row_inner]<\/p>\n<p>[\/col]<\/p>\n<p>[\/row]<br \/>\n[divider align=&#8221;center&#8221; width=&#8221;80%&#8221; height=&#8221;1px&#8221; margin=&#8221;1.5em&#8221;]<\/p>\n<p>[row label=&#8221;Senior&#8221; h_align=&#8221;center&#8221;]<\/p>\n<p>[col span__sm=&#8221;12&#8243; class=&#8221;csapatunk-gyujto&#8221;]<\/p>\n<p>[row_inner label=&#8221;senior associates header&#8221;]<\/p>\n<p>[col_inner span__sm=&#8221;12&#8243; align=&#8221;left&#8221;]<\/p>\n<h2 style=\"text-align: center;\">Senior Associates<\/h2>\n<p>[\/col_inner]<\/p>\n<p>[\/row_inner]<br \/>\n[row_inner h_align=&#8221;center&#8221;]<\/p>\n<p>[col_inner span=&#8221;3&#8243; span__sm=&#8221;6&#8243;]<\/p>\n<p>[team_member img=&#8221;2879&#8243; name=&#8221;Dr. M\u00f3nika Mosolyg\u00f3&#8221; title=&#8221;Associated Attorney-at-law&#8221; email=&#8221;monika.mosolygo@bitaipartners.com&#8221; linkedin=&#8221;https:\/\/www.linkedin.com\/in\/monika-mosolygo-0b6509179\/&#8221; link=&#8221;https:\/\/dev.bitaipartners.com\/en\/our-team\/dr-monika-mosolygo\/&#8221; image_height=&#8221;100%&#8221;]<\/p>\n<p>[\/team_member]<\/p>\n<p>[\/col_inner]<br \/>\n[col_inner span=&#8221;3&#8243; span__sm=&#8221;7&#8243;]<\/p>\n<p>[team_member img=&#8221;3223&#8243; name=&#8221;DR. P\u00c9TER TR\u00c9KI-T\u00d3TH&#8221; title=&#8221;Associated Attorney-at-law&#8221; email=&#8221;peter.treki-toth@bitaipartners.com&#8221; linkedin=&#8221;https:\/\/www.linkedin.com\/in\/peter-dr-treki-toth-9b820673\/&#8221; link=&#8221;https:\/\/dev.bitaipartners.com\/en\/our-team\/dr-peter-treki-toth\/&#8221; image_height=&#8221;100%&#8221;]<\/p>\n<p>[\/team_member]<\/p>\n<p>[\/col_inner]<br \/>\n[col_inner span=&#8221;3&#8243; span__sm=&#8221;6&#8243;]<\/p>\n<p>[team_member img=&#8221;3860&#8243; style=&#8221;default&#8221; name=&#8221;Dr. Sarolta Torma&#8221; title=&#8221;Associated Attorney-at-law&#8221; email=&#8221;sarolta.torma@bitaipartners.com&#8221; linkedin=&#8221;https:\/\/www.linkedin.com\/in\/dr-sarolta-torma-b148a387\/&#8221; link=&#8221;https:\/\/dev.bitaipartners.com\/en\/our-team\/dr-sarolta-torma\/&#8221; image_height=&#8221;100%&#8221;]<\/p>\n<p>[\/team_member]<\/p>\n<p>[\/col_inner]<\/p>\n<p>[\/row_inner]<\/p>\n<p>[\/col]<\/p>\n<p>[\/row]<br \/>\n[divider align=&#8221;center&#8221; width=&#8221;80%&#8221; height=&#8221;1px&#8221; margin=&#8221;1.5em&#8221;]<\/p>\n<p>[row label=&#8221;Junior&#8221;]<\/p>\n<p>[col span__sm=&#8221;12&#8243;]<\/p>\n<h2 style=\"text-align: center;\">Junior Associates<\/h2>\n<p>[\/col]<br \/>\n[col span__sm=&#8221;12&#8243;]<\/p>\n<p>[row_inner h_align=&#8221;center&#8221;]<\/p>\n<p>[col_inner span=&#8221;3&#8243; span__sm=&#8221;6&#8243;]<\/p>\n<p>[team_member img=&#8221;3856&#8243; name=&#8221;Dr. Gergely Antal&#8221; title=&#8221;Junior Associate&#8221; email=&#8221;gergely.antal@bitaipartners.com&#8221; link=&#8221;https:\/\/dev.bitaipartners.com\/en\/our-team\/dr-gergely-antal\/&#8221; image_height=&#8221;100%&#8221;]<\/p>\n<p>[\/team_member]<\/p>\n<p>[\/col_inner]<br \/>\n[col_inner span=&#8221;3&#8243; span__sm=&#8221;6&#8243;]<\/p>\n<p>[team_member img=&#8221;3866&#8243; name=&#8221;Dr. Zs\u00f3fia M\u00e1ty\u00e1s&#8221; title=&#8221;Junior Associate&#8221; email=&#8221;zsofia.matyas@bitaipartners.com&#8221; linkedin=&#8221;https:\/\/www.linkedin.com\/in\/zs%C3%B3fia-m%C3%A1ty%C3%A1s-233006188\/&#8221; link=&#8221;https:\/\/dev.bitaipartners.com\/en\/our-team\/dr-zsofia-matyas\/&#8221; image_height=&#8221;100%&#8221;]<\/p>\n<p>[\/team_member]<\/p>\n<p>[\/col_inner]<\/p>\n<p>[\/row_inner]<\/p>\n<p>[\/col]<\/p>\n<p>[\/row]<br \/>\n[divider align=&#8221;center&#8221; width=&#8221;80%&#8221; height=&#8221;1px&#8221; margin=&#8221;1.5em&#8221;]<\/p>\n<p>[row label=&#8221;Regulatory&#8221;]<\/p>\n<p>[col span__sm=&#8221;12&#8243;]<\/p>\n<h2 style=\"text-align: center;\">Regulatory<\/h2>\n<p>[\/col]<br \/>\n[col span__sm=&#8221;12&#8243;]<\/p>\n<p>[row_inner h_align=&#8221;center&#8221;]<\/p>\n<p>[col_inner span=&#8221;3&#8243; span__sm=&#8221;6&#8243;]<\/p>\n<p>[team_member img=&#8221;2883&#8243; name=&#8221;Dr. Karolina T\u00f3th&#8221; title=&#8221;Bioengineer \/ Regulatory Manager&#8221; linkedin=&#8221;https:\/\/www.linkedin.com\/in\/tothkarolina86\/&#8221; link=&#8221;https:\/\/dev.bitaipartners.com\/en\/our-team\/dr-karolina-toth\/&#8221; image_height=&#8221;100%&#8221;]<\/p>\n<p>[\/team_member]<\/p>\n<p>[\/col_inner]<\/p>\n<p>[\/row_inner]<\/p>\n<p>[\/col]<\/p>\n<p>[\/row]<\/p>\n<p>[\/section]<\/p>\n","protected":false},"excerpt":{"rendered":"<p>[section label=&#8221;Our Team&#8221; padding=&#8221;0px&#8221; class=&#8221;csapatunk-gyujto&#8221;] [row label=&#8221;Managing partner&#8221; h_align=&#8221;center&#8221;] [col span__sm=&#8221;12&#8243;] [row_inner label=&#8221;senior associates header&#8221;] [col_inner span__sm=&#8221;12&#8243;] Managing [\/col_inner] [\/row_inner] [row_inner h_align=&#8221;center&#8221;] [col_inner span=&#8221;3&#8243; span__sm=&#8221;9&#8243;] [team_member img=&#8221;3221&#8243; style=&#8221;default&#8221; name=&#8221;Dr. Zs\u00f3fia Bitai LL.M.&#8221; title=&#8221;Managing Partner&#8221; email=&#8221;zsofia.bitai@bitaipartners.com&#8221; linkedin=&#8221;https:\/\/www.linkedin.com\/in\/dr-zsofia-bitai-ll-m-1249b84a\/&#8221; link=&#8221;https:\/\/dev.bitaipartners.com\/en\/our-team\/dr-zsofia-bitai\/&#8221; image_height=&#8221;100%&#8221;] [\/team_member] [\/col_inner] [\/row_inner] [\/col] [\/row] [divider align=&#8221;center&#8221; width=&#8221;80%&#8221; height=&#8221;1px&#8221; margin=&#8221;1.5em&#8221;] [row label=&#8221;Senior&#8221; h_align=&#8221;center&#8221;] [col span__sm=&#8221;12&#8243; class=&#8221;csapatunk-gyujto&#8221;] [row_inner [&hellip;]<\/p>\n","protected":false},"author":23,"featured_media":0,"parent":0,"menu_order":0,"comment_status":"closed","ping_status":"closed","template":"page-blank.php","meta":[],"yoast_head":"<!-- This site is optimized with the Yoast SEO plugin v18.4.1 - https:\/\/yoast.com\/wordpress\/plugins\/seo\/ -->\n<title>Our Team - BITAI &amp; Partners DEV<\/title>\n<meta name=\"robots\" content=\"noindex, follow, max-snippet:-1, max-image-preview:large, max-video-preview:-1\" \/>\n<meta property=\"og:locale\" content=\"en_US\" \/>\n<meta property=\"og:type\" content=\"article\" \/>\n<meta property=\"og:title\" content=\"Our Team - BITAI &amp; Partners DEV\" \/>\n<meta property=\"og:description\" content=\"[section label=&#8221;Our Team&#8221; padding=&#8221;0px&#8221; class=&#8221;csapatunk-gyujto&#8221;] [row label=&#8221;Managing partner&#8221; h_align=&#8221;center&#8221;] [col span__sm=&#8221;12&#8243;] [row_inner label=&#8221;senior associates header&#8221;] [col_inner span__sm=&#8221;12&#8243;] Managing [\/col_inner] [\/row_inner] [row_inner h_align=&#8221;center&#8221;] [col_inner span=&#8221;3&#8243; span__sm=&#8221;9&#8243;] [team_member img=&#8221;3221&#8243; style=&#8221;default&#8221; name=&#8221;Dr. Zs\u00f3fia Bitai LL.M.&#8221; title=&#8221;Managing Partner&#8221; email=&#8221;zsofia.bitai@bitaipartners.com&#8221; linkedin=&#8221;https:\/\/www.linkedin.com\/in\/dr-zsofia-bitai-ll-m-1249b84a\/&#8221; link=&#8221;https:\/\/dev.bitaipartners.com\/en\/our-team\/dr-zsofia-bitai\/&#8221; image_height=&#8221;100%&#8221;] [\/team_member] [\/col_inner] [\/row_inner] [\/col] [\/row] [divider align=&#8221;center&#8221; width=&#8221;80%&#8221; height=&#8221;1px&#8221; margin=&#8221;1.5em&#8221;] [row label=&#8221;Senior&#8221; h_align=&#8221;center&#8221;] [col span__sm=&#8221;12&#8243; class=&#8221;csapatunk-gyujto&#8221;] [row_inner [&hellip;]\" \/>\n<meta property=\"og:url\" content=\"https:\/\/dev.bitaipartners.com\/en\/our-team\/\" \/>\n<meta property=\"og:site_name\" content=\"BITAI &amp; Partners DEV\" \/>\n<meta property=\"article:publisher\" content=\"https:\/\/www.facebook.com\/bitaiandpartners\/\" \/>\n<meta property=\"article:modified_time\" content=\"2021-03-05T20:18:13+00:00\" \/>\n<meta name=\"twitter:card\" content=\"summary_large_image\" \/>\n<meta name=\"twitter:label1\" content=\"Est. reading time\" \/>\n\t<meta name=\"twitter:data1\" content=\"2 minutes\" \/>\n<script type=\"application\/ld+json\" class=\"yoast-schema-graph\">{\"@context\":\"https:\/\/schema.org\",\"@graph\":[{\"@type\":\"Organization\",\"@id\":\"https:\/\/dev.bitaipartners.com\/#organization\",\"name\":\"BITAI & Partners\",\"url\":\"https:\/\/dev.bitaipartners.com\/\",\"sameAs\":[\"https:\/\/www.facebook.com\/bitaiandpartners\/\",\"http:\/\/www.linkedin.com\/company\/bitai-legal-attorneys-at-law\/\"],\"logo\":{\"@type\":\"ImageObject\",\"@id\":\"https:\/\/dev.bitaipartners.com\/#logo\",\"inLanguage\":\"en-US\",\"url\":\"https:\/\/i0.wp.com\/bitaipartners.com\/wp-content\/uploads\/2019\/07\/logo-Collegium-Bitai-Partners-WITH-TEXT.png?fit=1000%2C387&ssl=1\",\"contentUrl\":\"https:\/\/i0.wp.com\/bitaipartners.com\/wp-content\/uploads\/2019\/07\/logo-Collegium-Bitai-Partners-WITH-TEXT.png?fit=1000%2C387&ssl=1\",\"width\":1000,\"height\":387,\"caption\":\"BITAI & Partners\"},\"image\":{\"@id\":\"https:\/\/dev.bitaipartners.com\/#logo\"}},{\"@type\":\"WebSite\",\"@id\":\"https:\/\/dev.bitaipartners.com\/#website\",\"url\":\"https:\/\/dev.bitaipartners.com\/\",\"name\":\"BITAI &amp; Partners DEV\",\"description\":\"Senkit nem \u00e9rdekel, hogy mit nem lehet - sokkal ink\u00e1bb az, hogyan lehet, de jogszer\u0171en.\",\"publisher\":{\"@id\":\"https:\/\/dev.bitaipartners.com\/#organization\"},\"potentialAction\":[{\"@type\":\"SearchAction\",\"target\":{\"@type\":\"EntryPoint\",\"urlTemplate\":\"https:\/\/dev.bitaipartners.com\/?s={search_term_string}\"},\"query-input\":\"required name=search_term_string\"}],\"inLanguage\":\"en-US\"},{\"@type\":\"WebPage\",\"@id\":\"https:\/\/dev.bitaipartners.com\/en\/our-team\/#webpage\",\"url\":\"https:\/\/dev.bitaipartners.com\/en\/our-team\/\",\"name\":\"Our Team - BITAI &amp; Partners DEV\",\"isPartOf\":{\"@id\":\"https:\/\/dev.bitaipartners.com\/#website\"},\"datePublished\":\"2015-06-22T06:54:57+00:00\",\"dateModified\":\"2021-03-05T20:18:13+00:00\",\"breadcrumb\":{\"@id\":\"https:\/\/dev.bitaipartners.com\/en\/our-team\/#breadcrumb\"},\"inLanguage\":\"en-US\",\"potentialAction\":[{\"@type\":\"ReadAction\",\"target\":[\"https:\/\/dev.bitaipartners.com\/en\/our-team\/\"]}]},{\"@type\":\"BreadcrumbList\",\"@id\":\"https:\/\/dev.bitaipartners.com\/en\/our-team\/#breadcrumb\",\"itemListElement\":[{\"@type\":\"ListItem\",\"position\":1,\"name\":\"Home\",\"item\":\"https:\/\/dev.bitaipartners.com\/en\/\"},{\"@type\":\"ListItem\",\"position\":2,\"name\":\"Our Team\"}]}]}<\/script>\n<!-- \/ Yoast SEO plugin. -->","yoast_head_json":{"title":"Our Team - BITAI &amp; Partners DEV","robots":{"index":"noindex","follow":"follow","max-snippet":"max-snippet:-1","max-image-preview":"max-image-preview:large","max-video-preview":"max-video-preview:-1"},"og_locale":"en_US","og_type":"article","og_title":"Our Team - BITAI &amp; Partners DEV","og_description":"[section label=&#8221;Our Team&#8221; padding=&#8221;0px&#8221; class=&#8221;csapatunk-gyujto&#8221;] [row label=&#8221;Managing partner&#8221; h_align=&#8221;center&#8221;] [col span__sm=&#8221;12&#8243;] [row_inner label=&#8221;senior associates header&#8221;] [col_inner span__sm=&#8221;12&#8243;] Managing [\/col_inner] [\/row_inner] [row_inner h_align=&#8221;center&#8221;] [col_inner span=&#8221;3&#8243; span__sm=&#8221;9&#8243;] [team_member img=&#8221;3221&#8243; style=&#8221;default&#8221; name=&#8221;Dr. Zs\u00f3fia Bitai LL.M.&#8221; title=&#8221;Managing Partner&#8221; email=&#8221;zsofia.bitai@bitaipartners.com&#8221; linkedin=&#8221;https:\/\/www.linkedin.com\/in\/dr-zsofia-bitai-ll-m-1249b84a\/&#8221; link=&#8221;https:\/\/dev.bitaipartners.com\/en\/our-team\/dr-zsofia-bitai\/&#8221; image_height=&#8221;100%&#8221;] [\/team_member] [\/col_inner] [\/row_inner] [\/col] [\/row] [divider align=&#8221;center&#8221; width=&#8221;80%&#8221; height=&#8221;1px&#8221; margin=&#8221;1.5em&#8221;] [row label=&#8221;Senior&#8221; h_align=&#8221;center&#8221;] [col span__sm=&#8221;12&#8243; class=&#8221;csapatunk-gyujto&#8221;] [row_inner [&hellip;]","og_url":"https:\/\/dev.bitaipartners.com\/en\/our-team\/","og_site_name":"BITAI &amp; Partners DEV","article_publisher":"https:\/\/www.facebook.com\/bitaiandpartners\/","article_modified_time":"2021-03-05T20:18:13+00:00","twitter_card":"summary_large_image","twitter_misc":{"Est. reading time":"2 minutes"},"schema":{"@context":"https:\/\/schema.org","@graph":[{"@type":"Organization","@id":"https:\/\/dev.bitaipartners.com\/#organization","name":"BITAI & Partners","url":"https:\/\/dev.bitaipartners.com\/","sameAs":["https:\/\/www.facebook.com\/bitaiandpartners\/","http:\/\/www.linkedin.com\/company\/bitai-legal-attorneys-at-law\/"],"logo":{"@type":"ImageObject","@id":"https:\/\/dev.bitaipartners.com\/#logo","inLanguage":"en-US","url":"https:\/\/i0.wp.com\/bitaipartners.com\/wp-content\/uploads\/2019\/07\/logo-Collegium-Bitai-Partners-WITH-TEXT.png?fit=1000%2C387&ssl=1","contentUrl":"https:\/\/i0.wp.com\/bitaipartners.com\/wp-content\/uploads\/2019\/07\/logo-Collegium-Bitai-Partners-WITH-TEXT.png?fit=1000%2C387&ssl=1","width":1000,"height":387,"caption":"BITAI & Partners"},"image":{"@id":"https:\/\/dev.bitaipartners.com\/#logo"}},{"@type":"WebSite","@id":"https:\/\/dev.bitaipartners.com\/#website","url":"https:\/\/dev.bitaipartners.com\/","name":"BITAI &amp; Partners DEV","description":"Senkit nem \u00e9rdekel, hogy mit nem lehet - sokkal ink\u00e1bb az, hogyan lehet, de jogszer\u0171en.","publisher":{"@id":"https:\/\/dev.bitaipartners.com\/#organization"},"potentialAction":[{"@type":"SearchAction","target":{"@type":"EntryPoint","urlTemplate":"https:\/\/dev.bitaipartners.com\/?s={search_term_string}"},"query-input":"required name=search_term_string"}],"inLanguage":"en-US"},{"@type":"WebPage","@id":"https:\/\/dev.bitaipartners.com\/en\/our-team\/#webpage","url":"https:\/\/dev.bitaipartners.com\/en\/our-team\/","name":"Our Team - BITAI &amp; Partners DEV","isPartOf":{"@id":"https:\/\/dev.bitaipartners.com\/#website"},"datePublished":"2015-06-22T06:54:57+00:00","dateModified":"2021-03-05T20:18:13+00:00","breadcrumb":{"@id":"https:\/\/dev.bitaipartners.com\/en\/our-team\/#breadcrumb"},"inLanguage":"en-US","potentialAction":[{"@type":"ReadAction","target":["https:\/\/dev.bitaipartners.com\/en\/our-team\/"]}]},{"@type":"BreadcrumbList","@id":"https:\/\/dev.bitaipartners.com\/en\/our-team\/#breadcrumb","itemListElement":[{"@type":"ListItem","position":1,"name":"Home","item":"https:\/\/dev.bitaipartners.com\/en\/"},{"@type":"ListItem","position":2,"name":"Our Team"}]}]}},"_links":{"self":[{"href":"https:\/\/dev.bitaipartners.com\/en\/wp-json\/wp\/v2\/pages\/3205"}],"collection":[{"href":"https:\/\/dev.bitaipartners.com\/en\/wp-json\/wp\/v2\/pages"}],"about":[{"href":"https:\/\/dev.bitaipartners.com\/en\/wp-json\/wp\/v2\/types\/page"}],"author":[{"embeddable":true,"href":"https:\/\/dev.bitaipartners.com\/en\/wp-json\/wp\/v2\/users\/23"}],"replies":[{"embeddable":true,"href":"https:\/\/dev.bitaipartners.com\/en\/wp-json\/wp\/v2\/comments?post=3205"}],"version-history":[{"count":47,"href":"https:\/\/dev.bitaipartners.com\/en\/wp-json\/wp\/v2\/pages\/3205\/revisions"}],"predecessor-version":[{"id":4117,"href":"https:\/\/dev.bitaipartners.com\/en\/wp-json\/wp\/v2\/pages\/3205\/revisions\/4117"}],"wp:attachment":[{"href":"https:\/\/dev.bitaipartners.com\/en\/wp-json\/wp\/v2\/media?parent=3205"}],"curies":[{"name":"wp","href":"https:\/\/api.w.org\/{rel}","templated":true}]}}