{"id":1670,"date":"2019-01-28T14:51:12","date_gmt":"2019-01-28T13:51:12","guid":{"rendered":"http:\/\/bitaiteszt.iwanwilaga.com\/dr-mosolygo-monika\/"},"modified":"2021-03-05T16:25:08","modified_gmt":"2021-03-05T15:25:08","slug":"dr-monika-mosolygo","status":"publish","type":"page","link":"https:\/\/dev.bitaipartners.com\/en\/our-team\/dr-monika-mosolygo\/","title":{"rendered":"Dr. M\u00f3nika Mosolyg\u00f3"},"content":{"rendered":"<p>[section padding=&#8221;0px&#8221; class=&#8221;munkatars-bemutatkozas&#8221;]<\/p>\n<p>[row]<\/p>\n<p>[col span=&#8221;4&#8243; span__sm=&#8221;12&#8243;]<\/p>\n<p>[ux_image id=&#8221;2879&#8243;]<\/p>\n<p>[follow style=&#8221;small&#8221; align=&#8221;right&#8221; scale=&#8221;166&#8243; linkedin=&#8221;https:\/\/www.linkedin.com\/in\/monika-mosolygo-0b6509179\/&#8221;]<\/p>\n<p>[\/col]<br \/>\n[col span=&#8221;8&#8243; span__sm=&#8221;12&#8243; padding=&#8221;0px 0px 0px 0px&#8221;]<\/p>\n<h2 class=\"title uppercase\">Dr. M\u00f3nika Mosolyg\u00f3<\/h2>\n<h3 class=\"thin-font\">Associated Attorney-at-law<\/h3>\n<p>As a cooperating attorney at the CLM BITAI &amp; PARTNERS, she provides help in many areas such as real estate law, labour law and data protection, GDPR and company law.<\/p>\n<p>After completing her degree in law, she gained a postgraduate diploma at E\u00f6tv\u00f6s Lor\u00e1nd University in the field of European Community laws.<\/p>\n<p>Since 2001 she has gained professional experience in the field of labour law in public administration, and has deepened her knowledge of civil law and labour law at a law firm specialized in property law, insurance, compensation and labour law. The full implementation of property transactions, real estate sale and purchase and gift contracts is her main area of speciality.<\/p>\n<p>n her work, she gives great importance to understand the problems of the clients and applies practical approach of legislation, while always focusing on the solution.<\/p>\n<p>Spoken languages: Hungarian, English, German<\/p>\n<p>[\/col]<\/p>\n<p>[\/row]<\/p>\n<p>[\/section]<\/p>\n","protected":false},"excerpt":{"rendered":"<p>[section padding=&#8221;0px&#8221; class=&#8221;munkatars-bemutatkozas&#8221;] [row] [col span=&#8221;4&#8243; span__sm=&#8221;12&#8243;] [ux_image id=&#8221;2879&#8243;] [follow style=&#8221;small&#8221; align=&#8221;right&#8221; scale=&#8221;166&#8243; linkedin=&#8221;https:\/\/www.linkedin.com\/in\/monika-mosolygo-0b6509179\/&#8221;] [\/col] [col span=&#8221;8&#8243; span__sm=&#8221;12&#8243; padding=&#8221;0px 0px 0px 0px&#8221;] Dr. M\u00f3nika Mosolyg\u00f3 Associated Attorney-at-law As a cooperating attorney at the CLM BITAI &amp; PARTNERS, she provides help in many areas such as real estate law, labour law and data protection, GDPR and [&hellip;]<\/p>\n","protected":false},"author":23,"featured_media":2879,"parent":3205,"menu_order":0,"comment_status":"closed","ping_status":"closed","template":"page-blank.php","meta":[],"yoast_head":"<!-- This site is optimized with the Yoast SEO plugin v18.4.1 - https:\/\/yoast.com\/wordpress\/plugins\/seo\/ -->\n<title>Dr. M\u00f3nika Mosolyg\u00f3 - BITAI &amp; Partners DEV<\/title>\n<meta name=\"robots\" content=\"noindex, follow, max-snippet:-1, max-image-preview:large, max-video-preview:-1\" \/>\n<meta property=\"og:locale\" content=\"en_US\" \/>\n<meta property=\"og:type\" content=\"article\" \/>\n<meta property=\"og:title\" content=\"Dr. M\u00f3nika Mosolyg\u00f3 - BITAI &amp; Partners DEV\" \/>\n<meta property=\"og:description\" content=\"[section padding=&#8221;0px&#8221; class=&#8221;munkatars-bemutatkozas&#8221;] [row] [col span=&#8221;4&#8243; span__sm=&#8221;12&#8243;] [ux_image id=&#8221;2879&#8243;] [follow style=&#8221;small&#8221; align=&#8221;right&#8221; scale=&#8221;166&#8243; linkedin=&#8221;https:\/\/www.linkedin.com\/in\/monika-mosolygo-0b6509179\/&#8221;] [\/col] [col span=&#8221;8&#8243; span__sm=&#8221;12&#8243; padding=&#8221;0px 0px 0px 0px&#8221;] Dr. M\u00f3nika Mosolyg\u00f3 Associated Attorney-at-law As a cooperating attorney at the CLM BITAI &amp; PARTNERS, she provides help in many areas such as real estate law, labour law and data protection, GDPR and [&hellip;]\" \/>\n<meta property=\"og:url\" content=\"https:\/\/dev.bitaipartners.com\/en\/our-team\/dr-monika-mosolygo\/\" \/>\n<meta property=\"og:site_name\" content=\"BITAI &amp; Partners DEV\" \/>\n<meta property=\"article:publisher\" content=\"https:\/\/www.facebook.com\/bitaiandpartners\/\" \/>\n<meta property=\"article:modified_time\" content=\"2021-03-05T15:25:08+00:00\" \/>\n<meta property=\"og:image\" content=\"https:\/\/dev.bitaipartners.com\/wp-content\/uploads\/2019\/05\/dr-mosolygo-monika-ugyved.jpg\" \/>\n\t<meta property=\"og:image:width\" content=\"533\" \/>\n\t<meta property=\"og:image:height\" content=\"800\" \/>\n\t<meta property=\"og:image:type\" content=\"image\/jpeg\" \/>\n<meta name=\"twitter:card\" content=\"summary_large_image\" \/>\n<meta name=\"twitter:label1\" content=\"Est. reading time\" \/>\n\t<meta name=\"twitter:data1\" content=\"1 minute\" \/>\n<script type=\"application\/ld+json\" class=\"yoast-schema-graph\">{\"@context\":\"https:\/\/schema.org\",\"@graph\":[{\"@type\":\"Organization\",\"@id\":\"https:\/\/dev.bitaipartners.com\/#organization\",\"name\":\"BITAI & Partners\",\"url\":\"https:\/\/dev.bitaipartners.com\/\",\"sameAs\":[\"https:\/\/www.facebook.com\/bitaiandpartners\/\",\"http:\/\/www.linkedin.com\/company\/bitai-legal-attorneys-at-law\/\"],\"logo\":{\"@type\":\"ImageObject\",\"@id\":\"https:\/\/dev.bitaipartners.com\/#logo\",\"inLanguage\":\"en-US\",\"url\":\"https:\/\/i0.wp.com\/bitaipartners.com\/wp-content\/uploads\/2019\/07\/logo-Collegium-Bitai-Partners-WITH-TEXT.png?fit=1000%2C387&ssl=1\",\"contentUrl\":\"https:\/\/i0.wp.com\/bitaipartners.com\/wp-content\/uploads\/2019\/07\/logo-Collegium-Bitai-Partners-WITH-TEXT.png?fit=1000%2C387&ssl=1\",\"width\":1000,\"height\":387,\"caption\":\"BITAI & Partners\"},\"image\":{\"@id\":\"https:\/\/dev.bitaipartners.com\/#logo\"}},{\"@type\":\"WebSite\",\"@id\":\"https:\/\/dev.bitaipartners.com\/#website\",\"url\":\"https:\/\/dev.bitaipartners.com\/\",\"name\":\"BITAI &amp; Partners DEV\",\"description\":\"Senkit nem \u00e9rdekel, hogy mit nem lehet - sokkal ink\u00e1bb az, hogyan lehet, de jogszer\u0171en.\",\"publisher\":{\"@id\":\"https:\/\/dev.bitaipartners.com\/#organization\"},\"potentialAction\":[{\"@type\":\"SearchAction\",\"target\":{\"@type\":\"EntryPoint\",\"urlTemplate\":\"https:\/\/dev.bitaipartners.com\/?s={search_term_string}\"},\"query-input\":\"required name=search_term_string\"}],\"inLanguage\":\"en-US\"},{\"@type\":\"ImageObject\",\"@id\":\"https:\/\/dev.bitaipartners.com\/en\/our-team\/dr-monika-mosolygo\/#primaryimage\",\"inLanguage\":\"en-US\",\"url\":\"https:\/\/dev.bitaipartners.com\/wp-content\/uploads\/2019\/05\/dr-mosolygo-monika-ugyved.jpg\",\"contentUrl\":\"https:\/\/dev.bitaipartners.com\/wp-content\/uploads\/2019\/05\/dr-mosolygo-monika-ugyved.jpg\",\"width\":533,\"height\":800},{\"@type\":\"WebPage\",\"@id\":\"https:\/\/dev.bitaipartners.com\/en\/our-team\/dr-monika-mosolygo\/#webpage\",\"url\":\"https:\/\/dev.bitaipartners.com\/en\/our-team\/dr-monika-mosolygo\/\",\"name\":\"Dr. M\u00f3nika Mosolyg\u00f3 - BITAI &amp; Partners DEV\",\"isPartOf\":{\"@id\":\"https:\/\/dev.bitaipartners.com\/#website\"},\"primaryImageOfPage\":{\"@id\":\"https:\/\/dev.bitaipartners.com\/en\/our-team\/dr-monika-mosolygo\/#primaryimage\"},\"datePublished\":\"2019-01-28T13:51:12+00:00\",\"dateModified\":\"2021-03-05T15:25:08+00:00\",\"breadcrumb\":{\"@id\":\"https:\/\/dev.bitaipartners.com\/en\/our-team\/dr-monika-mosolygo\/#breadcrumb\"},\"inLanguage\":\"en-US\",\"potentialAction\":[{\"@type\":\"ReadAction\",\"target\":[\"https:\/\/dev.bitaipartners.com\/en\/our-team\/dr-monika-mosolygo\/\"]}]},{\"@type\":\"BreadcrumbList\",\"@id\":\"https:\/\/dev.bitaipartners.com\/en\/our-team\/dr-monika-mosolygo\/#breadcrumb\",\"itemListElement\":[{\"@type\":\"ListItem\",\"position\":1,\"name\":\"Home\",\"item\":\"https:\/\/dev.bitaipartners.com\/en\/\"},{\"@type\":\"ListItem\",\"position\":2,\"name\":\"Our Team\",\"item\":\"https:\/\/dev.bitaipartners.com\/en\/our-team\/\"},{\"@type\":\"ListItem\",\"position\":3,\"name\":\"Dr. M\u00f3nika Mosolyg\u00f3\"}]}]}<\/script>\n<!-- \/ Yoast SEO plugin. -->","yoast_head_json":{"title":"Dr. M\u00f3nika Mosolyg\u00f3 - BITAI &amp; Partners DEV","robots":{"index":"noindex","follow":"follow","max-snippet":"max-snippet:-1","max-image-preview":"max-image-preview:large","max-video-preview":"max-video-preview:-1"},"og_locale":"en_US","og_type":"article","og_title":"Dr. M\u00f3nika Mosolyg\u00f3 - BITAI &amp; Partners DEV","og_description":"[section padding=&#8221;0px&#8221; class=&#8221;munkatars-bemutatkozas&#8221;] [row] [col span=&#8221;4&#8243; span__sm=&#8221;12&#8243;] [ux_image id=&#8221;2879&#8243;] [follow style=&#8221;small&#8221; align=&#8221;right&#8221; scale=&#8221;166&#8243; linkedin=&#8221;https:\/\/www.linkedin.com\/in\/monika-mosolygo-0b6509179\/&#8221;] [\/col] [col span=&#8221;8&#8243; span__sm=&#8221;12&#8243; padding=&#8221;0px 0px 0px 0px&#8221;] Dr. M\u00f3nika Mosolyg\u00f3 Associated Attorney-at-law As a cooperating attorney at the CLM BITAI &amp; PARTNERS, she provides help in many areas such as real estate law, labour law and data protection, GDPR and [&hellip;]","og_url":"https:\/\/dev.bitaipartners.com\/en\/our-team\/dr-monika-mosolygo\/","og_site_name":"BITAI &amp; Partners DEV","article_publisher":"https:\/\/www.facebook.com\/bitaiandpartners\/","article_modified_time":"2021-03-05T15:25:08+00:00","og_image":[{"width":533,"height":800,"url":"https:\/\/dev.bitaipartners.com\/wp-content\/uploads\/2019\/05\/dr-mosolygo-monika-ugyved.jpg","type":"image\/jpeg"}],"twitter_card":"summary_large_image","twitter_misc":{"Est. reading time":"1 minute"},"schema":{"@context":"https:\/\/schema.org","@graph":[{"@type":"Organization","@id":"https:\/\/dev.bitaipartners.com\/#organization","name":"BITAI & Partners","url":"https:\/\/dev.bitaipartners.com\/","sameAs":["https:\/\/www.facebook.com\/bitaiandpartners\/","http:\/\/www.linkedin.com\/company\/bitai-legal-attorneys-at-law\/"],"logo":{"@type":"ImageObject","@id":"https:\/\/dev.bitaipartners.com\/#logo","inLanguage":"en-US","url":"https:\/\/i0.wp.com\/bitaipartners.com\/wp-content\/uploads\/2019\/07\/logo-Collegium-Bitai-Partners-WITH-TEXT.png?fit=1000%2C387&ssl=1","contentUrl":"https:\/\/i0.wp.com\/bitaipartners.com\/wp-content\/uploads\/2019\/07\/logo-Collegium-Bitai-Partners-WITH-TEXT.png?fit=1000%2C387&ssl=1","width":1000,"height":387,"caption":"BITAI & Partners"},"image":{"@id":"https:\/\/dev.bitaipartners.com\/#logo"}},{"@type":"WebSite","@id":"https:\/\/dev.bitaipartners.com\/#website","url":"https:\/\/dev.bitaipartners.com\/","name":"BITAI &amp; Partners DEV","description":"Senkit nem \u00e9rdekel, hogy mit nem lehet - sokkal ink\u00e1bb az, hogyan lehet, de jogszer\u0171en.","publisher":{"@id":"https:\/\/dev.bitaipartners.com\/#organization"},"potentialAction":[{"@type":"SearchAction","target":{"@type":"EntryPoint","urlTemplate":"https:\/\/dev.bitaipartners.com\/?s={search_term_string}"},"query-input":"required name=search_term_string"}],"inLanguage":"en-US"},{"@type":"ImageObject","@id":"https:\/\/dev.bitaipartners.com\/en\/our-team\/dr-monika-mosolygo\/#primaryimage","inLanguage":"en-US","url":"https:\/\/dev.bitaipartners.com\/wp-content\/uploads\/2019\/05\/dr-mosolygo-monika-ugyved.jpg","contentUrl":"https:\/\/dev.bitaipartners.com\/wp-content\/uploads\/2019\/05\/dr-mosolygo-monika-ugyved.jpg","width":533,"height":800},{"@type":"WebPage","@id":"https:\/\/dev.bitaipartners.com\/en\/our-team\/dr-monika-mosolygo\/#webpage","url":"https:\/\/dev.bitaipartners.com\/en\/our-team\/dr-monika-mosolygo\/","name":"Dr. M\u00f3nika Mosolyg\u00f3 - BITAI &amp; Partners DEV","isPartOf":{"@id":"https:\/\/dev.bitaipartners.com\/#website"},"primaryImageOfPage":{"@id":"https:\/\/dev.bitaipartners.com\/en\/our-team\/dr-monika-mosolygo\/#primaryimage"},"datePublished":"2019-01-28T13:51:12+00:00","dateModified":"2021-03-05T15:25:08+00:00","breadcrumb":{"@id":"https:\/\/dev.bitaipartners.com\/en\/our-team\/dr-monika-mosolygo\/#breadcrumb"},"inLanguage":"en-US","potentialAction":[{"@type":"ReadAction","target":["https:\/\/dev.bitaipartners.com\/en\/our-team\/dr-monika-mosolygo\/"]}]},{"@type":"BreadcrumbList","@id":"https:\/\/dev.bitaipartners.com\/en\/our-team\/dr-monika-mosolygo\/#breadcrumb","itemListElement":[{"@type":"ListItem","position":1,"name":"Home","item":"https:\/\/dev.bitaipartners.com\/en\/"},{"@type":"ListItem","position":2,"name":"Our Team","item":"https:\/\/dev.bitaipartners.com\/en\/our-team\/"},{"@type":"ListItem","position":3,"name":"Dr. M\u00f3nika Mosolyg\u00f3"}]}]}},"_links":{"self":[{"href":"https:\/\/dev.bitaipartners.com\/en\/wp-json\/wp\/v2\/pages\/1670"}],"collection":[{"href":"https:\/\/dev.bitaipartners.com\/en\/wp-json\/wp\/v2\/pages"}],"about":[{"href":"https:\/\/dev.bitaipartners.com\/en\/wp-json\/wp\/v2\/types\/page"}],"author":[{"embeddable":true,"href":"https:\/\/dev.bitaipartners.com\/en\/wp-json\/wp\/v2\/users\/23"}],"replies":[{"embeddable":true,"href":"https:\/\/dev.bitaipartners.com\/en\/wp-json\/wp\/v2\/comments?post=1670"}],"version-history":[{"count":19,"href":"https:\/\/dev.bitaipartners.com\/en\/wp-json\/wp\/v2\/pages\/1670\/revisions"}],"predecessor-version":[{"id":4097,"href":"https:\/\/dev.bitaipartners.com\/en\/wp-json\/wp\/v2\/pages\/1670\/revisions\/4097"}],"up":[{"embeddable":true,"href":"https:\/\/dev.bitaipartners.com\/en\/wp-json\/wp\/v2\/pages\/3205"}],"wp:featuredmedia":[{"embeddable":true,"href":"https:\/\/dev.bitaipartners.com\/en\/wp-json\/wp\/v2\/media\/2879"}],"wp:attachment":[{"href":"https:\/\/dev.bitaipartners.com\/en\/wp-json\/wp\/v2\/media?parent=1670"}],"curies":[{"name":"wp","href":"https:\/\/api.w.org\/{rel}","templated":true}]}}