{"id":1534,"date":"2018-10-29T10:44:57","date_gmt":"2018-10-29T09:44:57","guid":{"rendered":"http:\/\/bitailegal.com\/?page_id=1534"},"modified":"2021-03-05T16:30:34","modified_gmt":"2021-03-05T15:30:34","slug":"dr-karolina-toth","status":"publish","type":"page","link":"https:\/\/dev.bitaipartners.com\/en\/our-team\/dr-karolina-toth\/","title":{"rendered":"Dr. Karolina T\u00f3th"},"content":{"rendered":"<p>\n[section padding=&#8221;0px&#8221; class=&#8221;munkatars-bemutatkozas&#8221;]<\/p>\n<p>[row]<\/p>\n<p>[col span=&#8221;4&#8243; span__sm=&#8221;12&#8243;]<\/p>\n<p>[ux_image id=&#8221;2883&#8243;]<\/p>\n<p>[follow style=&#8221;small&#8221; align=&#8221;right&#8221; scale=&#8221;166&#8243; linkedin=&#8221;https:\/\/www.linkedin.com\/in\/tothkarolina86\/&#8221;]<\/p>\n<p>[\/col]<br \/>\n[col span=&#8221;8&#8243; span__sm=&#8221;12&#8243; padding=&#8221;0px 0px 0px 0px&#8221;]<\/p>\n<h2 class=\"title uppercase\">Dr. Karolina T\u00f3th<\/h2>\n<h3 class=\"thin-font\">Bioengineer \/ Regulatory Manager<\/h3>\n<p>Cooperate with CLM BITAI &amp; PARTNERS law firm as regulatory manager in product complying with regulations for different industrial sectors such as toys, medical devices, medicinal products and different technical devices.<\/p>\n<p>Graduated as bioengineer in Budapest University of Technology and Economics. During her PhD research work she collaborated with Research Centre of Finland and Wageningen University.<\/p>\n<p>Possesses many years of experience in regulatory, research &amp; development and quality areas in FMCG field. She has knowledge on chemicals, cosmetics, toys, medical devices and medical products.<\/p>\n<p>In 2017, she established her consulting company, dtkconsulting.<\/p>\n<p>[\/col][\/row][\/section]<\/p>\n","protected":false},"excerpt":{"rendered":"<p>[section padding=&#8221;0px&#8221; class=&#8221;munkatars-bemutatkozas&#8221;] [row] [col span=&#8221;4&#8243; span__sm=&#8221;12&#8243;] [ux_image id=&#8221;2883&#8243;] [follow style=&#8221;small&#8221; align=&#8221;right&#8221; scale=&#8221;166&#8243; linkedin=&#8221;https:\/\/www.linkedin.com\/in\/tothkarolina86\/&#8221;] [\/col] [col span=&#8221;8&#8243; span__sm=&#8221;12&#8243; padding=&#8221;0px 0px 0px 0px&#8221;] Dr. Karolina T\u00f3th Bioengineer \/ Regulatory Manager Cooperate with CLM BITAI &amp; PARTNERS law firm as regulatory manager in product complying with regulations for different industrial sectors such as toys, medical devices, medicinal [&hellip;]<\/p>\n","protected":false},"author":23,"featured_media":0,"parent":3205,"menu_order":0,"comment_status":"closed","ping_status":"closed","template":"page-blank.php","meta":[],"yoast_head":"<!-- This site is optimized with the Yoast SEO plugin v18.4.1 - https:\/\/yoast.com\/wordpress\/plugins\/seo\/ -->\n<title>Dr. Karolina T\u00f3th - BITAI &amp; Partners DEV<\/title>\n<meta name=\"robots\" content=\"noindex, follow, max-snippet:-1, max-image-preview:large, max-video-preview:-1\" \/>\n<meta property=\"og:locale\" content=\"en_US\" \/>\n<meta property=\"og:type\" content=\"article\" \/>\n<meta property=\"og:title\" content=\"Dr. Karolina T\u00f3th - BITAI &amp; Partners DEV\" \/>\n<meta property=\"og:description\" content=\"[section padding=&#8221;0px&#8221; class=&#8221;munkatars-bemutatkozas&#8221;] [row] [col span=&#8221;4&#8243; span__sm=&#8221;12&#8243;] [ux_image id=&#8221;2883&#8243;] [follow style=&#8221;small&#8221; align=&#8221;right&#8221; scale=&#8221;166&#8243; linkedin=&#8221;https:\/\/www.linkedin.com\/in\/tothkarolina86\/&#8221;] [\/col] [col span=&#8221;8&#8243; span__sm=&#8221;12&#8243; padding=&#8221;0px 0px 0px 0px&#8221;] Dr. Karolina T\u00f3th Bioengineer \/ Regulatory Manager Cooperate with CLM BITAI &amp; PARTNERS law firm as regulatory manager in product complying with regulations for different industrial sectors such as toys, medical devices, medicinal [&hellip;]\" \/>\n<meta property=\"og:url\" content=\"https:\/\/dev.bitaipartners.com\/en\/our-team\/dr-karolina-toth\/\" \/>\n<meta property=\"og:site_name\" content=\"BITAI &amp; Partners DEV\" \/>\n<meta property=\"article:publisher\" content=\"https:\/\/www.facebook.com\/bitaiandpartners\/\" \/>\n<meta property=\"article:modified_time\" content=\"2021-03-05T15:30:34+00:00\" \/>\n<meta name=\"twitter:card\" content=\"summary_large_image\" \/>\n<meta name=\"twitter:label1\" content=\"Est. reading time\" \/>\n\t<meta name=\"twitter:data1\" content=\"1 minute\" \/>\n<script type=\"application\/ld+json\" class=\"yoast-schema-graph\">{\"@context\":\"https:\/\/schema.org\",\"@graph\":[{\"@type\":\"Organization\",\"@id\":\"https:\/\/dev.bitaipartners.com\/#organization\",\"name\":\"BITAI & Partners\",\"url\":\"https:\/\/dev.bitaipartners.com\/\",\"sameAs\":[\"https:\/\/www.facebook.com\/bitaiandpartners\/\",\"http:\/\/www.linkedin.com\/company\/bitai-legal-attorneys-at-law\/\"],\"logo\":{\"@type\":\"ImageObject\",\"@id\":\"https:\/\/dev.bitaipartners.com\/#logo\",\"inLanguage\":\"en-US\",\"url\":\"https:\/\/i0.wp.com\/bitaipartners.com\/wp-content\/uploads\/2019\/07\/logo-Collegium-Bitai-Partners-WITH-TEXT.png?fit=1000%2C387&ssl=1\",\"contentUrl\":\"https:\/\/i0.wp.com\/bitaipartners.com\/wp-content\/uploads\/2019\/07\/logo-Collegium-Bitai-Partners-WITH-TEXT.png?fit=1000%2C387&ssl=1\",\"width\":1000,\"height\":387,\"caption\":\"BITAI & Partners\"},\"image\":{\"@id\":\"https:\/\/dev.bitaipartners.com\/#logo\"}},{\"@type\":\"WebSite\",\"@id\":\"https:\/\/dev.bitaipartners.com\/#website\",\"url\":\"https:\/\/dev.bitaipartners.com\/\",\"name\":\"BITAI &amp; Partners DEV\",\"description\":\"Senkit nem \u00e9rdekel, hogy mit nem lehet - sokkal ink\u00e1bb az, hogyan lehet, de jogszer\u0171en.\",\"publisher\":{\"@id\":\"https:\/\/dev.bitaipartners.com\/#organization\"},\"potentialAction\":[{\"@type\":\"SearchAction\",\"target\":{\"@type\":\"EntryPoint\",\"urlTemplate\":\"https:\/\/dev.bitaipartners.com\/?s={search_term_string}\"},\"query-input\":\"required name=search_term_string\"}],\"inLanguage\":\"en-US\"},{\"@type\":\"WebPage\",\"@id\":\"https:\/\/dev.bitaipartners.com\/en\/our-team\/dr-karolina-toth\/#webpage\",\"url\":\"https:\/\/dev.bitaipartners.com\/en\/our-team\/dr-karolina-toth\/\",\"name\":\"Dr. Karolina T\u00f3th - BITAI &amp; Partners DEV\",\"isPartOf\":{\"@id\":\"https:\/\/dev.bitaipartners.com\/#website\"},\"datePublished\":\"2018-10-29T09:44:57+00:00\",\"dateModified\":\"2021-03-05T15:30:34+00:00\",\"breadcrumb\":{\"@id\":\"https:\/\/dev.bitaipartners.com\/en\/our-team\/dr-karolina-toth\/#breadcrumb\"},\"inLanguage\":\"en-US\",\"potentialAction\":[{\"@type\":\"ReadAction\",\"target\":[\"https:\/\/dev.bitaipartners.com\/en\/our-team\/dr-karolina-toth\/\"]}]},{\"@type\":\"BreadcrumbList\",\"@id\":\"https:\/\/dev.bitaipartners.com\/en\/our-team\/dr-karolina-toth\/#breadcrumb\",\"itemListElement\":[{\"@type\":\"ListItem\",\"position\":1,\"name\":\"Home\",\"item\":\"https:\/\/dev.bitaipartners.com\/en\/\"},{\"@type\":\"ListItem\",\"position\":2,\"name\":\"Our Team\",\"item\":\"https:\/\/dev.bitaipartners.com\/en\/our-team\/\"},{\"@type\":\"ListItem\",\"position\":3,\"name\":\"Dr. Karolina T\u00f3th\"}]}]}<\/script>\n<!-- \/ Yoast SEO plugin. -->","yoast_head_json":{"title":"Dr. Karolina T\u00f3th - BITAI &amp; Partners DEV","robots":{"index":"noindex","follow":"follow","max-snippet":"max-snippet:-1","max-image-preview":"max-image-preview:large","max-video-preview":"max-video-preview:-1"},"og_locale":"en_US","og_type":"article","og_title":"Dr. Karolina T\u00f3th - BITAI &amp; Partners DEV","og_description":"[section padding=&#8221;0px&#8221; class=&#8221;munkatars-bemutatkozas&#8221;] [row] [col span=&#8221;4&#8243; span__sm=&#8221;12&#8243;] [ux_image id=&#8221;2883&#8243;] [follow style=&#8221;small&#8221; align=&#8221;right&#8221; scale=&#8221;166&#8243; linkedin=&#8221;https:\/\/www.linkedin.com\/in\/tothkarolina86\/&#8221;] [\/col] [col span=&#8221;8&#8243; span__sm=&#8221;12&#8243; padding=&#8221;0px 0px 0px 0px&#8221;] Dr. Karolina T\u00f3th Bioengineer \/ Regulatory Manager Cooperate with CLM BITAI &amp; PARTNERS law firm as regulatory manager in product complying with regulations for different industrial sectors such as toys, medical devices, medicinal [&hellip;]","og_url":"https:\/\/dev.bitaipartners.com\/en\/our-team\/dr-karolina-toth\/","og_site_name":"BITAI &amp; Partners DEV","article_publisher":"https:\/\/www.facebook.com\/bitaiandpartners\/","article_modified_time":"2021-03-05T15:30:34+00:00","twitter_card":"summary_large_image","twitter_misc":{"Est. reading time":"1 minute"},"schema":{"@context":"https:\/\/schema.org","@graph":[{"@type":"Organization","@id":"https:\/\/dev.bitaipartners.com\/#organization","name":"BITAI & Partners","url":"https:\/\/dev.bitaipartners.com\/","sameAs":["https:\/\/www.facebook.com\/bitaiandpartners\/","http:\/\/www.linkedin.com\/company\/bitai-legal-attorneys-at-law\/"],"logo":{"@type":"ImageObject","@id":"https:\/\/dev.bitaipartners.com\/#logo","inLanguage":"en-US","url":"https:\/\/i0.wp.com\/bitaipartners.com\/wp-content\/uploads\/2019\/07\/logo-Collegium-Bitai-Partners-WITH-TEXT.png?fit=1000%2C387&ssl=1","contentUrl":"https:\/\/i0.wp.com\/bitaipartners.com\/wp-content\/uploads\/2019\/07\/logo-Collegium-Bitai-Partners-WITH-TEXT.png?fit=1000%2C387&ssl=1","width":1000,"height":387,"caption":"BITAI & Partners"},"image":{"@id":"https:\/\/dev.bitaipartners.com\/#logo"}},{"@type":"WebSite","@id":"https:\/\/dev.bitaipartners.com\/#website","url":"https:\/\/dev.bitaipartners.com\/","name":"BITAI &amp; Partners DEV","description":"Senkit nem \u00e9rdekel, hogy mit nem lehet - sokkal ink\u00e1bb az, hogyan lehet, de jogszer\u0171en.","publisher":{"@id":"https:\/\/dev.bitaipartners.com\/#organization"},"potentialAction":[{"@type":"SearchAction","target":{"@type":"EntryPoint","urlTemplate":"https:\/\/dev.bitaipartners.com\/?s={search_term_string}"},"query-input":"required name=search_term_string"}],"inLanguage":"en-US"},{"@type":"WebPage","@id":"https:\/\/dev.bitaipartners.com\/en\/our-team\/dr-karolina-toth\/#webpage","url":"https:\/\/dev.bitaipartners.com\/en\/our-team\/dr-karolina-toth\/","name":"Dr. Karolina T\u00f3th - BITAI &amp; Partners DEV","isPartOf":{"@id":"https:\/\/dev.bitaipartners.com\/#website"},"datePublished":"2018-10-29T09:44:57+00:00","dateModified":"2021-03-05T15:30:34+00:00","breadcrumb":{"@id":"https:\/\/dev.bitaipartners.com\/en\/our-team\/dr-karolina-toth\/#breadcrumb"},"inLanguage":"en-US","potentialAction":[{"@type":"ReadAction","target":["https:\/\/dev.bitaipartners.com\/en\/our-team\/dr-karolina-toth\/"]}]},{"@type":"BreadcrumbList","@id":"https:\/\/dev.bitaipartners.com\/en\/our-team\/dr-karolina-toth\/#breadcrumb","itemListElement":[{"@type":"ListItem","position":1,"name":"Home","item":"https:\/\/dev.bitaipartners.com\/en\/"},{"@type":"ListItem","position":2,"name":"Our Team","item":"https:\/\/dev.bitaipartners.com\/en\/our-team\/"},{"@type":"ListItem","position":3,"name":"Dr. Karolina T\u00f3th"}]}]}},"_links":{"self":[{"href":"https:\/\/dev.bitaipartners.com\/en\/wp-json\/wp\/v2\/pages\/1534"}],"collection":[{"href":"https:\/\/dev.bitaipartners.com\/en\/wp-json\/wp\/v2\/pages"}],"about":[{"href":"https:\/\/dev.bitaipartners.com\/en\/wp-json\/wp\/v2\/types\/page"}],"author":[{"embeddable":true,"href":"https:\/\/dev.bitaipartners.com\/en\/wp-json\/wp\/v2\/users\/23"}],"replies":[{"embeddable":true,"href":"https:\/\/dev.bitaipartners.com\/en\/wp-json\/wp\/v2\/comments?post=1534"}],"version-history":[{"count":10,"href":"https:\/\/dev.bitaipartners.com\/en\/wp-json\/wp\/v2\/pages\/1534\/revisions"}],"predecessor-version":[{"id":4102,"href":"https:\/\/dev.bitaipartners.com\/en\/wp-json\/wp\/v2\/pages\/1534\/revisions\/4102"}],"up":[{"embeddable":true,"href":"https:\/\/dev.bitaipartners.com\/en\/wp-json\/wp\/v2\/pages\/3205"}],"wp:attachment":[{"href":"https:\/\/dev.bitaipartners.com\/en\/wp-json\/wp\/v2\/media?parent=1534"}],"curies":[{"name":"wp","href":"https:\/\/api.w.org\/{rel}","templated":true}]}}