{"id":1157,"date":"2018-09-01T17:19:51","date_gmt":"2018-09-01T15:19:51","guid":{"rendered":"http:\/\/bitailegal.com\/index.php\/ingatlanjog\/"},"modified":"2020-04-28T10:55:10","modified_gmt":"2020-04-28T08:55:10","slug":"real-estate-law","status":"publish","type":"page","link":"https:\/\/dev.bitaipartners.com\/en\/law-services\/real-estate-law\/","title":{"rendered":"Real estate law"},"content":{"rendered":"<p>[section]<\/p>\n<p>[row]<\/p>\n<p>[col span__sm=&#8221;12&#8243;]<\/p>\n<h1>Real estate law<\/h1>\n<p>Before undertaking a real estate investment \u2013 whether it is purchase or lease of real estate or any other kind of real estate utilization \u2013 it is essential to be aware of the legal risks and consequences of the planned decision, and also, to be aware of the legally relevant facts about the property. The same diligence is required if our client is the one looking for an investor or a cooperating partner. After providing information about the legal circumstances, our lawyers draft the legal documents for the planned transaction.<\/p>\n<h2>OUR SERVICES:<\/h2>\n<ul class=\"szolgaltatasaink\">\n<li>Legal support of real estate investments<\/li>\n<li>Legal advice on the circumstances and legal risks of the acquisition of real estates<\/li>\n<li>Drafting contracts on the transfer of ownership of real estates<\/li>\n<li>Legal support of facility management<\/li>\n<li>Drafting lease contracts<\/li>\n<li>Drafting contracts concerning real estate mortgages and beneficial ownership<\/li>\n<\/ul>\n<h4>In connection with the above, we provide:<\/h4>\n<ul class=\"referenciaink\">\n<li>preparation and drafting of contracts and related documents (amendment, termination etc.)<\/li>\n<li>reviewing contracts and providing full legal advice<\/li>\n<li>drafting legal opinions<\/li>\n<li>legal representation in the course of the negotiations between the parties<\/li>\n<li>legal management of cases at the real estate authority<\/li>\n<\/ul>\n<h2>References and solved cases:<\/h2>\n<ul class=\"szolgaltatasaink\">\n<li>Drafting and reviewing the real estate sale and purchase contract and the contractors\u2019 agreements on design and construction connected to the expansion of a factory of a Swiss-owned company<\/li>\n<li>Drafting real estate sale and purchase contracts required for launching a new division of a Swiss-owned company<\/li>\n<li>Establishment of a rental scheme of a property used for the operation of a theatre and club run by a Hungarian-owned company, and negotiating the conditions of the lease contract with the foreign real estate owner, drafting and managing the lease contract<\/li>\n<li>Managing contracts related to the continuous lease of premises of a Hungarian-owned company, legal advice<\/li>\n<li>Drafting and reviewing contracts on sale and purchase and lease of business and residential premises, drafting and reviewing contracts on gifts, managing the related legal proceedings<\/li>\n<\/ul>\n<p>[\/col]<\/p>\n<p>[\/row]<\/p>\n<p>[\/section]<\/p>\n","protected":false},"excerpt":{"rendered":"<p>[section] [row] [col span__sm=&#8221;12&#8243;] Real estate law Before undertaking a real estate investment \u2013 whether it is purchase or lease of real estate or any other kind of real estate utilization \u2013 it is essential to be aware of the legal risks and consequences of the planned decision, and also, to be aware of the [&hellip;]<\/p>\n","protected":false},"author":23,"featured_media":0,"parent":1146,"menu_order":0,"comment_status":"closed","ping_status":"closed","template":"page-blank.php","meta":[],"yoast_head":"<!-- This site is optimized with the Yoast SEO plugin v18.4.1 - https:\/\/yoast.com\/wordpress\/plugins\/seo\/ -->\n<title>Real estate law - BITAI &amp; Partners DEV<\/title>\n<meta name=\"robots\" content=\"noindex, follow, max-snippet:-1, max-image-preview:large, max-video-preview:-1\" \/>\n<meta property=\"og:locale\" content=\"en_US\" \/>\n<meta property=\"og:type\" content=\"article\" \/>\n<meta property=\"og:title\" content=\"Real estate law - BITAI &amp; Partners DEV\" \/>\n<meta property=\"og:description\" content=\"[section] [row] [col span__sm=&#8221;12&#8243;] Real estate law Before undertaking a real estate investment \u2013 whether it is purchase or lease of real estate or any other kind of real estate utilization \u2013 it is essential to be aware of the legal risks and consequences of the planned decision, and also, to be aware of the [&hellip;]\" \/>\n<meta property=\"og:url\" content=\"https:\/\/dev.bitaipartners.com\/en\/law-services\/real-estate-law\/\" \/>\n<meta property=\"og:site_name\" content=\"BITAI &amp; Partners DEV\" \/>\n<meta property=\"article:publisher\" content=\"https:\/\/www.facebook.com\/bitaiandpartners\/\" \/>\n<meta property=\"article:modified_time\" content=\"2020-04-28T08:55:10+00:00\" \/>\n<meta name=\"twitter:card\" content=\"summary_large_image\" \/>\n<meta name=\"twitter:label1\" content=\"Est. reading time\" \/>\n\t<meta name=\"twitter:data1\" content=\"2 minutes\" \/>\n<script type=\"application\/ld+json\" class=\"yoast-schema-graph\">{\"@context\":\"https:\/\/schema.org\",\"@graph\":[{\"@type\":\"Organization\",\"@id\":\"https:\/\/dev.bitaipartners.com\/#organization\",\"name\":\"BITAI & Partners\",\"url\":\"https:\/\/dev.bitaipartners.com\/\",\"sameAs\":[\"https:\/\/www.facebook.com\/bitaiandpartners\/\",\"http:\/\/www.linkedin.com\/company\/bitai-legal-attorneys-at-law\/\"],\"logo\":{\"@type\":\"ImageObject\",\"@id\":\"https:\/\/dev.bitaipartners.com\/#logo\",\"inLanguage\":\"en-US\",\"url\":\"https:\/\/i0.wp.com\/bitaipartners.com\/wp-content\/uploads\/2019\/07\/logo-Collegium-Bitai-Partners-WITH-TEXT.png?fit=1000%2C387&ssl=1\",\"contentUrl\":\"https:\/\/i0.wp.com\/bitaipartners.com\/wp-content\/uploads\/2019\/07\/logo-Collegium-Bitai-Partners-WITH-TEXT.png?fit=1000%2C387&ssl=1\",\"width\":1000,\"height\":387,\"caption\":\"BITAI & Partners\"},\"image\":{\"@id\":\"https:\/\/dev.bitaipartners.com\/#logo\"}},{\"@type\":\"WebSite\",\"@id\":\"https:\/\/dev.bitaipartners.com\/#website\",\"url\":\"https:\/\/dev.bitaipartners.com\/\",\"name\":\"BITAI &amp; Partners DEV\",\"description\":\"Senkit nem \u00e9rdekel, hogy mit nem lehet - sokkal ink\u00e1bb az, hogyan lehet, de jogszer\u0171en.\",\"publisher\":{\"@id\":\"https:\/\/dev.bitaipartners.com\/#organization\"},\"potentialAction\":[{\"@type\":\"SearchAction\",\"target\":{\"@type\":\"EntryPoint\",\"urlTemplate\":\"https:\/\/dev.bitaipartners.com\/?s={search_term_string}\"},\"query-input\":\"required name=search_term_string\"}],\"inLanguage\":\"en-US\"},{\"@type\":\"WebPage\",\"@id\":\"https:\/\/dev.bitaipartners.com\/en\/law-services\/real-estate-law\/#webpage\",\"url\":\"https:\/\/dev.bitaipartners.com\/en\/law-services\/real-estate-law\/\",\"name\":\"Real estate law - BITAI &amp; Partners DEV\",\"isPartOf\":{\"@id\":\"https:\/\/dev.bitaipartners.com\/#website\"},\"datePublished\":\"2018-09-01T15:19:51+00:00\",\"dateModified\":\"2020-04-28T08:55:10+00:00\",\"breadcrumb\":{\"@id\":\"https:\/\/dev.bitaipartners.com\/en\/law-services\/real-estate-law\/#breadcrumb\"},\"inLanguage\":\"en-US\",\"potentialAction\":[{\"@type\":\"ReadAction\",\"target\":[\"https:\/\/dev.bitaipartners.com\/en\/law-services\/real-estate-law\/\"]}]},{\"@type\":\"BreadcrumbList\",\"@id\":\"https:\/\/dev.bitaipartners.com\/en\/law-services\/real-estate-law\/#breadcrumb\",\"itemListElement\":[{\"@type\":\"ListItem\",\"position\":1,\"name\":\"Home\",\"item\":\"https:\/\/dev.bitaipartners.com\/en\/\"},{\"@type\":\"ListItem\",\"position\":2,\"name\":\"Law Services\",\"item\":\"https:\/\/dev.bitaipartners.com\/en\/law-services\/\"},{\"@type\":\"ListItem\",\"position\":3,\"name\":\"Real estate law\"}]}]}<\/script>\n<!-- \/ Yoast SEO plugin. -->","yoast_head_json":{"title":"Real estate law - BITAI &amp; Partners DEV","robots":{"index":"noindex","follow":"follow","max-snippet":"max-snippet:-1","max-image-preview":"max-image-preview:large","max-video-preview":"max-video-preview:-1"},"og_locale":"en_US","og_type":"article","og_title":"Real estate law - BITAI &amp; Partners DEV","og_description":"[section] [row] [col span__sm=&#8221;12&#8243;] Real estate law Before undertaking a real estate investment \u2013 whether it is purchase or lease of real estate or any other kind of real estate utilization \u2013 it is essential to be aware of the legal risks and consequences of the planned decision, and also, to be aware of the [&hellip;]","og_url":"https:\/\/dev.bitaipartners.com\/en\/law-services\/real-estate-law\/","og_site_name":"BITAI &amp; Partners DEV","article_publisher":"https:\/\/www.facebook.com\/bitaiandpartners\/","article_modified_time":"2020-04-28T08:55:10+00:00","twitter_card":"summary_large_image","twitter_misc":{"Est. reading time":"2 minutes"},"schema":{"@context":"https:\/\/schema.org","@graph":[{"@type":"Organization","@id":"https:\/\/dev.bitaipartners.com\/#organization","name":"BITAI & Partners","url":"https:\/\/dev.bitaipartners.com\/","sameAs":["https:\/\/www.facebook.com\/bitaiandpartners\/","http:\/\/www.linkedin.com\/company\/bitai-legal-attorneys-at-law\/"],"logo":{"@type":"ImageObject","@id":"https:\/\/dev.bitaipartners.com\/#logo","inLanguage":"en-US","url":"https:\/\/i0.wp.com\/bitaipartners.com\/wp-content\/uploads\/2019\/07\/logo-Collegium-Bitai-Partners-WITH-TEXT.png?fit=1000%2C387&ssl=1","contentUrl":"https:\/\/i0.wp.com\/bitaipartners.com\/wp-content\/uploads\/2019\/07\/logo-Collegium-Bitai-Partners-WITH-TEXT.png?fit=1000%2C387&ssl=1","width":1000,"height":387,"caption":"BITAI & Partners"},"image":{"@id":"https:\/\/dev.bitaipartners.com\/#logo"}},{"@type":"WebSite","@id":"https:\/\/dev.bitaipartners.com\/#website","url":"https:\/\/dev.bitaipartners.com\/","name":"BITAI &amp; Partners DEV","description":"Senkit nem \u00e9rdekel, hogy mit nem lehet - sokkal ink\u00e1bb az, hogyan lehet, de jogszer\u0171en.","publisher":{"@id":"https:\/\/dev.bitaipartners.com\/#organization"},"potentialAction":[{"@type":"SearchAction","target":{"@type":"EntryPoint","urlTemplate":"https:\/\/dev.bitaipartners.com\/?s={search_term_string}"},"query-input":"required name=search_term_string"}],"inLanguage":"en-US"},{"@type":"WebPage","@id":"https:\/\/dev.bitaipartners.com\/en\/law-services\/real-estate-law\/#webpage","url":"https:\/\/dev.bitaipartners.com\/en\/law-services\/real-estate-law\/","name":"Real estate law - BITAI &amp; Partners DEV","isPartOf":{"@id":"https:\/\/dev.bitaipartners.com\/#website"},"datePublished":"2018-09-01T15:19:51+00:00","dateModified":"2020-04-28T08:55:10+00:00","breadcrumb":{"@id":"https:\/\/dev.bitaipartners.com\/en\/law-services\/real-estate-law\/#breadcrumb"},"inLanguage":"en-US","potentialAction":[{"@type":"ReadAction","target":["https:\/\/dev.bitaipartners.com\/en\/law-services\/real-estate-law\/"]}]},{"@type":"BreadcrumbList","@id":"https:\/\/dev.bitaipartners.com\/en\/law-services\/real-estate-law\/#breadcrumb","itemListElement":[{"@type":"ListItem","position":1,"name":"Home","item":"https:\/\/dev.bitaipartners.com\/en\/"},{"@type":"ListItem","position":2,"name":"Law Services","item":"https:\/\/dev.bitaipartners.com\/en\/law-services\/"},{"@type":"ListItem","position":3,"name":"Real estate law"}]}]}},"_links":{"self":[{"href":"https:\/\/dev.bitaipartners.com\/en\/wp-json\/wp\/v2\/pages\/1157"}],"collection":[{"href":"https:\/\/dev.bitaipartners.com\/en\/wp-json\/wp\/v2\/pages"}],"about":[{"href":"https:\/\/dev.bitaipartners.com\/en\/wp-json\/wp\/v2\/types\/page"}],"author":[{"embeddable":true,"href":"https:\/\/dev.bitaipartners.com\/en\/wp-json\/wp\/v2\/users\/23"}],"replies":[{"embeddable":true,"href":"https:\/\/dev.bitaipartners.com\/en\/wp-json\/wp\/v2\/comments?post=1157"}],"version-history":[{"count":8,"href":"https:\/\/dev.bitaipartners.com\/en\/wp-json\/wp\/v2\/pages\/1157\/revisions"}],"predecessor-version":[{"id":3734,"href":"https:\/\/dev.bitaipartners.com\/en\/wp-json\/wp\/v2\/pages\/1157\/revisions\/3734"}],"up":[{"embeddable":true,"href":"https:\/\/dev.bitaipartners.com\/en\/wp-json\/wp\/v2\/pages\/1146"}],"wp:attachment":[{"href":"https:\/\/dev.bitaipartners.com\/en\/wp-json\/wp\/v2\/media?parent=1157"}],"curies":[{"name":"wp","href":"https:\/\/api.w.org\/{rel}","templated":true}]}}