{"id":1156,"date":"2018-09-01T17:19:16","date_gmt":"2018-09-01T15:19:16","guid":{"rendered":"http:\/\/bitailegal.com\/index.php\/cegjog-tarsasagi-jog\/"},"modified":"2020-04-28T10:52:15","modified_gmt":"2020-04-28T08:52:15","slug":"corporate-law","status":"publish","type":"page","link":"https:\/\/dev.bitaipartners.com\/en\/law-services\/corporate-law\/","title":{"rendered":"Corporate law"},"content":{"rendered":"<h1>Corporate law<\/h1>\n<p>Regardless of the type of business, our clients are satisfied, if the establishment of the company and the legal tracking of the corporate changes in the life of the company later on, as well as the registration of the changes at the competent court of registry are done smoothly and professionally. Most of our clients are companies with an international ownership structure, thus managing cross-border changes in the company is natural for us as well.<\/p>\n<h2>OUR SERVICES:<\/h2>\n<ul class=\"szolgaltatasaink\">\n<li>Establishing companies<\/li>\n<li>Amendment of articles of associations of registered companies and drafting related documents<\/li>\n<li>Drafting and reviewing the existing contracts and documents of companies<\/li>\n<li>Drafting and reviewing joint venture agreements<\/li>\n<li>Drafting documents relating to the transfer of company shares and the related confidentiality agreements<\/li>\n<li>Transformation of companies (change of the legal form, merger, division)<\/li>\n<li>Legal representation in the course of bankruptcy proceedings<\/li>\n<li>Legal representation in the course of voluntary dissolution and liquidation proceedings<\/li>\n<\/ul>\n<h3>In connection with the above, we provide:<\/h3>\n<ul class=\"referenciaink\">\n<li>drafting and reviewing documents<\/li>\n<li>full legal advice and legal management, including the proceedings before the registry court<\/li>\n<li>drafting legal opinions<\/li>\n<li>legal representation of companies in the course of business negotiations<\/li>\n<\/ul>\n<h2>References and solved cases:<\/h2>\n<ul class=\"szolgaltatasaink\">\n<li>Continuous legal management of corporate changes at the Hungarian subsidiary of an American-owned and a French-owned multinational company<\/li>\n<li>Continuous legal management of the corporate changes and transfers of shares at Swiss-owned and Swedish-owned Hungarian companies.<\/li>\n<li>Establishment of Swiss-owned and Italian-English-owned limited liability companies.<\/li>\n<li>Establishment and day-to-day legal management of corporate changes of several Hungarian-owned undertakings \u2013 mainly limited liability companies.<\/li>\n<li>Day-to-day legal management of corporate changes at an American-owned toy manufacturer multinational company.<\/li>\n<li>The establishment of a Hungarian subsidiary of a Korean-owned company, the transfer of shares and the day-to-day legal management of the corporate changes.<\/li>\n<li>Day-to-day legal management of the corporate changes at an American-owned multinational hardware and software distribution company.<\/li>\n<li>Legal representation of a multinational company as creditor in a bankruptcy proceeding, legal representation of foreign and Hungarian companies as creditors in liquidation proceedings, legal management of voluntary dissolution proceedings.<\/li>\n<\/ul>\n<p>[\/col]<\/p>\n<p>[\/row]<\/p>\n<p>[\/section]<\/p>\n","protected":false},"excerpt":{"rendered":"<p>Corporate law Regardless of the type of business, our clients are satisfied, if the establishment of the company and the legal tracking of the corporate changes in the life of the company later on, as well as the registration of the changes at the competent court of registry are done smoothly and professionally. Most of [&hellip;]<\/p>\n","protected":false},"author":23,"featured_media":0,"parent":1146,"menu_order":0,"comment_status":"closed","ping_status":"closed","template":"","meta":[],"yoast_head":"<!-- This site is optimized with the Yoast SEO plugin v18.4.1 - https:\/\/yoast.com\/wordpress\/plugins\/seo\/ -->\n<title>Corporate law - BITAI &amp; Partners DEV<\/title>\n<meta name=\"robots\" content=\"noindex, follow, max-snippet:-1, max-image-preview:large, max-video-preview:-1\" \/>\n<meta property=\"og:locale\" content=\"en_US\" \/>\n<meta property=\"og:type\" content=\"article\" \/>\n<meta property=\"og:title\" content=\"Corporate law - BITAI &amp; Partners DEV\" \/>\n<meta property=\"og:description\" content=\"Corporate law Regardless of the type of business, our clients are satisfied, if the establishment of the company and the legal tracking of the corporate changes in the life of the company later on, as well as the registration of the changes at the competent court of registry are done smoothly and professionally. Most of [&hellip;]\" \/>\n<meta property=\"og:url\" content=\"https:\/\/dev.bitaipartners.com\/en\/law-services\/corporate-law\/\" \/>\n<meta property=\"og:site_name\" content=\"BITAI &amp; Partners DEV\" \/>\n<meta property=\"article:publisher\" content=\"https:\/\/www.facebook.com\/bitaiandpartners\/\" \/>\n<meta property=\"article:modified_time\" content=\"2020-04-28T08:52:15+00:00\" \/>\n<meta name=\"twitter:card\" content=\"summary_large_image\" \/>\n<meta name=\"twitter:label1\" content=\"Est. reading time\" \/>\n\t<meta name=\"twitter:data1\" content=\"2 minutes\" \/>\n<script type=\"application\/ld+json\" class=\"yoast-schema-graph\">{\"@context\":\"https:\/\/schema.org\",\"@graph\":[{\"@type\":\"Organization\",\"@id\":\"https:\/\/dev.bitaipartners.com\/#organization\",\"name\":\"BITAI & Partners\",\"url\":\"https:\/\/dev.bitaipartners.com\/\",\"sameAs\":[\"https:\/\/www.facebook.com\/bitaiandpartners\/\",\"http:\/\/www.linkedin.com\/company\/bitai-legal-attorneys-at-law\/\"],\"logo\":{\"@type\":\"ImageObject\",\"@id\":\"https:\/\/dev.bitaipartners.com\/#logo\",\"inLanguage\":\"en-US\",\"url\":\"https:\/\/i0.wp.com\/bitaipartners.com\/wp-content\/uploads\/2019\/07\/logo-Collegium-Bitai-Partners-WITH-TEXT.png?fit=1000%2C387&ssl=1\",\"contentUrl\":\"https:\/\/i0.wp.com\/bitaipartners.com\/wp-content\/uploads\/2019\/07\/logo-Collegium-Bitai-Partners-WITH-TEXT.png?fit=1000%2C387&ssl=1\",\"width\":1000,\"height\":387,\"caption\":\"BITAI & Partners\"},\"image\":{\"@id\":\"https:\/\/dev.bitaipartners.com\/#logo\"}},{\"@type\":\"WebSite\",\"@id\":\"https:\/\/dev.bitaipartners.com\/#website\",\"url\":\"https:\/\/dev.bitaipartners.com\/\",\"name\":\"BITAI &amp; Partners DEV\",\"description\":\"Senkit nem \u00e9rdekel, hogy mit nem lehet - sokkal ink\u00e1bb az, hogyan lehet, de jogszer\u0171en.\",\"publisher\":{\"@id\":\"https:\/\/dev.bitaipartners.com\/#organization\"},\"potentialAction\":[{\"@type\":\"SearchAction\",\"target\":{\"@type\":\"EntryPoint\",\"urlTemplate\":\"https:\/\/dev.bitaipartners.com\/?s={search_term_string}\"},\"query-input\":\"required name=search_term_string\"}],\"inLanguage\":\"en-US\"},{\"@type\":\"WebPage\",\"@id\":\"https:\/\/dev.bitaipartners.com\/en\/law-services\/corporate-law\/#webpage\",\"url\":\"https:\/\/dev.bitaipartners.com\/en\/law-services\/corporate-law\/\",\"name\":\"Corporate law - BITAI &amp; Partners DEV\",\"isPartOf\":{\"@id\":\"https:\/\/dev.bitaipartners.com\/#website\"},\"datePublished\":\"2018-09-01T15:19:16+00:00\",\"dateModified\":\"2020-04-28T08:52:15+00:00\",\"breadcrumb\":{\"@id\":\"https:\/\/dev.bitaipartners.com\/en\/law-services\/corporate-law\/#breadcrumb\"},\"inLanguage\":\"en-US\",\"potentialAction\":[{\"@type\":\"ReadAction\",\"target\":[\"https:\/\/dev.bitaipartners.com\/en\/law-services\/corporate-law\/\"]}]},{\"@type\":\"BreadcrumbList\",\"@id\":\"https:\/\/dev.bitaipartners.com\/en\/law-services\/corporate-law\/#breadcrumb\",\"itemListElement\":[{\"@type\":\"ListItem\",\"position\":1,\"name\":\"Home\",\"item\":\"https:\/\/dev.bitaipartners.com\/en\/\"},{\"@type\":\"ListItem\",\"position\":2,\"name\":\"Law Services\",\"item\":\"https:\/\/dev.bitaipartners.com\/en\/law-services\/\"},{\"@type\":\"ListItem\",\"position\":3,\"name\":\"Corporate law\"}]}]}<\/script>\n<!-- \/ Yoast SEO plugin. -->","yoast_head_json":{"title":"Corporate law - BITAI &amp; Partners DEV","robots":{"index":"noindex","follow":"follow","max-snippet":"max-snippet:-1","max-image-preview":"max-image-preview:large","max-video-preview":"max-video-preview:-1"},"og_locale":"en_US","og_type":"article","og_title":"Corporate law - BITAI &amp; Partners DEV","og_description":"Corporate law Regardless of the type of business, our clients are satisfied, if the establishment of the company and the legal tracking of the corporate changes in the life of the company later on, as well as the registration of the changes at the competent court of registry are done smoothly and professionally. Most of [&hellip;]","og_url":"https:\/\/dev.bitaipartners.com\/en\/law-services\/corporate-law\/","og_site_name":"BITAI &amp; Partners DEV","article_publisher":"https:\/\/www.facebook.com\/bitaiandpartners\/","article_modified_time":"2020-04-28T08:52:15+00:00","twitter_card":"summary_large_image","twitter_misc":{"Est. reading time":"2 minutes"},"schema":{"@context":"https:\/\/schema.org","@graph":[{"@type":"Organization","@id":"https:\/\/dev.bitaipartners.com\/#organization","name":"BITAI & Partners","url":"https:\/\/dev.bitaipartners.com\/","sameAs":["https:\/\/www.facebook.com\/bitaiandpartners\/","http:\/\/www.linkedin.com\/company\/bitai-legal-attorneys-at-law\/"],"logo":{"@type":"ImageObject","@id":"https:\/\/dev.bitaipartners.com\/#logo","inLanguage":"en-US","url":"https:\/\/i0.wp.com\/bitaipartners.com\/wp-content\/uploads\/2019\/07\/logo-Collegium-Bitai-Partners-WITH-TEXT.png?fit=1000%2C387&ssl=1","contentUrl":"https:\/\/i0.wp.com\/bitaipartners.com\/wp-content\/uploads\/2019\/07\/logo-Collegium-Bitai-Partners-WITH-TEXT.png?fit=1000%2C387&ssl=1","width":1000,"height":387,"caption":"BITAI & Partners"},"image":{"@id":"https:\/\/dev.bitaipartners.com\/#logo"}},{"@type":"WebSite","@id":"https:\/\/dev.bitaipartners.com\/#website","url":"https:\/\/dev.bitaipartners.com\/","name":"BITAI &amp; Partners DEV","description":"Senkit nem \u00e9rdekel, hogy mit nem lehet - sokkal ink\u00e1bb az, hogyan lehet, de jogszer\u0171en.","publisher":{"@id":"https:\/\/dev.bitaipartners.com\/#organization"},"potentialAction":[{"@type":"SearchAction","target":{"@type":"EntryPoint","urlTemplate":"https:\/\/dev.bitaipartners.com\/?s={search_term_string}"},"query-input":"required name=search_term_string"}],"inLanguage":"en-US"},{"@type":"WebPage","@id":"https:\/\/dev.bitaipartners.com\/en\/law-services\/corporate-law\/#webpage","url":"https:\/\/dev.bitaipartners.com\/en\/law-services\/corporate-law\/","name":"Corporate law - BITAI &amp; Partners DEV","isPartOf":{"@id":"https:\/\/dev.bitaipartners.com\/#website"},"datePublished":"2018-09-01T15:19:16+00:00","dateModified":"2020-04-28T08:52:15+00:00","breadcrumb":{"@id":"https:\/\/dev.bitaipartners.com\/en\/law-services\/corporate-law\/#breadcrumb"},"inLanguage":"en-US","potentialAction":[{"@type":"ReadAction","target":["https:\/\/dev.bitaipartners.com\/en\/law-services\/corporate-law\/"]}]},{"@type":"BreadcrumbList","@id":"https:\/\/dev.bitaipartners.com\/en\/law-services\/corporate-law\/#breadcrumb","itemListElement":[{"@type":"ListItem","position":1,"name":"Home","item":"https:\/\/dev.bitaipartners.com\/en\/"},{"@type":"ListItem","position":2,"name":"Law Services","item":"https:\/\/dev.bitaipartners.com\/en\/law-services\/"},{"@type":"ListItem","position":3,"name":"Corporate law"}]}]}},"_links":{"self":[{"href":"https:\/\/dev.bitaipartners.com\/en\/wp-json\/wp\/v2\/pages\/1156"}],"collection":[{"href":"https:\/\/dev.bitaipartners.com\/en\/wp-json\/wp\/v2\/pages"}],"about":[{"href":"https:\/\/dev.bitaipartners.com\/en\/wp-json\/wp\/v2\/types\/page"}],"author":[{"embeddable":true,"href":"https:\/\/dev.bitaipartners.com\/en\/wp-json\/wp\/v2\/users\/23"}],"replies":[{"embeddable":true,"href":"https:\/\/dev.bitaipartners.com\/en\/wp-json\/wp\/v2\/comments?post=1156"}],"version-history":[{"count":16,"href":"https:\/\/dev.bitaipartners.com\/en\/wp-json\/wp\/v2\/pages\/1156\/revisions"}],"predecessor-version":[{"id":3733,"href":"https:\/\/dev.bitaipartners.com\/en\/wp-json\/wp\/v2\/pages\/1156\/revisions\/3733"}],"up":[{"embeddable":true,"href":"https:\/\/dev.bitaipartners.com\/en\/wp-json\/wp\/v2\/pages\/1146"}],"wp:attachment":[{"href":"https:\/\/dev.bitaipartners.com\/en\/wp-json\/wp\/v2\/media?parent=1156"}],"curies":[{"name":"wp","href":"https:\/\/api.w.org\/{rel}","templated":true}]}}