{"id":1155,"date":"2018-09-01T17:18:14","date_gmt":"2018-09-01T15:18:14","guid":{"rendered":"http:\/\/bitailegal.com\/index.php\/versenyjog\/"},"modified":"2020-04-28T10:42:54","modified_gmt":"2020-04-28T08:42:54","slug":"competition-law","status":"publish","type":"page","link":"https:\/\/dev.bitaipartners.com\/en\/law-services\/competition-law\/","title":{"rendered":"Competition law"},"content":{"rendered":"<p>[section]<\/p>\n<p>[row]<\/p>\n<p>[col span__sm=&#8221;12&#8243;]<\/p>\n<h1>What is competition law?<\/h1>\n<p>Competition law is an area of economy law which aims to protect the fair competition. The main purpose of this area of law is to control and protect the competition as a basis of the market-economy, since only a fair competition among goods, services etc. of undertakings is able to ensure the consumer welfare.<\/p>\n<p>The two main areas of this field are the law against unfair competition and the law against restrictive market practices.<\/p>\n<h2>Rules against unfair competition<\/h2>\n<p>Competition law forbids any kind of unfair market practices, such as abuse of reputation, business secrecy violation, boycott, false designation of goods or services.<\/p>\n<h2>The law against restrictive market practices<\/h2>\n<h3>This area incorporates the following:<\/h3>\n<p>The prohibition of restrictive agreements (cartel prohibition), the prohibition of abuse of a dominant position, the control of concentration of undertakings (merger control).<\/p>\n<p>The field of law against restrictive market practices is controlled by the Hungarian Competition Authority. The fine for an infringement may amount to 10% of the net turnover achieved in the preceding business year.<\/p>\n<p>In order to avoid an infringement, it is worthwhile to seek an advice of an expert, and to establish a competition compliance programme.<\/p>\n<h2>OUR SERVICES:<\/h2>\n<ul class=\"szolgaltatasaink\">\n<li>Implementing competition law compliance \u2013 competition law audits, compliance programs, dawn raid guides<\/li>\n<li>Trainings in competition law compliance<\/li>\n<li>Sales trainings<\/li>\n<li>Legal opinion on pricing questions<\/li>\n<li>Representation of clients in unfair copying, abuse of reputation, and business secrecy infringement cases<\/li>\n<li>Legal opinion on business conduct in the light of unfair sales practices<\/li>\n<li>Legal opinion on business behaviour regarding retail businesses and towards consumers<\/li>\n<li>Representation before the Competition Authority and before courts<\/li>\n<li>Representation in alternative dispute resolutions (conciliatory) and self-regulatory bodies<\/li>\n<li>Legal opinion on contracts<\/li>\n<\/ul>\n<h2>REFERENCES AND SOLVED CASES:<\/h2>\n<ul class=\"referenciaink\">\n<li>Permanent legal advice for multinational companies to avoid restrictive agreements, and also to avoid unfair market practices against consumers<\/li>\n<li>Permanent legal advice for companies with dominant position in order to develop lawful market behaviour<\/li>\n<li>Permanent legal advice for multinational companies on fair pricing issues<\/li>\n<li>Establishment and implementation of competition compliance program for a multinational toy manufacturer company<\/li>\n<li>Regular training courses and trainings in order to ensure competition law compliance<\/li>\n<li>Monitoring of fair market behaviour of competitors, as well as, if necessary, reporting to authorities<\/li>\n<li>Submission of merger clearance files of undertakings to the Hungarian Competition Authority and full representation of a client in the food industry in such case<\/li>\n<li>Representation before courts and other authorities in several cases<\/li>\n<\/ul>\n<p>[\/col]<\/p>\n<p>[\/row]<\/p>\n<p>[\/section]<\/p>\n","protected":false},"excerpt":{"rendered":"<p>[section] [row] [col span__sm=&#8221;12&#8243;] What is competition law? Competition law is an area of economy law which aims to protect the fair competition. The main purpose of this area of law is to control and protect the competition as a basis of the market-economy, since only a fair competition among goods, services etc. of undertakings [&hellip;]<\/p>\n","protected":false},"author":23,"featured_media":0,"parent":1146,"menu_order":0,"comment_status":"closed","ping_status":"closed","template":"page-blank.php","meta":[],"yoast_head":"<!-- This site is optimized with the Yoast SEO plugin v18.4.1 - https:\/\/yoast.com\/wordpress\/plugins\/seo\/ -->\n<title>Competition law - BITAI &amp; Partners DEV<\/title>\n<meta name=\"robots\" content=\"noindex, follow, max-snippet:-1, max-image-preview:large, max-video-preview:-1\" \/>\n<meta property=\"og:locale\" content=\"en_US\" \/>\n<meta property=\"og:type\" content=\"article\" \/>\n<meta property=\"og:title\" content=\"Competition law - BITAI &amp; Partners DEV\" \/>\n<meta property=\"og:description\" content=\"[section] [row] [col span__sm=&#8221;12&#8243;] What is competition law? Competition law is an area of economy law which aims to protect the fair competition. The main purpose of this area of law is to control and protect the competition as a basis of the market-economy, since only a fair competition among goods, services etc. of undertakings [&hellip;]\" \/>\n<meta property=\"og:url\" content=\"https:\/\/dev.bitaipartners.com\/en\/law-services\/competition-law\/\" \/>\n<meta property=\"og:site_name\" content=\"BITAI &amp; Partners DEV\" \/>\n<meta property=\"article:publisher\" content=\"https:\/\/www.facebook.com\/bitaiandpartners\/\" \/>\n<meta property=\"article:modified_time\" content=\"2020-04-28T08:42:54+00:00\" \/>\n<meta name=\"twitter:card\" content=\"summary_large_image\" \/>\n<meta name=\"twitter:label1\" content=\"Est. reading time\" \/>\n\t<meta name=\"twitter:data1\" content=\"2 minutes\" \/>\n<script type=\"application\/ld+json\" class=\"yoast-schema-graph\">{\"@context\":\"https:\/\/schema.org\",\"@graph\":[{\"@type\":\"Organization\",\"@id\":\"https:\/\/dev.bitaipartners.com\/#organization\",\"name\":\"BITAI & Partners\",\"url\":\"https:\/\/dev.bitaipartners.com\/\",\"sameAs\":[\"https:\/\/www.facebook.com\/bitaiandpartners\/\",\"http:\/\/www.linkedin.com\/company\/bitai-legal-attorneys-at-law\/\"],\"logo\":{\"@type\":\"ImageObject\",\"@id\":\"https:\/\/dev.bitaipartners.com\/#logo\",\"inLanguage\":\"en-US\",\"url\":\"https:\/\/i0.wp.com\/bitaipartners.com\/wp-content\/uploads\/2019\/07\/logo-Collegium-Bitai-Partners-WITH-TEXT.png?fit=1000%2C387&ssl=1\",\"contentUrl\":\"https:\/\/i0.wp.com\/bitaipartners.com\/wp-content\/uploads\/2019\/07\/logo-Collegium-Bitai-Partners-WITH-TEXT.png?fit=1000%2C387&ssl=1\",\"width\":1000,\"height\":387,\"caption\":\"BITAI & Partners\"},\"image\":{\"@id\":\"https:\/\/dev.bitaipartners.com\/#logo\"}},{\"@type\":\"WebSite\",\"@id\":\"https:\/\/dev.bitaipartners.com\/#website\",\"url\":\"https:\/\/dev.bitaipartners.com\/\",\"name\":\"BITAI &amp; Partners DEV\",\"description\":\"Senkit nem \u00e9rdekel, hogy mit nem lehet - sokkal ink\u00e1bb az, hogyan lehet, de jogszer\u0171en.\",\"publisher\":{\"@id\":\"https:\/\/dev.bitaipartners.com\/#organization\"},\"potentialAction\":[{\"@type\":\"SearchAction\",\"target\":{\"@type\":\"EntryPoint\",\"urlTemplate\":\"https:\/\/dev.bitaipartners.com\/?s={search_term_string}\"},\"query-input\":\"required name=search_term_string\"}],\"inLanguage\":\"en-US\"},{\"@type\":\"WebPage\",\"@id\":\"https:\/\/dev.bitaipartners.com\/en\/law-services\/competition-law\/#webpage\",\"url\":\"https:\/\/dev.bitaipartners.com\/en\/law-services\/competition-law\/\",\"name\":\"Competition law - BITAI &amp; Partners DEV\",\"isPartOf\":{\"@id\":\"https:\/\/dev.bitaipartners.com\/#website\"},\"datePublished\":\"2018-09-01T15:18:14+00:00\",\"dateModified\":\"2020-04-28T08:42:54+00:00\",\"breadcrumb\":{\"@id\":\"https:\/\/dev.bitaipartners.com\/en\/law-services\/competition-law\/#breadcrumb\"},\"inLanguage\":\"en-US\",\"potentialAction\":[{\"@type\":\"ReadAction\",\"target\":[\"https:\/\/dev.bitaipartners.com\/en\/law-services\/competition-law\/\"]}]},{\"@type\":\"BreadcrumbList\",\"@id\":\"https:\/\/dev.bitaipartners.com\/en\/law-services\/competition-law\/#breadcrumb\",\"itemListElement\":[{\"@type\":\"ListItem\",\"position\":1,\"name\":\"Home\",\"item\":\"https:\/\/dev.bitaipartners.com\/en\/\"},{\"@type\":\"ListItem\",\"position\":2,\"name\":\"Law Services\",\"item\":\"https:\/\/dev.bitaipartners.com\/en\/law-services\/\"},{\"@type\":\"ListItem\",\"position\":3,\"name\":\"Competition law\"}]}]}<\/script>\n<!-- \/ Yoast SEO plugin. -->","yoast_head_json":{"title":"Competition law - BITAI &amp; Partners DEV","robots":{"index":"noindex","follow":"follow","max-snippet":"max-snippet:-1","max-image-preview":"max-image-preview:large","max-video-preview":"max-video-preview:-1"},"og_locale":"en_US","og_type":"article","og_title":"Competition law - BITAI &amp; Partners DEV","og_description":"[section] [row] [col span__sm=&#8221;12&#8243;] What is competition law? Competition law is an area of economy law which aims to protect the fair competition. The main purpose of this area of law is to control and protect the competition as a basis of the market-economy, since only a fair competition among goods, services etc. of undertakings [&hellip;]","og_url":"https:\/\/dev.bitaipartners.com\/en\/law-services\/competition-law\/","og_site_name":"BITAI &amp; Partners DEV","article_publisher":"https:\/\/www.facebook.com\/bitaiandpartners\/","article_modified_time":"2020-04-28T08:42:54+00:00","twitter_card":"summary_large_image","twitter_misc":{"Est. reading time":"2 minutes"},"schema":{"@context":"https:\/\/schema.org","@graph":[{"@type":"Organization","@id":"https:\/\/dev.bitaipartners.com\/#organization","name":"BITAI & Partners","url":"https:\/\/dev.bitaipartners.com\/","sameAs":["https:\/\/www.facebook.com\/bitaiandpartners\/","http:\/\/www.linkedin.com\/company\/bitai-legal-attorneys-at-law\/"],"logo":{"@type":"ImageObject","@id":"https:\/\/dev.bitaipartners.com\/#logo","inLanguage":"en-US","url":"https:\/\/i0.wp.com\/bitaipartners.com\/wp-content\/uploads\/2019\/07\/logo-Collegium-Bitai-Partners-WITH-TEXT.png?fit=1000%2C387&ssl=1","contentUrl":"https:\/\/i0.wp.com\/bitaipartners.com\/wp-content\/uploads\/2019\/07\/logo-Collegium-Bitai-Partners-WITH-TEXT.png?fit=1000%2C387&ssl=1","width":1000,"height":387,"caption":"BITAI & Partners"},"image":{"@id":"https:\/\/dev.bitaipartners.com\/#logo"}},{"@type":"WebSite","@id":"https:\/\/dev.bitaipartners.com\/#website","url":"https:\/\/dev.bitaipartners.com\/","name":"BITAI &amp; Partners DEV","description":"Senkit nem \u00e9rdekel, hogy mit nem lehet - sokkal ink\u00e1bb az, hogyan lehet, de jogszer\u0171en.","publisher":{"@id":"https:\/\/dev.bitaipartners.com\/#organization"},"potentialAction":[{"@type":"SearchAction","target":{"@type":"EntryPoint","urlTemplate":"https:\/\/dev.bitaipartners.com\/?s={search_term_string}"},"query-input":"required name=search_term_string"}],"inLanguage":"en-US"},{"@type":"WebPage","@id":"https:\/\/dev.bitaipartners.com\/en\/law-services\/competition-law\/#webpage","url":"https:\/\/dev.bitaipartners.com\/en\/law-services\/competition-law\/","name":"Competition law - BITAI &amp; Partners DEV","isPartOf":{"@id":"https:\/\/dev.bitaipartners.com\/#website"},"datePublished":"2018-09-01T15:18:14+00:00","dateModified":"2020-04-28T08:42:54+00:00","breadcrumb":{"@id":"https:\/\/dev.bitaipartners.com\/en\/law-services\/competition-law\/#breadcrumb"},"inLanguage":"en-US","potentialAction":[{"@type":"ReadAction","target":["https:\/\/dev.bitaipartners.com\/en\/law-services\/competition-law\/"]}]},{"@type":"BreadcrumbList","@id":"https:\/\/dev.bitaipartners.com\/en\/law-services\/competition-law\/#breadcrumb","itemListElement":[{"@type":"ListItem","position":1,"name":"Home","item":"https:\/\/dev.bitaipartners.com\/en\/"},{"@type":"ListItem","position":2,"name":"Law Services","item":"https:\/\/dev.bitaipartners.com\/en\/law-services\/"},{"@type":"ListItem","position":3,"name":"Competition law"}]}]}},"_links":{"self":[{"href":"https:\/\/dev.bitaipartners.com\/en\/wp-json\/wp\/v2\/pages\/1155"}],"collection":[{"href":"https:\/\/dev.bitaipartners.com\/en\/wp-json\/wp\/v2\/pages"}],"about":[{"href":"https:\/\/dev.bitaipartners.com\/en\/wp-json\/wp\/v2\/types\/page"}],"author":[{"embeddable":true,"href":"https:\/\/dev.bitaipartners.com\/en\/wp-json\/wp\/v2\/users\/23"}],"replies":[{"embeddable":true,"href":"https:\/\/dev.bitaipartners.com\/en\/wp-json\/wp\/v2\/comments?post=1155"}],"version-history":[{"count":9,"href":"https:\/\/dev.bitaipartners.com\/en\/wp-json\/wp\/v2\/pages\/1155\/revisions"}],"predecessor-version":[{"id":3726,"href":"https:\/\/dev.bitaipartners.com\/en\/wp-json\/wp\/v2\/pages\/1155\/revisions\/3726"}],"up":[{"embeddable":true,"href":"https:\/\/dev.bitaipartners.com\/en\/wp-json\/wp\/v2\/pages\/1146"}],"wp:attachment":[{"href":"https:\/\/dev.bitaipartners.com\/en\/wp-json\/wp\/v2\/media?parent=1155"}],"curies":[{"name":"wp","href":"https:\/\/api.w.org\/{rel}","templated":true}]}}