{"id":1154,"date":"2018-09-01T17:18:45","date_gmt":"2018-09-01T15:18:45","guid":{"rendered":"http:\/\/bitailegal.com\/index.php\/kereskedelmijog\/"},"modified":"2020-04-28T10:58:14","modified_gmt":"2020-04-28T08:58:14","slug":"commercial-law","status":"publish","type":"page","link":"https:\/\/dev.bitaipartners.com\/en\/law-services\/commercial-law\/","title":{"rendered":"Commercial law and trade"},"content":{"rendered":"<h1>Commercial law<\/h1>\n<p>We help to orientate in the extensive and complex field of commercial law. After listening attentively to the needs and commercial goals of our client, we establish the most appropriate legal solution. Our aim is to make business ideas come true under the protection of law.<\/p>\n<h2>OUR SERVICES:<\/h2>\n<ul class=\"szolgaltatasaink\">\n<li>contracts of sale and supply contracts<\/li>\n<li>distribution contracts<\/li>\n<li>agency contracts<\/li>\n<li>mandate agreements<\/li>\n<li>contractors\u2019 agreements<\/li>\n<li>logistics and storage contracts<\/li>\n<li>freight forwarding contracts and contracts of carriage<\/li>\n<li>general terms and conditions<\/li>\n<li>agreements on facility operation and management<\/li>\n<li>bonus and loyalty policies<\/li>\n<\/ul>\n<h4>In connection with the above, we provide:<\/h4>\n<ul class=\"referenciaink\">\n<li>preparation and drafting of contracts and related documents (amendment, termination, etc.)<\/li>\n<li>drafting of tailor made, according-to-need contracts<\/li>\n<li>legal opinion on contracts and full legal business counselling<\/li>\n<li>drafting diligence letters, legal opinions<\/li>\n<li>legal representation of undertakings in business negotiations<\/li>\n<li>legal advice and opinion in warranty cases and complaint issues<\/li>\n<\/ul>\n<div> <\/div>\n<h2>References and solved cases:<\/h2>\n<ul class=\"szolgaltatasaink\">\n<li>Drafting, reviewing and managing the contracts of an American-owned multinational household electronics products manufacturer and distribution corporation with its Hungarian and foreign trading partners. Continuous legal advice regarding the operation of its Hungarian subsidiary, including warranties and complaints; drafting legal opinions.<\/li>\n<li>Drafting and reviewing the supply contracts of a French-owned multinational company supplying industrial gas in Hungary and drafting legal opinions.<\/li>\n<li>Reviewing and managing the contracts concluded by and between an American-owned FMCG multinational company and its Hungarian and foreign trading partners.<\/li>\n<li>Reviewing and managing the contracts between an American-owned multinational toy manufacturer company and its Hungarian and foreign trading partners.<\/li>\n<li>Reviewing and managing the contracts of a Dutch-English-owned multinational FMCG company with its Hungarian and international trading partners.<\/li>\n<li>Full legal representation of a Hungarian-owned company dealing mainly with distribution of FMCG, pharmaceutical products and related marketing activities. Drafting, reviewing and continuous management of its contracts.<\/li>\n<li>Drafting, managing and reviewing the trade co-operation contracts of a Swiss-owned Hungarian meat product company; day-to-day legal advice.<\/li>\n<li>Managing and reviewing the trade contracts of a Swiss-owned Hungarian paper distribution company.<\/li>\n<li>Reviewing and managing the contracts between an American-owned hardware and software distribution company and its Hungarian and foreign trading partners.<\/li>\n<\/ul>\n","protected":false},"excerpt":{"rendered":"<p>Commercial law We help to orientate in the extensive and complex field of commercial law. After listening attentively to the needs and commercial goals of our client, we establish the most appropriate legal solution. Our aim is to make business ideas come true under the protection of law. OUR SERVICES: contracts of sale and supply [&hellip;]<\/p>\n","protected":false},"author":23,"featured_media":0,"parent":1146,"menu_order":0,"comment_status":"closed","ping_status":"closed","template":"","meta":[],"yoast_head":"<!-- This site is optimized with the Yoast SEO plugin v18.4.1 - https:\/\/yoast.com\/wordpress\/plugins\/seo\/ -->\n<title>Commercial law and trade - BITAI &amp; Partners DEV<\/title>\n<meta name=\"robots\" content=\"noindex, follow, max-snippet:-1, max-image-preview:large, max-video-preview:-1\" \/>\n<meta property=\"og:locale\" content=\"en_US\" \/>\n<meta property=\"og:type\" content=\"article\" \/>\n<meta property=\"og:title\" content=\"Commercial law and trade - BITAI &amp; Partners DEV\" \/>\n<meta property=\"og:description\" content=\"Commercial law We help to orientate in the extensive and complex field of commercial law. After listening attentively to the needs and commercial goals of our client, we establish the most appropriate legal solution. Our aim is to make business ideas come true under the protection of law. OUR SERVICES: contracts of sale and supply [&hellip;]\" \/>\n<meta property=\"og:url\" content=\"https:\/\/dev.bitaipartners.com\/en\/law-services\/commercial-law\/\" \/>\n<meta property=\"og:site_name\" content=\"BITAI &amp; Partners DEV\" \/>\n<meta property=\"article:publisher\" content=\"https:\/\/www.facebook.com\/bitaiandpartners\/\" \/>\n<meta property=\"article:modified_time\" content=\"2020-04-28T08:58:14+00:00\" \/>\n<meta name=\"twitter:card\" content=\"summary_large_image\" \/>\n<meta name=\"twitter:label1\" content=\"Est. reading time\" \/>\n\t<meta name=\"twitter:data1\" content=\"2 minutes\" \/>\n<script type=\"application\/ld+json\" class=\"yoast-schema-graph\">{\"@context\":\"https:\/\/schema.org\",\"@graph\":[{\"@type\":\"Organization\",\"@id\":\"https:\/\/dev.bitaipartners.com\/#organization\",\"name\":\"BITAI & Partners\",\"url\":\"https:\/\/dev.bitaipartners.com\/\",\"sameAs\":[\"https:\/\/www.facebook.com\/bitaiandpartners\/\",\"http:\/\/www.linkedin.com\/company\/bitai-legal-attorneys-at-law\/\"],\"logo\":{\"@type\":\"ImageObject\",\"@id\":\"https:\/\/dev.bitaipartners.com\/#logo\",\"inLanguage\":\"en-US\",\"url\":\"https:\/\/i0.wp.com\/bitaipartners.com\/wp-content\/uploads\/2019\/07\/logo-Collegium-Bitai-Partners-WITH-TEXT.png?fit=1000%2C387&ssl=1\",\"contentUrl\":\"https:\/\/i0.wp.com\/bitaipartners.com\/wp-content\/uploads\/2019\/07\/logo-Collegium-Bitai-Partners-WITH-TEXT.png?fit=1000%2C387&ssl=1\",\"width\":1000,\"height\":387,\"caption\":\"BITAI & Partners\"},\"image\":{\"@id\":\"https:\/\/dev.bitaipartners.com\/#logo\"}},{\"@type\":\"WebSite\",\"@id\":\"https:\/\/dev.bitaipartners.com\/#website\",\"url\":\"https:\/\/dev.bitaipartners.com\/\",\"name\":\"BITAI &amp; Partners DEV\",\"description\":\"Senkit nem \u00e9rdekel, hogy mit nem lehet - sokkal ink\u00e1bb az, hogyan lehet, de jogszer\u0171en.\",\"publisher\":{\"@id\":\"https:\/\/dev.bitaipartners.com\/#organization\"},\"potentialAction\":[{\"@type\":\"SearchAction\",\"target\":{\"@type\":\"EntryPoint\",\"urlTemplate\":\"https:\/\/dev.bitaipartners.com\/?s={search_term_string}\"},\"query-input\":\"required name=search_term_string\"}],\"inLanguage\":\"en-US\"},{\"@type\":\"WebPage\",\"@id\":\"https:\/\/dev.bitaipartners.com\/en\/law-services\/commercial-law\/#webpage\",\"url\":\"https:\/\/dev.bitaipartners.com\/en\/law-services\/commercial-law\/\",\"name\":\"Commercial law and trade - BITAI &amp; Partners DEV\",\"isPartOf\":{\"@id\":\"https:\/\/dev.bitaipartners.com\/#website\"},\"datePublished\":\"2018-09-01T15:18:45+00:00\",\"dateModified\":\"2020-04-28T08:58:14+00:00\",\"breadcrumb\":{\"@id\":\"https:\/\/dev.bitaipartners.com\/en\/law-services\/commercial-law\/#breadcrumb\"},\"inLanguage\":\"en-US\",\"potentialAction\":[{\"@type\":\"ReadAction\",\"target\":[\"https:\/\/dev.bitaipartners.com\/en\/law-services\/commercial-law\/\"]}]},{\"@type\":\"BreadcrumbList\",\"@id\":\"https:\/\/dev.bitaipartners.com\/en\/law-services\/commercial-law\/#breadcrumb\",\"itemListElement\":[{\"@type\":\"ListItem\",\"position\":1,\"name\":\"Home\",\"item\":\"https:\/\/dev.bitaipartners.com\/en\/\"},{\"@type\":\"ListItem\",\"position\":2,\"name\":\"Law Services\",\"item\":\"https:\/\/dev.bitaipartners.com\/en\/law-services\/\"},{\"@type\":\"ListItem\",\"position\":3,\"name\":\"Commercial law and trade\"}]}]}<\/script>\n<!-- \/ Yoast SEO plugin. -->","yoast_head_json":{"title":"Commercial law and trade - BITAI &amp; Partners DEV","robots":{"index":"noindex","follow":"follow","max-snippet":"max-snippet:-1","max-image-preview":"max-image-preview:large","max-video-preview":"max-video-preview:-1"},"og_locale":"en_US","og_type":"article","og_title":"Commercial law and trade - BITAI &amp; Partners DEV","og_description":"Commercial law We help to orientate in the extensive and complex field of commercial law. After listening attentively to the needs and commercial goals of our client, we establish the most appropriate legal solution. Our aim is to make business ideas come true under the protection of law. OUR SERVICES: contracts of sale and supply [&hellip;]","og_url":"https:\/\/dev.bitaipartners.com\/en\/law-services\/commercial-law\/","og_site_name":"BITAI &amp; Partners DEV","article_publisher":"https:\/\/www.facebook.com\/bitaiandpartners\/","article_modified_time":"2020-04-28T08:58:14+00:00","twitter_card":"summary_large_image","twitter_misc":{"Est. reading time":"2 minutes"},"schema":{"@context":"https:\/\/schema.org","@graph":[{"@type":"Organization","@id":"https:\/\/dev.bitaipartners.com\/#organization","name":"BITAI & Partners","url":"https:\/\/dev.bitaipartners.com\/","sameAs":["https:\/\/www.facebook.com\/bitaiandpartners\/","http:\/\/www.linkedin.com\/company\/bitai-legal-attorneys-at-law\/"],"logo":{"@type":"ImageObject","@id":"https:\/\/dev.bitaipartners.com\/#logo","inLanguage":"en-US","url":"https:\/\/i0.wp.com\/bitaipartners.com\/wp-content\/uploads\/2019\/07\/logo-Collegium-Bitai-Partners-WITH-TEXT.png?fit=1000%2C387&ssl=1","contentUrl":"https:\/\/i0.wp.com\/bitaipartners.com\/wp-content\/uploads\/2019\/07\/logo-Collegium-Bitai-Partners-WITH-TEXT.png?fit=1000%2C387&ssl=1","width":1000,"height":387,"caption":"BITAI & Partners"},"image":{"@id":"https:\/\/dev.bitaipartners.com\/#logo"}},{"@type":"WebSite","@id":"https:\/\/dev.bitaipartners.com\/#website","url":"https:\/\/dev.bitaipartners.com\/","name":"BITAI &amp; Partners DEV","description":"Senkit nem \u00e9rdekel, hogy mit nem lehet - sokkal ink\u00e1bb az, hogyan lehet, de jogszer\u0171en.","publisher":{"@id":"https:\/\/dev.bitaipartners.com\/#organization"},"potentialAction":[{"@type":"SearchAction","target":{"@type":"EntryPoint","urlTemplate":"https:\/\/dev.bitaipartners.com\/?s={search_term_string}"},"query-input":"required name=search_term_string"}],"inLanguage":"en-US"},{"@type":"WebPage","@id":"https:\/\/dev.bitaipartners.com\/en\/law-services\/commercial-law\/#webpage","url":"https:\/\/dev.bitaipartners.com\/en\/law-services\/commercial-law\/","name":"Commercial law and trade - BITAI &amp; Partners DEV","isPartOf":{"@id":"https:\/\/dev.bitaipartners.com\/#website"},"datePublished":"2018-09-01T15:18:45+00:00","dateModified":"2020-04-28T08:58:14+00:00","breadcrumb":{"@id":"https:\/\/dev.bitaipartners.com\/en\/law-services\/commercial-law\/#breadcrumb"},"inLanguage":"en-US","potentialAction":[{"@type":"ReadAction","target":["https:\/\/dev.bitaipartners.com\/en\/law-services\/commercial-law\/"]}]},{"@type":"BreadcrumbList","@id":"https:\/\/dev.bitaipartners.com\/en\/law-services\/commercial-law\/#breadcrumb","itemListElement":[{"@type":"ListItem","position":1,"name":"Home","item":"https:\/\/dev.bitaipartners.com\/en\/"},{"@type":"ListItem","position":2,"name":"Law Services","item":"https:\/\/dev.bitaipartners.com\/en\/law-services\/"},{"@type":"ListItem","position":3,"name":"Commercial law and trade"}]}]}},"_links":{"self":[{"href":"https:\/\/dev.bitaipartners.com\/en\/wp-json\/wp\/v2\/pages\/1154"}],"collection":[{"href":"https:\/\/dev.bitaipartners.com\/en\/wp-json\/wp\/v2\/pages"}],"about":[{"href":"https:\/\/dev.bitaipartners.com\/en\/wp-json\/wp\/v2\/types\/page"}],"author":[{"embeddable":true,"href":"https:\/\/dev.bitaipartners.com\/en\/wp-json\/wp\/v2\/users\/23"}],"replies":[{"embeddable":true,"href":"https:\/\/dev.bitaipartners.com\/en\/wp-json\/wp\/v2\/comments?post=1154"}],"version-history":[{"count":10,"href":"https:\/\/dev.bitaipartners.com\/en\/wp-json\/wp\/v2\/pages\/1154\/revisions"}],"predecessor-version":[{"id":3736,"href":"https:\/\/dev.bitaipartners.com\/en\/wp-json\/wp\/v2\/pages\/1154\/revisions\/3736"}],"up":[{"embeddable":true,"href":"https:\/\/dev.bitaipartners.com\/en\/wp-json\/wp\/v2\/pages\/1146"}],"wp:attachment":[{"href":"https:\/\/dev.bitaipartners.com\/en\/wp-json\/wp\/v2\/media?parent=1154"}],"curies":[{"name":"wp","href":"https:\/\/api.w.org\/{rel}","templated":true}]}}