{"id":1153,"date":"2018-09-01T17:11:30","date_gmt":"2018-09-01T15:11:30","guid":{"rendered":"http:\/\/bitailegal.com\/index.php\/adatvedelem-gdpr\/"},"modified":"2020-04-28T10:46:42","modified_gmt":"2020-04-28T08:46:42","slug":"data-protection-gdpr","status":"publish","type":"page","link":"https:\/\/dev.bitaipartners.com\/en\/law-services\/data-protection-gdpr\/","title":{"rendered":"Data protection, gdpr"},"content":{"rendered":"<h1>Data protection, gdpr<\/h1>\n<p>In today\u2019s world data protection and data security are questions that cannot be overlooked in business\u2019s life. Each business handles personal data (data of employees, CVs, customers, consumers, inquirers, etc.). GDPR (General Data Protection Regulation) is the act that governs data protection issues at European Union level, it applies to all personal data and to all companies registered in the EU. In the future, strict inspections and audits can be expected. The imposed fines can be up to EUR 20 million or, in the case of companies, up to 4% of the total worldwide annual turnover of the previous financial year.<\/p>\n<p>Beyond the above mentioned fines, businesses will also face significant reputational risks in case of illegal data management. We help our clients to develop compliance programmes which are tailored to their companies and reduce their risks.<\/p>\n<h2>OUR SERVICES:<\/h2>\n<ul class=\"szolgaltatasaink\">\n<li>General data management:<\/li>\n<li>data management policies, data privacy policies, guides and declarations<\/li>\n<li>internal data privacy policies for companies<\/li>\n<li>data protection audit, data privacy due diligence<\/li>\n<li>taking the position of the data protection officer, notification of it to authorities (DPO role)<\/li>\n<li>data claim disputes<\/li>\n<li>revision of data management of employees<\/li>\n<li>establishing the consistency of employment agreements and job descriptions with GDPR<\/li>\n<li>cookie policies<\/li>\n<li>supervision of data security issues<\/li>\n<li>data transfer contracts<\/li>\n<li>Data management for marketing purposes<\/li>\n<li>data protection guide for direct marketing and newsletter activities<\/li>\n<li>data protection guide for web shops<\/li>\n<li>data protection guide for websites<\/li>\n<li>data protection guide for social media sites<\/li>\n<li>supervision of social media integration from a data protection point of view<\/li>\n<\/ul>\n<h2>References and solved cases<\/h2>\n<ul class=\"referenciaink\">\n<li>full GDPR compliance for a Hungarian owned web development and operation company<\/li>\n<li>full GDPR compliance for private clinics and private medical institutions<\/li>\n<li>full GDPR compliance for a multinational food distribution company<\/li>\n<li>full GDPR compliance for a web shop operating company<\/li>\n<li>legal opinions for promotions and newsletters according to data privacy<\/li>\n<li>data claim disputes<\/li>\n<\/ul>\n","protected":false},"excerpt":{"rendered":"<p>Data protection, gdpr In today\u2019s world data protection and data security are questions that cannot be overlooked in business\u2019s life. Each business handles personal data (data of employees, CVs, customers, consumers, inquirers, etc.). GDPR (General Data Protection Regulation) is the act that governs data protection issues at European Union level, it applies to all personal [&hellip;]<\/p>\n","protected":false},"author":23,"featured_media":0,"parent":1146,"menu_order":0,"comment_status":"closed","ping_status":"closed","template":"","meta":[],"yoast_head":"<!-- This site is optimized with the Yoast SEO plugin v18.4.1 - https:\/\/yoast.com\/wordpress\/plugins\/seo\/ -->\n<title>Data protection, gdpr - BITAI &amp; Partners DEV<\/title>\n<meta name=\"robots\" content=\"noindex, follow, max-snippet:-1, max-image-preview:large, max-video-preview:-1\" \/>\n<meta property=\"og:locale\" content=\"en_US\" \/>\n<meta property=\"og:type\" content=\"article\" \/>\n<meta property=\"og:title\" content=\"Data protection, gdpr - BITAI &amp; Partners DEV\" \/>\n<meta property=\"og:description\" content=\"Data protection, gdpr In today\u2019s world data protection and data security are questions that cannot be overlooked in business\u2019s life. Each business handles personal data (data of employees, CVs, customers, consumers, inquirers, etc.). GDPR (General Data Protection Regulation) is the act that governs data protection issues at European Union level, it applies to all personal [&hellip;]\" \/>\n<meta property=\"og:url\" content=\"https:\/\/dev.bitaipartners.com\/en\/law-services\/data-protection-gdpr\/\" \/>\n<meta property=\"og:site_name\" content=\"BITAI &amp; Partners DEV\" \/>\n<meta property=\"article:publisher\" content=\"https:\/\/www.facebook.com\/bitaiandpartners\/\" \/>\n<meta property=\"article:modified_time\" content=\"2020-04-28T08:46:42+00:00\" \/>\n<meta name=\"twitter:card\" content=\"summary_large_image\" \/>\n<meta name=\"twitter:label1\" content=\"Est. reading time\" \/>\n\t<meta name=\"twitter:data1\" content=\"2 minutes\" \/>\n<script type=\"application\/ld+json\" class=\"yoast-schema-graph\">{\"@context\":\"https:\/\/schema.org\",\"@graph\":[{\"@type\":\"Organization\",\"@id\":\"https:\/\/dev.bitaipartners.com\/#organization\",\"name\":\"BITAI & Partners\",\"url\":\"https:\/\/dev.bitaipartners.com\/\",\"sameAs\":[\"https:\/\/www.facebook.com\/bitaiandpartners\/\",\"http:\/\/www.linkedin.com\/company\/bitai-legal-attorneys-at-law\/\"],\"logo\":{\"@type\":\"ImageObject\",\"@id\":\"https:\/\/dev.bitaipartners.com\/#logo\",\"inLanguage\":\"en-US\",\"url\":\"https:\/\/i0.wp.com\/bitaipartners.com\/wp-content\/uploads\/2019\/07\/logo-Collegium-Bitai-Partners-WITH-TEXT.png?fit=1000%2C387&ssl=1\",\"contentUrl\":\"https:\/\/i0.wp.com\/bitaipartners.com\/wp-content\/uploads\/2019\/07\/logo-Collegium-Bitai-Partners-WITH-TEXT.png?fit=1000%2C387&ssl=1\",\"width\":1000,\"height\":387,\"caption\":\"BITAI & Partners\"},\"image\":{\"@id\":\"https:\/\/dev.bitaipartners.com\/#logo\"}},{\"@type\":\"WebSite\",\"@id\":\"https:\/\/dev.bitaipartners.com\/#website\",\"url\":\"https:\/\/dev.bitaipartners.com\/\",\"name\":\"BITAI &amp; Partners DEV\",\"description\":\"Senkit nem \u00e9rdekel, hogy mit nem lehet - sokkal ink\u00e1bb az, hogyan lehet, de jogszer\u0171en.\",\"publisher\":{\"@id\":\"https:\/\/dev.bitaipartners.com\/#organization\"},\"potentialAction\":[{\"@type\":\"SearchAction\",\"target\":{\"@type\":\"EntryPoint\",\"urlTemplate\":\"https:\/\/dev.bitaipartners.com\/?s={search_term_string}\"},\"query-input\":\"required name=search_term_string\"}],\"inLanguage\":\"en-US\"},{\"@type\":\"WebPage\",\"@id\":\"https:\/\/dev.bitaipartners.com\/en\/law-services\/data-protection-gdpr\/#webpage\",\"url\":\"https:\/\/dev.bitaipartners.com\/en\/law-services\/data-protection-gdpr\/\",\"name\":\"Data protection, gdpr - BITAI &amp; Partners DEV\",\"isPartOf\":{\"@id\":\"https:\/\/dev.bitaipartners.com\/#website\"},\"datePublished\":\"2018-09-01T15:11:30+00:00\",\"dateModified\":\"2020-04-28T08:46:42+00:00\",\"breadcrumb\":{\"@id\":\"https:\/\/dev.bitaipartners.com\/en\/law-services\/data-protection-gdpr\/#breadcrumb\"},\"inLanguage\":\"en-US\",\"potentialAction\":[{\"@type\":\"ReadAction\",\"target\":[\"https:\/\/dev.bitaipartners.com\/en\/law-services\/data-protection-gdpr\/\"]}]},{\"@type\":\"BreadcrumbList\",\"@id\":\"https:\/\/dev.bitaipartners.com\/en\/law-services\/data-protection-gdpr\/#breadcrumb\",\"itemListElement\":[{\"@type\":\"ListItem\",\"position\":1,\"name\":\"Home\",\"item\":\"https:\/\/dev.bitaipartners.com\/en\/\"},{\"@type\":\"ListItem\",\"position\":2,\"name\":\"Law Services\",\"item\":\"https:\/\/dev.bitaipartners.com\/en\/law-services\/\"},{\"@type\":\"ListItem\",\"position\":3,\"name\":\"Data protection, gdpr\"}]}]}<\/script>\n<!-- \/ Yoast SEO plugin. -->","yoast_head_json":{"title":"Data protection, gdpr - BITAI &amp; Partners DEV","robots":{"index":"noindex","follow":"follow","max-snippet":"max-snippet:-1","max-image-preview":"max-image-preview:large","max-video-preview":"max-video-preview:-1"},"og_locale":"en_US","og_type":"article","og_title":"Data protection, gdpr - BITAI &amp; Partners DEV","og_description":"Data protection, gdpr In today\u2019s world data protection and data security are questions that cannot be overlooked in business\u2019s life. Each business handles personal data (data of employees, CVs, customers, consumers, inquirers, etc.). GDPR (General Data Protection Regulation) is the act that governs data protection issues at European Union level, it applies to all personal [&hellip;]","og_url":"https:\/\/dev.bitaipartners.com\/en\/law-services\/data-protection-gdpr\/","og_site_name":"BITAI &amp; Partners DEV","article_publisher":"https:\/\/www.facebook.com\/bitaiandpartners\/","article_modified_time":"2020-04-28T08:46:42+00:00","twitter_card":"summary_large_image","twitter_misc":{"Est. reading time":"2 minutes"},"schema":{"@context":"https:\/\/schema.org","@graph":[{"@type":"Organization","@id":"https:\/\/dev.bitaipartners.com\/#organization","name":"BITAI & Partners","url":"https:\/\/dev.bitaipartners.com\/","sameAs":["https:\/\/www.facebook.com\/bitaiandpartners\/","http:\/\/www.linkedin.com\/company\/bitai-legal-attorneys-at-law\/"],"logo":{"@type":"ImageObject","@id":"https:\/\/dev.bitaipartners.com\/#logo","inLanguage":"en-US","url":"https:\/\/i0.wp.com\/bitaipartners.com\/wp-content\/uploads\/2019\/07\/logo-Collegium-Bitai-Partners-WITH-TEXT.png?fit=1000%2C387&ssl=1","contentUrl":"https:\/\/i0.wp.com\/bitaipartners.com\/wp-content\/uploads\/2019\/07\/logo-Collegium-Bitai-Partners-WITH-TEXT.png?fit=1000%2C387&ssl=1","width":1000,"height":387,"caption":"BITAI & Partners"},"image":{"@id":"https:\/\/dev.bitaipartners.com\/#logo"}},{"@type":"WebSite","@id":"https:\/\/dev.bitaipartners.com\/#website","url":"https:\/\/dev.bitaipartners.com\/","name":"BITAI &amp; Partners DEV","description":"Senkit nem \u00e9rdekel, hogy mit nem lehet - sokkal ink\u00e1bb az, hogyan lehet, de jogszer\u0171en.","publisher":{"@id":"https:\/\/dev.bitaipartners.com\/#organization"},"potentialAction":[{"@type":"SearchAction","target":{"@type":"EntryPoint","urlTemplate":"https:\/\/dev.bitaipartners.com\/?s={search_term_string}"},"query-input":"required name=search_term_string"}],"inLanguage":"en-US"},{"@type":"WebPage","@id":"https:\/\/dev.bitaipartners.com\/en\/law-services\/data-protection-gdpr\/#webpage","url":"https:\/\/dev.bitaipartners.com\/en\/law-services\/data-protection-gdpr\/","name":"Data protection, gdpr - BITAI &amp; Partners DEV","isPartOf":{"@id":"https:\/\/dev.bitaipartners.com\/#website"},"datePublished":"2018-09-01T15:11:30+00:00","dateModified":"2020-04-28T08:46:42+00:00","breadcrumb":{"@id":"https:\/\/dev.bitaipartners.com\/en\/law-services\/data-protection-gdpr\/#breadcrumb"},"inLanguage":"en-US","potentialAction":[{"@type":"ReadAction","target":["https:\/\/dev.bitaipartners.com\/en\/law-services\/data-protection-gdpr\/"]}]},{"@type":"BreadcrumbList","@id":"https:\/\/dev.bitaipartners.com\/en\/law-services\/data-protection-gdpr\/#breadcrumb","itemListElement":[{"@type":"ListItem","position":1,"name":"Home","item":"https:\/\/dev.bitaipartners.com\/en\/"},{"@type":"ListItem","position":2,"name":"Law Services","item":"https:\/\/dev.bitaipartners.com\/en\/law-services\/"},{"@type":"ListItem","position":3,"name":"Data protection, gdpr"}]}]}},"_links":{"self":[{"href":"https:\/\/dev.bitaipartners.com\/en\/wp-json\/wp\/v2\/pages\/1153"}],"collection":[{"href":"https:\/\/dev.bitaipartners.com\/en\/wp-json\/wp\/v2\/pages"}],"about":[{"href":"https:\/\/dev.bitaipartners.com\/en\/wp-json\/wp\/v2\/types\/page"}],"author":[{"embeddable":true,"href":"https:\/\/dev.bitaipartners.com\/en\/wp-json\/wp\/v2\/users\/23"}],"replies":[{"embeddable":true,"href":"https:\/\/dev.bitaipartners.com\/en\/wp-json\/wp\/v2\/comments?post=1153"}],"version-history":[{"count":9,"href":"https:\/\/dev.bitaipartners.com\/en\/wp-json\/wp\/v2\/pages\/1153\/revisions"}],"predecessor-version":[{"id":3729,"href":"https:\/\/dev.bitaipartners.com\/en\/wp-json\/wp\/v2\/pages\/1153\/revisions\/3729"}],"up":[{"embeddable":true,"href":"https:\/\/dev.bitaipartners.com\/en\/wp-json\/wp\/v2\/pages\/1146"}],"wp:attachment":[{"href":"https:\/\/dev.bitaipartners.com\/en\/wp-json\/wp\/v2\/media?parent=1153"}],"curies":[{"name":"wp","href":"https:\/\/api.w.org\/{rel}","templated":true}]}}