{"id":1152,"date":"2018-09-01T17:10:29","date_gmt":"2018-09-01T15:10:29","guid":{"rendered":"http:\/\/bitailegal.com\/index.php\/reklam-es-mediajog-kozossegi-media\/"},"modified":"2020-04-28T11:00:58","modified_gmt":"2020-04-28T09:00:58","slug":"advertisement-and-media-law-social-media","status":"publish","type":"page","link":"https:\/\/dev.bitaipartners.com\/en\/law-services\/advertisement-and-media-law-social-media\/","title":{"rendered":"Advertisement and media law, social media"},"content":{"rendered":"<h1>Advertisement and media law, social media<\/h1>\n<p>We provide complex services to our clients in the field of advertising law. In today\u2019s world \u2013 maybe not on television, but on social media sites and websites \u2013 everyone is advertising. However, if we do not comply with the strict rules of advertising law, we can easily find ourselves in an official procedure.<\/p>\n<h2>Our services:<\/h2>\n<ul class=\"szolgaltatasaink\">\n<li>Representation in consumer protection proceedings and in proceedings before the Hungarian Competition Authority<\/li>\n<li>Procedures before the Advertising Self-Regulatory Board (alternative dispute resolution)<\/li>\n<li>Liaison with the authorities (consumer protection authorities, NMHH \u2013 National Media and Infocommunications Authority, SZTNH \u2013 Hungarian Intellectual Property Office, GVH \u2013 Hungarian Competition Authority), with professional organizations (Artisjus, Filmjus) and with the Advertising Self-Regulatory Board (\u00d6RT)<\/li>\n<li>Checking webshops from legal aspects<\/li>\n<li>Drafting general terms and conditions<\/li>\n<li>Day to day advice to several participants in the advertising and communication market (such as media, advertising, direct marketing, PR, online marketing, FB, social media companies, production agencies and event organizers)<\/li>\n<li>Facebook trainings (how a FB commercial site or a FB promotion etc. shall be lawful)<\/li>\n<li>Guidelines for lawful promotions, checking promotions from legal aspects<\/li>\n<li>Drafting and reviewing the terms and conditions of various contracts, lots and other prize games, competitions, legal support of offline and online campaigns and its creative materials (especially from a consumer protection, data protection (GDPR) and competition law perspective)<\/li>\n<li>In many cases, legal advice in advertising and media law issues is provided not only to our clients but also to our clients\u2019 agencies<\/li>\n<li>Representation of agencies and advertisers, drafting and reviewing agreements with advertising agencies, drafting contracts between advertising agencies and media owners (TV, radio, offline and online media, outdoor media)<\/li>\n<li>Checking and support the legal conformity of advertisement statements (verifiability)<\/li>\n<li>Legal assistance to our customers in finding national or foreign right holders of recordings, photos, pieces of music and other artworks and applications for permissions for their use. Develop and \/ or revise the terms of the agreement on the rights of use.<\/li>\n<li>Drafting licence agreements on copyright, drafting and managing licences (music, film, celebrity contract)<\/li>\n<li>Lawful price communication<\/li>\n<li>Consultancy services and checks of packaging and labelling requirement<\/li>\n<li>Drafting promotional game rules<\/li>\n<li>General training on advertising law for non-lawyers<\/li>\n<li>Handling consumer complaints<\/li>\n<li>Conciliation panel procedures<\/li>\n<\/ul>\n<h2>References and solved cases:<\/h2>\n<ul class=\"referenciaink\">\n<li>Facebook training, drafting Facebook policy rules on Facebook, review on the legal compliance of many Facebook promotions, continuous legal advice on advertising law, legal opinion on the legal compliance of promotional materials, websites, prize games, drafting agency contract templates, continuous management and negotiation of agency agreements for an American multinational game manufacturer company<\/li>\n<li>Drafting advice on legal background of online newsletters, continuous legal advice regarding advertising law, drafting agency contract templates, continuous management and negotiation of agency contracts, legal opinion on the legal compliance of promotional materials, websites, prize games for an Austrian-owned food distribution company<\/li>\n<li>Checking the legal compliance of web shops for a US-owned cosmetics distribution company<\/li>\n<li>Continuous legal advice regarding advertising law, drafting of agency contract templates, continuous management and negotiation of agency agreements for an American-owned cosmetics product distribution company<\/li>\n<li>Legal advice on labelling and packaging, legal opinion on advertising campaigns for an American-owned food distribution company<\/li>\n<li>Drafting legal advice regarding advertisements and legal opinion on advertisement statements for a Slovakian pharmaceutical distribution company<\/li>\n<li>Drafting and provide legal opinion on contract templates for Hungarian and American advertising and media agencies<\/li>\n<li>Representation of an American cosmetics distribution company before the Hungarian Competition Authority in advertising law cases<\/li>\n<\/ul>\n","protected":false},"excerpt":{"rendered":"<p>Advertisement and media law, social media We provide complex services to our clients in the field of advertising law. In today\u2019s world \u2013 maybe not on television, but on social media sites and websites \u2013 everyone is advertising. However, if we do not comply with the strict rules of advertising law, we can easily find [&hellip;]<\/p>\n","protected":false},"author":23,"featured_media":0,"parent":1146,"menu_order":0,"comment_status":"closed","ping_status":"closed","template":"","meta":[],"yoast_head":"<!-- This site is optimized with the Yoast SEO plugin v18.4.1 - https:\/\/yoast.com\/wordpress\/plugins\/seo\/ -->\n<title>Advertisement and media law, social media - BITAI &amp; Partners DEV<\/title>\n<meta name=\"robots\" content=\"noindex, follow, max-snippet:-1, max-image-preview:large, max-video-preview:-1\" \/>\n<meta property=\"og:locale\" content=\"en_US\" \/>\n<meta property=\"og:type\" content=\"article\" \/>\n<meta property=\"og:title\" content=\"Advertisement and media law, social media - BITAI &amp; Partners DEV\" \/>\n<meta property=\"og:description\" content=\"Advertisement and media law, social media We provide complex services to our clients in the field of advertising law. In today\u2019s world \u2013 maybe not on television, but on social media sites and websites \u2013 everyone is advertising. However, if we do not comply with the strict rules of advertising law, we can easily find [&hellip;]\" \/>\n<meta property=\"og:url\" content=\"https:\/\/dev.bitaipartners.com\/en\/law-services\/advertisement-and-media-law-social-media\/\" \/>\n<meta property=\"og:site_name\" content=\"BITAI &amp; Partners DEV\" \/>\n<meta property=\"article:publisher\" content=\"https:\/\/www.facebook.com\/bitaiandpartners\/\" \/>\n<meta property=\"article:modified_time\" content=\"2020-04-28T09:00:58+00:00\" \/>\n<meta name=\"twitter:card\" content=\"summary_large_image\" \/>\n<meta name=\"twitter:label1\" content=\"Est. reading time\" \/>\n\t<meta name=\"twitter:data1\" content=\"3 minutes\" \/>\n<script type=\"application\/ld+json\" class=\"yoast-schema-graph\">{\"@context\":\"https:\/\/schema.org\",\"@graph\":[{\"@type\":\"Organization\",\"@id\":\"https:\/\/dev.bitaipartners.com\/#organization\",\"name\":\"BITAI & Partners\",\"url\":\"https:\/\/dev.bitaipartners.com\/\",\"sameAs\":[\"https:\/\/www.facebook.com\/bitaiandpartners\/\",\"http:\/\/www.linkedin.com\/company\/bitai-legal-attorneys-at-law\/\"],\"logo\":{\"@type\":\"ImageObject\",\"@id\":\"https:\/\/dev.bitaipartners.com\/#logo\",\"inLanguage\":\"en-US\",\"url\":\"https:\/\/i0.wp.com\/bitaipartners.com\/wp-content\/uploads\/2019\/07\/logo-Collegium-Bitai-Partners-WITH-TEXT.png?fit=1000%2C387&ssl=1\",\"contentUrl\":\"https:\/\/i0.wp.com\/bitaipartners.com\/wp-content\/uploads\/2019\/07\/logo-Collegium-Bitai-Partners-WITH-TEXT.png?fit=1000%2C387&ssl=1\",\"width\":1000,\"height\":387,\"caption\":\"BITAI & Partners\"},\"image\":{\"@id\":\"https:\/\/dev.bitaipartners.com\/#logo\"}},{\"@type\":\"WebSite\",\"@id\":\"https:\/\/dev.bitaipartners.com\/#website\",\"url\":\"https:\/\/dev.bitaipartners.com\/\",\"name\":\"BITAI &amp; Partners DEV\",\"description\":\"Senkit nem \u00e9rdekel, hogy mit nem lehet - sokkal ink\u00e1bb az, hogyan lehet, de jogszer\u0171en.\",\"publisher\":{\"@id\":\"https:\/\/dev.bitaipartners.com\/#organization\"},\"potentialAction\":[{\"@type\":\"SearchAction\",\"target\":{\"@type\":\"EntryPoint\",\"urlTemplate\":\"https:\/\/dev.bitaipartners.com\/?s={search_term_string}\"},\"query-input\":\"required name=search_term_string\"}],\"inLanguage\":\"en-US\"},{\"@type\":\"WebPage\",\"@id\":\"https:\/\/dev.bitaipartners.com\/en\/law-services\/advertisement-and-media-law-social-media\/#webpage\",\"url\":\"https:\/\/dev.bitaipartners.com\/en\/law-services\/advertisement-and-media-law-social-media\/\",\"name\":\"Advertisement and media law, social media - BITAI &amp; Partners DEV\",\"isPartOf\":{\"@id\":\"https:\/\/dev.bitaipartners.com\/#website\"},\"datePublished\":\"2018-09-01T15:10:29+00:00\",\"dateModified\":\"2020-04-28T09:00:58+00:00\",\"breadcrumb\":{\"@id\":\"https:\/\/dev.bitaipartners.com\/en\/law-services\/advertisement-and-media-law-social-media\/#breadcrumb\"},\"inLanguage\":\"en-US\",\"potentialAction\":[{\"@type\":\"ReadAction\",\"target\":[\"https:\/\/dev.bitaipartners.com\/en\/law-services\/advertisement-and-media-law-social-media\/\"]}]},{\"@type\":\"BreadcrumbList\",\"@id\":\"https:\/\/dev.bitaipartners.com\/en\/law-services\/advertisement-and-media-law-social-media\/#breadcrumb\",\"itemListElement\":[{\"@type\":\"ListItem\",\"position\":1,\"name\":\"Home\",\"item\":\"https:\/\/dev.bitaipartners.com\/en\/\"},{\"@type\":\"ListItem\",\"position\":2,\"name\":\"Law Services\",\"item\":\"https:\/\/dev.bitaipartners.com\/en\/law-services\/\"},{\"@type\":\"ListItem\",\"position\":3,\"name\":\"Advertisement and media law, social media\"}]}]}<\/script>\n<!-- \/ Yoast SEO plugin. -->","yoast_head_json":{"title":"Advertisement and media law, social media - BITAI &amp; Partners DEV","robots":{"index":"noindex","follow":"follow","max-snippet":"max-snippet:-1","max-image-preview":"max-image-preview:large","max-video-preview":"max-video-preview:-1"},"og_locale":"en_US","og_type":"article","og_title":"Advertisement and media law, social media - BITAI &amp; Partners DEV","og_description":"Advertisement and media law, social media We provide complex services to our clients in the field of advertising law. In today\u2019s world \u2013 maybe not on television, but on social media sites and websites \u2013 everyone is advertising. However, if we do not comply with the strict rules of advertising law, we can easily find [&hellip;]","og_url":"https:\/\/dev.bitaipartners.com\/en\/law-services\/advertisement-and-media-law-social-media\/","og_site_name":"BITAI &amp; Partners DEV","article_publisher":"https:\/\/www.facebook.com\/bitaiandpartners\/","article_modified_time":"2020-04-28T09:00:58+00:00","twitter_card":"summary_large_image","twitter_misc":{"Est. reading time":"3 minutes"},"schema":{"@context":"https:\/\/schema.org","@graph":[{"@type":"Organization","@id":"https:\/\/dev.bitaipartners.com\/#organization","name":"BITAI & Partners","url":"https:\/\/dev.bitaipartners.com\/","sameAs":["https:\/\/www.facebook.com\/bitaiandpartners\/","http:\/\/www.linkedin.com\/company\/bitai-legal-attorneys-at-law\/"],"logo":{"@type":"ImageObject","@id":"https:\/\/dev.bitaipartners.com\/#logo","inLanguage":"en-US","url":"https:\/\/i0.wp.com\/bitaipartners.com\/wp-content\/uploads\/2019\/07\/logo-Collegium-Bitai-Partners-WITH-TEXT.png?fit=1000%2C387&ssl=1","contentUrl":"https:\/\/i0.wp.com\/bitaipartners.com\/wp-content\/uploads\/2019\/07\/logo-Collegium-Bitai-Partners-WITH-TEXT.png?fit=1000%2C387&ssl=1","width":1000,"height":387,"caption":"BITAI & Partners"},"image":{"@id":"https:\/\/dev.bitaipartners.com\/#logo"}},{"@type":"WebSite","@id":"https:\/\/dev.bitaipartners.com\/#website","url":"https:\/\/dev.bitaipartners.com\/","name":"BITAI &amp; Partners DEV","description":"Senkit nem \u00e9rdekel, hogy mit nem lehet - sokkal ink\u00e1bb az, hogyan lehet, de jogszer\u0171en.","publisher":{"@id":"https:\/\/dev.bitaipartners.com\/#organization"},"potentialAction":[{"@type":"SearchAction","target":{"@type":"EntryPoint","urlTemplate":"https:\/\/dev.bitaipartners.com\/?s={search_term_string}"},"query-input":"required name=search_term_string"}],"inLanguage":"en-US"},{"@type":"WebPage","@id":"https:\/\/dev.bitaipartners.com\/en\/law-services\/advertisement-and-media-law-social-media\/#webpage","url":"https:\/\/dev.bitaipartners.com\/en\/law-services\/advertisement-and-media-law-social-media\/","name":"Advertisement and media law, social media - BITAI &amp; Partners DEV","isPartOf":{"@id":"https:\/\/dev.bitaipartners.com\/#website"},"datePublished":"2018-09-01T15:10:29+00:00","dateModified":"2020-04-28T09:00:58+00:00","breadcrumb":{"@id":"https:\/\/dev.bitaipartners.com\/en\/law-services\/advertisement-and-media-law-social-media\/#breadcrumb"},"inLanguage":"en-US","potentialAction":[{"@type":"ReadAction","target":["https:\/\/dev.bitaipartners.com\/en\/law-services\/advertisement-and-media-law-social-media\/"]}]},{"@type":"BreadcrumbList","@id":"https:\/\/dev.bitaipartners.com\/en\/law-services\/advertisement-and-media-law-social-media\/#breadcrumb","itemListElement":[{"@type":"ListItem","position":1,"name":"Home","item":"https:\/\/dev.bitaipartners.com\/en\/"},{"@type":"ListItem","position":2,"name":"Law Services","item":"https:\/\/dev.bitaipartners.com\/en\/law-services\/"},{"@type":"ListItem","position":3,"name":"Advertisement and media law, social media"}]}]}},"_links":{"self":[{"href":"https:\/\/dev.bitaipartners.com\/en\/wp-json\/wp\/v2\/pages\/1152"}],"collection":[{"href":"https:\/\/dev.bitaipartners.com\/en\/wp-json\/wp\/v2\/pages"}],"about":[{"href":"https:\/\/dev.bitaipartners.com\/en\/wp-json\/wp\/v2\/types\/page"}],"author":[{"embeddable":true,"href":"https:\/\/dev.bitaipartners.com\/en\/wp-json\/wp\/v2\/users\/23"}],"replies":[{"embeddable":true,"href":"https:\/\/dev.bitaipartners.com\/en\/wp-json\/wp\/v2\/comments?post=1152"}],"version-history":[{"count":10,"href":"https:\/\/dev.bitaipartners.com\/en\/wp-json\/wp\/v2\/pages\/1152\/revisions"}],"predecessor-version":[{"id":3737,"href":"https:\/\/dev.bitaipartners.com\/en\/wp-json\/wp\/v2\/pages\/1152\/revisions\/3737"}],"up":[{"embeddable":true,"href":"https:\/\/dev.bitaipartners.com\/en\/wp-json\/wp\/v2\/pages\/1146"}],"wp:attachment":[{"href":"https:\/\/dev.bitaipartners.com\/en\/wp-json\/wp\/v2\/media?parent=1152"}],"curies":[{"name":"wp","href":"https:\/\/api.w.org\/{rel}","templated":true}]}}