{"id":1146,"date":"2018-09-01T17:08:18","date_gmt":"2018-09-01T15:08:18","guid":{"rendered":"http:\/\/bitailegal.com\/index.php\/jogteruletek\/"},"modified":"2020-08-05T16:40:07","modified_gmt":"2020-08-05T14:40:07","slug":"law-services","status":"publish","type":"page","link":"https:\/\/dev.bitaipartners.com\/en\/law-services\/","title":{"rendered":"Law Services"},"content":{"rendered":"<p>[section]<\/p>\n<p>[row style=&#8221;collapse&#8221;]<\/p>\n<p>[col span__sm=&#8221;12&#8243;]<\/p>\n<h1>Law Services<\/h1>\n<p>[\/col]<\/p>\n<p>[\/row]<br \/>\n[gap height=&#8221;25px&#8221;]<\/p>\n<p>[row style=&#8221;collapse&#8221;]<\/p>\n<p>[col span=&#8221;3&#8243; span__sm=&#8221;6&#8243;]<\/p>\n<p>[featured_box img=&#8221;2988&#8243; img_width=&#8221;50&#8243; pos=&#8221;center&#8221; link=&#8221;\/en\/law-services\/data-protection-gdpr\/&#8221;]<\/p>\n<h3>Data protection, GDPR<\/h3>\n<p>[\/featured_box]<\/p>\n<p>[\/col]<br \/>\n[col span=&#8221;3&#8243; span__sm=&#8221;6&#8243;]<\/p>\n<p>[featured_box img=&#8221;2997&#8243; img_width=&#8221;33&#8243; pos=&#8221;center&#8221; link=&#8221;\/en\/law-services\/corporate-law\/&#8221;]<\/p>\n<h3>Corporate law<\/h3>\n<p>[\/featured_box]<\/p>\n<p>[\/col]<br \/>\n[col span=&#8221;3&#8243; span__sm=&#8221;6&#8243;]<\/p>\n<p>[featured_box img=&#8221;2999&#8243; img_width=&#8221;33&#8243; pos=&#8221;center&#8221; link=&#8221;\/en\/law-services\/real-estate-law\/&#8221;]<\/p>\n<h3>Real estate law<\/h3>\n<p>[\/featured_box]<\/p>\n<p>[\/col]<br \/>\n[col span=&#8221;3&#8243; span__sm=&#8221;6&#8243;]<\/p>\n<p>[featured_box img=&#8221;2992&#8243; img_width=&#8221;45&#8243; pos=&#8221;center&#8221; link=&#8221;\/en\/law-services\/commercial-law\/&#8221;]<\/p>\n<h3>Commercial law and trade<\/h3>\n<p>[\/featured_box]<\/p>\n<p>[\/col]<\/p>\n<p>[\/row]<br \/>\n[row style=&#8221;collapse&#8221;]<\/p>\n<p>[col span=&#8221;3&#8243; span__sm=&#8221;6&#8243;]<\/p>\n<p>[featured_box img=&#8221;3713&#8243; img_width=&#8221;45&#8243; pos=&#8221;center&#8221; link=&#8221;\/en\/law-services\/labour-law\/&#8221;]<\/p>\n<h3>Labour Law<\/h3>\n<p>[\/featured_box]<\/p>\n<p>[\/col]<br \/>\n[col span=&#8221;3&#8243; span__sm=&#8221;6&#8243;]<\/p>\n<p>[featured_box img=&#8221;2986&#8243; img_width=&#8221;45&#8243; pos=&#8221;center&#8221; link=&#8221;\/en\/law-services\/advertisement-and-media-law-social-media\/&#8221;]<\/p>\n<h3>Advertisement and media law, social media<\/h3>\n<p>[\/featured_box]<\/p>\n<p>[\/col]<\/p>\n<p>[col span=&#8221;3&#8243; span__sm=&#8221;6&#8243;]<\/p>\n<p>[featured_box img=&#8221;3808&#8243; img_width=&#8221;45&#8243; pos=&#8221;center&#8221; link=&#8221;\/en\/law-services\/intellectual-property\/&#8221;]<\/p>\n<h3>Intellectual property<\/h3>\n<p>[\/featured_box]<\/p>\n<p>[\/col]<\/p>\n<p>[col span=&#8221;3&#8243; span__sm=&#8221;6&#8243;]<\/p>\n<p>[featured_box img=&#8221;2990&#8243; img_width=&#8221;45&#8243; pos=&#8221;center&#8221; link=&#8221;\/en\/law-services\/competition-law\/&#8221;]<\/p>\n<h3>Antitrust and competition law<\/h3>\n<p>[\/featured_box]<\/p>\n<p>[\/col]<\/p>\n<p>[\/row]<br \/>\n[gap height=&#8221;40px&#8221;]<\/p>\n<p>[\/section]<\/p>\n","protected":false},"excerpt":{"rendered":"<p>[section] [row style=&#8221;collapse&#8221;] [col span__sm=&#8221;12&#8243;] Law Services [\/col] [\/row] [gap height=&#8221;25px&#8221;] [row style=&#8221;collapse&#8221;] [col span=&#8221;3&#8243; span__sm=&#8221;6&#8243;] [featured_box img=&#8221;2988&#8243; img_width=&#8221;50&#8243; pos=&#8221;center&#8221; link=&#8221;\/en\/law-services\/data-protection-gdpr\/&#8221;] Data protection, GDPR [\/featured_box] [\/col] [col span=&#8221;3&#8243; span__sm=&#8221;6&#8243;] [featured_box img=&#8221;2997&#8243; img_width=&#8221;33&#8243; pos=&#8221;center&#8221; link=&#8221;\/en\/law-services\/corporate-law\/&#8221;] Corporate law [\/featured_box] [\/col] [col span=&#8221;3&#8243; span__sm=&#8221;6&#8243;] [featured_box img=&#8221;2999&#8243; img_width=&#8221;33&#8243; pos=&#8221;center&#8221; link=&#8221;\/en\/law-services\/real-estate-law\/&#8221;] Real estate law [\/featured_box] [\/col] [col span=&#8221;3&#8243; span__sm=&#8221;6&#8243;] [featured_box [&hellip;]<\/p>\n","protected":false},"author":23,"featured_media":0,"parent":0,"menu_order":0,"comment_status":"closed","ping_status":"closed","template":"page-blank.php","meta":[],"yoast_head":"<!-- This site is optimized with the Yoast SEO plugin v18.4.1 - https:\/\/yoast.com\/wordpress\/plugins\/seo\/ -->\n<title>Law Services - BITAI &amp; Partners DEV<\/title>\n<meta name=\"robots\" content=\"noindex, follow, max-snippet:-1, max-image-preview:large, max-video-preview:-1\" \/>\n<meta property=\"og:locale\" content=\"en_US\" \/>\n<meta property=\"og:type\" content=\"article\" \/>\n<meta property=\"og:title\" content=\"Law Services - BITAI &amp; Partners DEV\" \/>\n<meta property=\"og:description\" content=\"[section] [row style=&#8221;collapse&#8221;] [col span__sm=&#8221;12&#8243;] Law Services [\/col] [\/row] [gap height=&#8221;25px&#8221;] [row style=&#8221;collapse&#8221;] [col span=&#8221;3&#8243; span__sm=&#8221;6&#8243;] [featured_box img=&#8221;2988&#8243; img_width=&#8221;50&#8243; pos=&#8221;center&#8221; link=&#8221;\/en\/law-services\/data-protection-gdpr\/&#8221;] Data protection, GDPR [\/featured_box] [\/col] [col span=&#8221;3&#8243; span__sm=&#8221;6&#8243;] [featured_box img=&#8221;2997&#8243; img_width=&#8221;33&#8243; pos=&#8221;center&#8221; link=&#8221;\/en\/law-services\/corporate-law\/&#8221;] Corporate law [\/featured_box] [\/col] [col span=&#8221;3&#8243; span__sm=&#8221;6&#8243;] [featured_box img=&#8221;2999&#8243; img_width=&#8221;33&#8243; pos=&#8221;center&#8221; link=&#8221;\/en\/law-services\/real-estate-law\/&#8221;] Real estate law [\/featured_box] [\/col] [col span=&#8221;3&#8243; span__sm=&#8221;6&#8243;] [featured_box [&hellip;]\" \/>\n<meta property=\"og:url\" content=\"https:\/\/dev.bitaipartners.com\/en\/law-services\/\" \/>\n<meta property=\"og:site_name\" content=\"BITAI &amp; Partners DEV\" \/>\n<meta property=\"article:publisher\" content=\"https:\/\/www.facebook.com\/bitaiandpartners\/\" \/>\n<meta property=\"article:modified_time\" content=\"2020-08-05T14:40:07+00:00\" \/>\n<meta name=\"twitter:card\" content=\"summary_large_image\" \/>\n<meta name=\"twitter:label1\" content=\"Est. reading time\" \/>\n\t<meta name=\"twitter:data1\" content=\"1 minute\" \/>\n<script type=\"application\/ld+json\" class=\"yoast-schema-graph\">{\"@context\":\"https:\/\/schema.org\",\"@graph\":[{\"@type\":\"Organization\",\"@id\":\"https:\/\/dev.bitaipartners.com\/#organization\",\"name\":\"BITAI & Partners\",\"url\":\"https:\/\/dev.bitaipartners.com\/\",\"sameAs\":[\"https:\/\/www.facebook.com\/bitaiandpartners\/\",\"http:\/\/www.linkedin.com\/company\/bitai-legal-attorneys-at-law\/\"],\"logo\":{\"@type\":\"ImageObject\",\"@id\":\"https:\/\/dev.bitaipartners.com\/#logo\",\"inLanguage\":\"en-US\",\"url\":\"https:\/\/i0.wp.com\/bitaipartners.com\/wp-content\/uploads\/2019\/07\/logo-Collegium-Bitai-Partners-WITH-TEXT.png?fit=1000%2C387&ssl=1\",\"contentUrl\":\"https:\/\/i0.wp.com\/bitaipartners.com\/wp-content\/uploads\/2019\/07\/logo-Collegium-Bitai-Partners-WITH-TEXT.png?fit=1000%2C387&ssl=1\",\"width\":1000,\"height\":387,\"caption\":\"BITAI & Partners\"},\"image\":{\"@id\":\"https:\/\/dev.bitaipartners.com\/#logo\"}},{\"@type\":\"WebSite\",\"@id\":\"https:\/\/dev.bitaipartners.com\/#website\",\"url\":\"https:\/\/dev.bitaipartners.com\/\",\"name\":\"BITAI &amp; Partners DEV\",\"description\":\"Senkit nem \u00e9rdekel, hogy mit nem lehet - sokkal ink\u00e1bb az, hogyan lehet, de jogszer\u0171en.\",\"publisher\":{\"@id\":\"https:\/\/dev.bitaipartners.com\/#organization\"},\"potentialAction\":[{\"@type\":\"SearchAction\",\"target\":{\"@type\":\"EntryPoint\",\"urlTemplate\":\"https:\/\/dev.bitaipartners.com\/?s={search_term_string}\"},\"query-input\":\"required name=search_term_string\"}],\"inLanguage\":\"en-US\"},{\"@type\":\"WebPage\",\"@id\":\"https:\/\/dev.bitaipartners.com\/en\/law-services\/#webpage\",\"url\":\"https:\/\/dev.bitaipartners.com\/en\/law-services\/\",\"name\":\"Law Services - BITAI &amp; Partners DEV\",\"isPartOf\":{\"@id\":\"https:\/\/dev.bitaipartners.com\/#website\"},\"datePublished\":\"2018-09-01T15:08:18+00:00\",\"dateModified\":\"2020-08-05T14:40:07+00:00\",\"breadcrumb\":{\"@id\":\"https:\/\/dev.bitaipartners.com\/en\/law-services\/#breadcrumb\"},\"inLanguage\":\"en-US\",\"potentialAction\":[{\"@type\":\"ReadAction\",\"target\":[\"https:\/\/dev.bitaipartners.com\/en\/law-services\/\"]}]},{\"@type\":\"BreadcrumbList\",\"@id\":\"https:\/\/dev.bitaipartners.com\/en\/law-services\/#breadcrumb\",\"itemListElement\":[{\"@type\":\"ListItem\",\"position\":1,\"name\":\"Home\",\"item\":\"https:\/\/dev.bitaipartners.com\/en\/\"},{\"@type\":\"ListItem\",\"position\":2,\"name\":\"Law Services\"}]}]}<\/script>\n<!-- \/ Yoast SEO plugin. -->","yoast_head_json":{"title":"Law Services - BITAI &amp; Partners DEV","robots":{"index":"noindex","follow":"follow","max-snippet":"max-snippet:-1","max-image-preview":"max-image-preview:large","max-video-preview":"max-video-preview:-1"},"og_locale":"en_US","og_type":"article","og_title":"Law Services - BITAI &amp; Partners DEV","og_description":"[section] [row style=&#8221;collapse&#8221;] [col span__sm=&#8221;12&#8243;] Law Services [\/col] [\/row] [gap height=&#8221;25px&#8221;] [row style=&#8221;collapse&#8221;] [col span=&#8221;3&#8243; span__sm=&#8221;6&#8243;] [featured_box img=&#8221;2988&#8243; img_width=&#8221;50&#8243; pos=&#8221;center&#8221; link=&#8221;\/en\/law-services\/data-protection-gdpr\/&#8221;] Data protection, GDPR [\/featured_box] [\/col] [col span=&#8221;3&#8243; span__sm=&#8221;6&#8243;] [featured_box img=&#8221;2997&#8243; img_width=&#8221;33&#8243; pos=&#8221;center&#8221; link=&#8221;\/en\/law-services\/corporate-law\/&#8221;] Corporate law [\/featured_box] [\/col] [col span=&#8221;3&#8243; span__sm=&#8221;6&#8243;] [featured_box img=&#8221;2999&#8243; img_width=&#8221;33&#8243; pos=&#8221;center&#8221; link=&#8221;\/en\/law-services\/real-estate-law\/&#8221;] Real estate law [\/featured_box] [\/col] [col span=&#8221;3&#8243; span__sm=&#8221;6&#8243;] [featured_box [&hellip;]","og_url":"https:\/\/dev.bitaipartners.com\/en\/law-services\/","og_site_name":"BITAI &amp; Partners DEV","article_publisher":"https:\/\/www.facebook.com\/bitaiandpartners\/","article_modified_time":"2020-08-05T14:40:07+00:00","twitter_card":"summary_large_image","twitter_misc":{"Est. reading time":"1 minute"},"schema":{"@context":"https:\/\/schema.org","@graph":[{"@type":"Organization","@id":"https:\/\/dev.bitaipartners.com\/#organization","name":"BITAI & Partners","url":"https:\/\/dev.bitaipartners.com\/","sameAs":["https:\/\/www.facebook.com\/bitaiandpartners\/","http:\/\/www.linkedin.com\/company\/bitai-legal-attorneys-at-law\/"],"logo":{"@type":"ImageObject","@id":"https:\/\/dev.bitaipartners.com\/#logo","inLanguage":"en-US","url":"https:\/\/i0.wp.com\/bitaipartners.com\/wp-content\/uploads\/2019\/07\/logo-Collegium-Bitai-Partners-WITH-TEXT.png?fit=1000%2C387&ssl=1","contentUrl":"https:\/\/i0.wp.com\/bitaipartners.com\/wp-content\/uploads\/2019\/07\/logo-Collegium-Bitai-Partners-WITH-TEXT.png?fit=1000%2C387&ssl=1","width":1000,"height":387,"caption":"BITAI & Partners"},"image":{"@id":"https:\/\/dev.bitaipartners.com\/#logo"}},{"@type":"WebSite","@id":"https:\/\/dev.bitaipartners.com\/#website","url":"https:\/\/dev.bitaipartners.com\/","name":"BITAI &amp; Partners DEV","description":"Senkit nem \u00e9rdekel, hogy mit nem lehet - sokkal ink\u00e1bb az, hogyan lehet, de jogszer\u0171en.","publisher":{"@id":"https:\/\/dev.bitaipartners.com\/#organization"},"potentialAction":[{"@type":"SearchAction","target":{"@type":"EntryPoint","urlTemplate":"https:\/\/dev.bitaipartners.com\/?s={search_term_string}"},"query-input":"required name=search_term_string"}],"inLanguage":"en-US"},{"@type":"WebPage","@id":"https:\/\/dev.bitaipartners.com\/en\/law-services\/#webpage","url":"https:\/\/dev.bitaipartners.com\/en\/law-services\/","name":"Law Services - BITAI &amp; Partners DEV","isPartOf":{"@id":"https:\/\/dev.bitaipartners.com\/#website"},"datePublished":"2018-09-01T15:08:18+00:00","dateModified":"2020-08-05T14:40:07+00:00","breadcrumb":{"@id":"https:\/\/dev.bitaipartners.com\/en\/law-services\/#breadcrumb"},"inLanguage":"en-US","potentialAction":[{"@type":"ReadAction","target":["https:\/\/dev.bitaipartners.com\/en\/law-services\/"]}]},{"@type":"BreadcrumbList","@id":"https:\/\/dev.bitaipartners.com\/en\/law-services\/#breadcrumb","itemListElement":[{"@type":"ListItem","position":1,"name":"Home","item":"https:\/\/dev.bitaipartners.com\/en\/"},{"@type":"ListItem","position":2,"name":"Law Services"}]}]}},"_links":{"self":[{"href":"https:\/\/dev.bitaipartners.com\/en\/wp-json\/wp\/v2\/pages\/1146"}],"collection":[{"href":"https:\/\/dev.bitaipartners.com\/en\/wp-json\/wp\/v2\/pages"}],"about":[{"href":"https:\/\/dev.bitaipartners.com\/en\/wp-json\/wp\/v2\/types\/page"}],"author":[{"embeddable":true,"href":"https:\/\/dev.bitaipartners.com\/en\/wp-json\/wp\/v2\/users\/23"}],"replies":[{"embeddable":true,"href":"https:\/\/dev.bitaipartners.com\/en\/wp-json\/wp\/v2\/comments?post=1146"}],"version-history":[{"count":18,"href":"https:\/\/dev.bitaipartners.com\/en\/wp-json\/wp\/v2\/pages\/1146\/revisions"}],"predecessor-version":[{"id":3821,"href":"https:\/\/dev.bitaipartners.com\/en\/wp-json\/wp\/v2\/pages\/1146\/revisions\/3821"}],"wp:attachment":[{"href":"https:\/\/dev.bitaipartners.com\/en\/wp-json\/wp\/v2\/media?parent=1146"}],"curies":[{"name":"wp","href":"https:\/\/api.w.org\/{rel}","templated":true}]}}