{"id":1138,"date":"2018-09-01T16:53:53","date_gmt":"2018-09-01T14:53:53","guid":{"rendered":"http:\/\/bitailegal.com\/index.php\/dr-bitai-zsofia\/"},"modified":"2019-06-06T11:35:47","modified_gmt":"2019-06-06T09:35:47","slug":"dr-zsofia-bitai","status":"publish","type":"page","link":"https:\/\/dev.bitaipartners.com\/en\/our-team\/dr-zsofia-bitai\/","title":{"rendered":"Dr. Zs\u00f3fia Bitai LL.M."},"content":{"rendered":"<p>\n[section padding=&#8221;0px&#8221; class=&#8221;munkatars-bemutatkozas&#8221;]<\/p>\n<p>[row]<\/p>\n<p>[col span=&#8221;4&#8243; span__sm=&#8221;12&#8243;]<\/p>\n<p>[ux_image id=&#8221;3220&#8243; image_size=&#8221;original&#8221;]<\/p>\n<p>[follow style=&#8221;small&#8221; align=&#8221;right&#8221; scale=&#8221;166&#8243; linkedin=&#8221;https:\/\/www.linkedin.com\/in\/dr-zsofia-bitai-ll-m-1249b84a\/&#8221;]<\/p>\n<p>[\/col]<br \/>\n[col span=&#8221;8&#8243; span__sm=&#8221;12&#8243; padding=&#8221;0px 0px 0px 0px&#8221;]<\/p>\n<h2 class=\"title uppercase\">Dr. Zs\u00f3fia Bitai LL.M.<\/h2>\n<h3 class=\"thin-font\">Managing Partner<\/h3>\n<p>Dr Zs\u00f3fia Bitai is the Managing Partner of CLM BITAI &amp; PARTNERS Law Firm. Besides managing the Law Firm, she leads the Advertisement &amp; Competition law, furthermore the GDPR practice areas.<\/p>\n<p>She holds a master degree in EU Competition Law from Kings\u2019 College London and before she was legal counsel at the Hungarian Competition Office.<\/p>\n<p>She launched Competition, Advertisement law &amp; GDPR compliance programmes at many multinational companies, which are continuously supervised by her. Moreover, she reviews advertisement &amp; social media campaigns on a day to day basis.<\/p>\n<p>Among her works, worth to highlight that she negotiated and advised on numerous commercial and marketing contracts, furthermore she represented many clients in competition and consumer protection authority proceedings.<\/p>\n<p>Zsofia has almost 10 years of experience as in-house legal counsel at major multinational companies and state authorities, therefore she is well trained in internal management, structuring and processes of companies. She recognises business needs and legal problems easily. She provides clients with swift and easy to understand legal advice according to their needs.<\/p>\n<p>She is focused on solutions, she does not know the word: impossible. Besides solving legal issues, based on her experience she provides the clients with business advice, furthermore she helps them with connections through her business network.<\/p>\n<p>Working Languages: Hungarian, English, German<\/p>\n<p>[\/col][\/row][\/section]<\/p>\n","protected":false},"excerpt":{"rendered":"<p>[section padding=&#8221;0px&#8221; class=&#8221;munkatars-bemutatkozas&#8221;] [row] [col span=&#8221;4&#8243; span__sm=&#8221;12&#8243;] [ux_image id=&#8221;3220&#8243; image_size=&#8221;original&#8221;] [follow style=&#8221;small&#8221; align=&#8221;right&#8221; scale=&#8221;166&#8243; linkedin=&#8221;https:\/\/www.linkedin.com\/in\/dr-zsofia-bitai-ll-m-1249b84a\/&#8221;] [\/col] [col span=&#8221;8&#8243; span__sm=&#8221;12&#8243; padding=&#8221;0px 0px 0px 0px&#8221;] Dr. Zs\u00f3fia Bitai LL.M. Managing Partner Dr Zs\u00f3fia Bitai is the Managing Partner of CLM BITAI &amp; PARTNERS Law Firm. Besides managing the Law Firm, she leads the Advertisement &amp; Competition law, [&hellip;]<\/p>\n","protected":false},"author":23,"featured_media":3221,"parent":3205,"menu_order":0,"comment_status":"closed","ping_status":"closed","template":"page-blank.php","meta":[],"yoast_head":"<!-- This site is optimized with the Yoast SEO plugin v18.4.1 - https:\/\/yoast.com\/wordpress\/plugins\/seo\/ -->\n<title>Dr. Zs\u00f3fia Bitai LL.M. - BITAI &amp; Partners DEV<\/title>\n<meta name=\"robots\" content=\"noindex, follow, max-snippet:-1, max-image-preview:large, max-video-preview:-1\" \/>\n<meta property=\"og:locale\" content=\"en_US\" \/>\n<meta property=\"og:type\" content=\"article\" \/>\n<meta property=\"og:title\" content=\"Dr. Zs\u00f3fia Bitai LL.M. - BITAI &amp; Partners DEV\" \/>\n<meta property=\"og:description\" content=\"[section padding=&#8221;0px&#8221; class=&#8221;munkatars-bemutatkozas&#8221;] [row] [col span=&#8221;4&#8243; span__sm=&#8221;12&#8243;] [ux_image id=&#8221;3220&#8243; image_size=&#8221;original&#8221;] [follow style=&#8221;small&#8221; align=&#8221;right&#8221; scale=&#8221;166&#8243; linkedin=&#8221;https:\/\/www.linkedin.com\/in\/dr-zsofia-bitai-ll-m-1249b84a\/&#8221;] [\/col] [col span=&#8221;8&#8243; span__sm=&#8221;12&#8243; padding=&#8221;0px 0px 0px 0px&#8221;] Dr. Zs\u00f3fia Bitai LL.M. Managing Partner Dr Zs\u00f3fia Bitai is the Managing Partner of CLM BITAI &amp; PARTNERS Law Firm. Besides managing the Law Firm, she leads the Advertisement &amp; Competition law, [&hellip;]\" \/>\n<meta property=\"og:url\" content=\"https:\/\/dev.bitaipartners.com\/en\/our-team\/dr-zsofia-bitai\/\" \/>\n<meta property=\"og:site_name\" content=\"BITAI &amp; Partners DEV\" \/>\n<meta property=\"article:publisher\" content=\"https:\/\/www.facebook.com\/bitaiandpartners\/\" \/>\n<meta property=\"article:modified_time\" content=\"2019-06-06T09:35:47+00:00\" \/>\n<meta property=\"og:image\" content=\"https:\/\/dev.bitaipartners.com\/wp-content\/uploads\/2019\/06\/dr-bitai-zsofia-ugyved.jpg\" \/>\n\t<meta property=\"og:image:width\" content=\"533\" \/>\n\t<meta property=\"og:image:height\" content=\"800\" \/>\n\t<meta property=\"og:image:type\" content=\"image\/jpeg\" \/>\n<meta name=\"twitter:card\" content=\"summary_large_image\" \/>\n<meta name=\"twitter:label1\" content=\"Est. reading time\" \/>\n\t<meta name=\"twitter:data1\" content=\"1 minute\" \/>\n<script type=\"application\/ld+json\" class=\"yoast-schema-graph\">{\"@context\":\"https:\/\/schema.org\",\"@graph\":[{\"@type\":\"Organization\",\"@id\":\"https:\/\/dev.bitaipartners.com\/#organization\",\"name\":\"BITAI & Partners\",\"url\":\"https:\/\/dev.bitaipartners.com\/\",\"sameAs\":[\"https:\/\/www.facebook.com\/bitaiandpartners\/\",\"http:\/\/www.linkedin.com\/company\/bitai-legal-attorneys-at-law\/\"],\"logo\":{\"@type\":\"ImageObject\",\"@id\":\"https:\/\/dev.bitaipartners.com\/#logo\",\"inLanguage\":\"en-US\",\"url\":\"https:\/\/i0.wp.com\/bitaipartners.com\/wp-content\/uploads\/2019\/07\/logo-Collegium-Bitai-Partners-WITH-TEXT.png?fit=1000%2C387&ssl=1\",\"contentUrl\":\"https:\/\/i0.wp.com\/bitaipartners.com\/wp-content\/uploads\/2019\/07\/logo-Collegium-Bitai-Partners-WITH-TEXT.png?fit=1000%2C387&ssl=1\",\"width\":1000,\"height\":387,\"caption\":\"BITAI & Partners\"},\"image\":{\"@id\":\"https:\/\/dev.bitaipartners.com\/#logo\"}},{\"@type\":\"WebSite\",\"@id\":\"https:\/\/dev.bitaipartners.com\/#website\",\"url\":\"https:\/\/dev.bitaipartners.com\/\",\"name\":\"BITAI &amp; Partners DEV\",\"description\":\"Senkit nem \u00e9rdekel, hogy mit nem lehet - sokkal ink\u00e1bb az, hogyan lehet, de jogszer\u0171en.\",\"publisher\":{\"@id\":\"https:\/\/dev.bitaipartners.com\/#organization\"},\"potentialAction\":[{\"@type\":\"SearchAction\",\"target\":{\"@type\":\"EntryPoint\",\"urlTemplate\":\"https:\/\/dev.bitaipartners.com\/?s={search_term_string}\"},\"query-input\":\"required name=search_term_string\"}],\"inLanguage\":\"en-US\"},{\"@type\":\"ImageObject\",\"@id\":\"https:\/\/dev.bitaipartners.com\/en\/our-team\/dr-zsofia-bitai\/#primaryimage\",\"inLanguage\":\"en-US\",\"url\":\"https:\/\/dev.bitaipartners.com\/wp-content\/uploads\/2019\/06\/dr-bitai-zsofia-ugyved.jpg\",\"contentUrl\":\"https:\/\/dev.bitaipartners.com\/wp-content\/uploads\/2019\/06\/dr-bitai-zsofia-ugyved.jpg\",\"width\":533,\"height\":800,\"caption\":\"Dr. Bitai Zs\u00f3fia\"},{\"@type\":\"WebPage\",\"@id\":\"https:\/\/dev.bitaipartners.com\/en\/our-team\/dr-zsofia-bitai\/#webpage\",\"url\":\"https:\/\/dev.bitaipartners.com\/en\/our-team\/dr-zsofia-bitai\/\",\"name\":\"Dr. Zs\u00f3fia Bitai LL.M. - BITAI &amp; Partners DEV\",\"isPartOf\":{\"@id\":\"https:\/\/dev.bitaipartners.com\/#website\"},\"primaryImageOfPage\":{\"@id\":\"https:\/\/dev.bitaipartners.com\/en\/our-team\/dr-zsofia-bitai\/#primaryimage\"},\"datePublished\":\"2018-09-01T14:53:53+00:00\",\"dateModified\":\"2019-06-06T09:35:47+00:00\",\"breadcrumb\":{\"@id\":\"https:\/\/dev.bitaipartners.com\/en\/our-team\/dr-zsofia-bitai\/#breadcrumb\"},\"inLanguage\":\"en-US\",\"potentialAction\":[{\"@type\":\"ReadAction\",\"target\":[\"https:\/\/dev.bitaipartners.com\/en\/our-team\/dr-zsofia-bitai\/\"]}]},{\"@type\":\"BreadcrumbList\",\"@id\":\"https:\/\/dev.bitaipartners.com\/en\/our-team\/dr-zsofia-bitai\/#breadcrumb\",\"itemListElement\":[{\"@type\":\"ListItem\",\"position\":1,\"name\":\"Home\",\"item\":\"https:\/\/dev.bitaipartners.com\/en\/\"},{\"@type\":\"ListItem\",\"position\":2,\"name\":\"Our Team\",\"item\":\"https:\/\/dev.bitaipartners.com\/en\/our-team\/\"},{\"@type\":\"ListItem\",\"position\":3,\"name\":\"Dr. Zs\u00f3fia Bitai LL.M.\"}]}]}<\/script>\n<!-- \/ Yoast SEO plugin. -->","yoast_head_json":{"title":"Dr. Zs\u00f3fia Bitai LL.M. - BITAI &amp; Partners DEV","robots":{"index":"noindex","follow":"follow","max-snippet":"max-snippet:-1","max-image-preview":"max-image-preview:large","max-video-preview":"max-video-preview:-1"},"og_locale":"en_US","og_type":"article","og_title":"Dr. Zs\u00f3fia Bitai LL.M. - BITAI &amp; Partners DEV","og_description":"[section padding=&#8221;0px&#8221; class=&#8221;munkatars-bemutatkozas&#8221;] [row] [col span=&#8221;4&#8243; span__sm=&#8221;12&#8243;] [ux_image id=&#8221;3220&#8243; image_size=&#8221;original&#8221;] [follow style=&#8221;small&#8221; align=&#8221;right&#8221; scale=&#8221;166&#8243; linkedin=&#8221;https:\/\/www.linkedin.com\/in\/dr-zsofia-bitai-ll-m-1249b84a\/&#8221;] [\/col] [col span=&#8221;8&#8243; span__sm=&#8221;12&#8243; padding=&#8221;0px 0px 0px 0px&#8221;] Dr. Zs\u00f3fia Bitai LL.M. Managing Partner Dr Zs\u00f3fia Bitai is the Managing Partner of CLM BITAI &amp; PARTNERS Law Firm. Besides managing the Law Firm, she leads the Advertisement &amp; Competition law, [&hellip;]","og_url":"https:\/\/dev.bitaipartners.com\/en\/our-team\/dr-zsofia-bitai\/","og_site_name":"BITAI &amp; Partners DEV","article_publisher":"https:\/\/www.facebook.com\/bitaiandpartners\/","article_modified_time":"2019-06-06T09:35:47+00:00","og_image":[{"width":533,"height":800,"url":"https:\/\/dev.bitaipartners.com\/wp-content\/uploads\/2019\/06\/dr-bitai-zsofia-ugyved.jpg","type":"image\/jpeg"}],"twitter_card":"summary_large_image","twitter_misc":{"Est. reading time":"1 minute"},"schema":{"@context":"https:\/\/schema.org","@graph":[{"@type":"Organization","@id":"https:\/\/dev.bitaipartners.com\/#organization","name":"BITAI & Partners","url":"https:\/\/dev.bitaipartners.com\/","sameAs":["https:\/\/www.facebook.com\/bitaiandpartners\/","http:\/\/www.linkedin.com\/company\/bitai-legal-attorneys-at-law\/"],"logo":{"@type":"ImageObject","@id":"https:\/\/dev.bitaipartners.com\/#logo","inLanguage":"en-US","url":"https:\/\/i0.wp.com\/bitaipartners.com\/wp-content\/uploads\/2019\/07\/logo-Collegium-Bitai-Partners-WITH-TEXT.png?fit=1000%2C387&ssl=1","contentUrl":"https:\/\/i0.wp.com\/bitaipartners.com\/wp-content\/uploads\/2019\/07\/logo-Collegium-Bitai-Partners-WITH-TEXT.png?fit=1000%2C387&ssl=1","width":1000,"height":387,"caption":"BITAI & Partners"},"image":{"@id":"https:\/\/dev.bitaipartners.com\/#logo"}},{"@type":"WebSite","@id":"https:\/\/dev.bitaipartners.com\/#website","url":"https:\/\/dev.bitaipartners.com\/","name":"BITAI &amp; Partners DEV","description":"Senkit nem \u00e9rdekel, hogy mit nem lehet - sokkal ink\u00e1bb az, hogyan lehet, de jogszer\u0171en.","publisher":{"@id":"https:\/\/dev.bitaipartners.com\/#organization"},"potentialAction":[{"@type":"SearchAction","target":{"@type":"EntryPoint","urlTemplate":"https:\/\/dev.bitaipartners.com\/?s={search_term_string}"},"query-input":"required name=search_term_string"}],"inLanguage":"en-US"},{"@type":"ImageObject","@id":"https:\/\/dev.bitaipartners.com\/en\/our-team\/dr-zsofia-bitai\/#primaryimage","inLanguage":"en-US","url":"https:\/\/dev.bitaipartners.com\/wp-content\/uploads\/2019\/06\/dr-bitai-zsofia-ugyved.jpg","contentUrl":"https:\/\/dev.bitaipartners.com\/wp-content\/uploads\/2019\/06\/dr-bitai-zsofia-ugyved.jpg","width":533,"height":800,"caption":"Dr. Bitai Zs\u00f3fia"},{"@type":"WebPage","@id":"https:\/\/dev.bitaipartners.com\/en\/our-team\/dr-zsofia-bitai\/#webpage","url":"https:\/\/dev.bitaipartners.com\/en\/our-team\/dr-zsofia-bitai\/","name":"Dr. Zs\u00f3fia Bitai LL.M. - BITAI &amp; Partners DEV","isPartOf":{"@id":"https:\/\/dev.bitaipartners.com\/#website"},"primaryImageOfPage":{"@id":"https:\/\/dev.bitaipartners.com\/en\/our-team\/dr-zsofia-bitai\/#primaryimage"},"datePublished":"2018-09-01T14:53:53+00:00","dateModified":"2019-06-06T09:35:47+00:00","breadcrumb":{"@id":"https:\/\/dev.bitaipartners.com\/en\/our-team\/dr-zsofia-bitai\/#breadcrumb"},"inLanguage":"en-US","potentialAction":[{"@type":"ReadAction","target":["https:\/\/dev.bitaipartners.com\/en\/our-team\/dr-zsofia-bitai\/"]}]},{"@type":"BreadcrumbList","@id":"https:\/\/dev.bitaipartners.com\/en\/our-team\/dr-zsofia-bitai\/#breadcrumb","itemListElement":[{"@type":"ListItem","position":1,"name":"Home","item":"https:\/\/dev.bitaipartners.com\/en\/"},{"@type":"ListItem","position":2,"name":"Our Team","item":"https:\/\/dev.bitaipartners.com\/en\/our-team\/"},{"@type":"ListItem","position":3,"name":"Dr. Zs\u00f3fia Bitai LL.M."}]}]}},"_links":{"self":[{"href":"https:\/\/dev.bitaipartners.com\/en\/wp-json\/wp\/v2\/pages\/1138"}],"collection":[{"href":"https:\/\/dev.bitaipartners.com\/en\/wp-json\/wp\/v2\/pages"}],"about":[{"href":"https:\/\/dev.bitaipartners.com\/en\/wp-json\/wp\/v2\/types\/page"}],"author":[{"embeddable":true,"href":"https:\/\/dev.bitaipartners.com\/en\/wp-json\/wp\/v2\/users\/23"}],"replies":[{"embeddable":true,"href":"https:\/\/dev.bitaipartners.com\/en\/wp-json\/wp\/v2\/comments?post=1138"}],"version-history":[{"count":9,"href":"https:\/\/dev.bitaipartners.com\/en\/wp-json\/wp\/v2\/pages\/1138\/revisions"}],"predecessor-version":[{"id":3242,"href":"https:\/\/dev.bitaipartners.com\/en\/wp-json\/wp\/v2\/pages\/1138\/revisions\/3242"}],"up":[{"embeddable":true,"href":"https:\/\/dev.bitaipartners.com\/en\/wp-json\/wp\/v2\/pages\/3205"}],"wp:featuredmedia":[{"embeddable":true,"href":"https:\/\/dev.bitaipartners.com\/en\/wp-json\/wp\/v2\/media\/3221"}],"wp:attachment":[{"href":"https:\/\/dev.bitaipartners.com\/en\/wp-json\/wp\/v2\/media?parent=1138"}],"curies":[{"name":"wp","href":"https:\/\/api.w.org\/{rel}","templated":true}]}}