{"id":1127,"date":"2018-09-01T16:42:42","date_gmt":"2018-09-01T14:42:42","guid":{"rendered":"http:\/\/bitailegal.com\/index.php\/rolunk\/"},"modified":"2021-04-27T19:42:56","modified_gmt":"2021-04-27T17:42:56","slug":"about-us","status":"publish","type":"page","link":"https:\/\/dev.bitaipartners.com\/en\/about-us\/","title":{"rendered":"About Us"},"content":{"rendered":"<p>[gap]<\/p>\n<p>[section label=&#8221;CLM&#8221; padding=&#8221;0px&#8221;]<\/p>\n<p>[scroll_to title=&#8221;CLM&#8221; link=&#8221;#clm&#8221; bullet=&#8221;false&#8221;]<\/p>\n<h1>CLM<\/h1>\n<\/p>\n<p>CLM is an alliance of independent law firms operating in many important cities in Central and Eastern Europe Hungary is an integral part of this region, thus the presence of an international law firm providing legal services with a deep understanding of the market conditions of the region, is of great importance for domestic businesses.<\/p>\n<p>CLM was launched with the establishment of Slovak and Czech lawyers in Kosice, \u017dilina, Bratislava and Brno in 2015 In 2019, the alliance expanded with Hungarian lawyers in Budapest. In the upcoming years the alliance plan is to involve further offices in the region.<\/p>\n<p>JUDr. Leo Teodor Voj\u010d\u00edk, the managing partner of the Slovak offices said, \u2018in a top law firm clients always find a rare harmony of legal and human support\u2019. Our speciality is that we work \u2018not only with professional care, but also with heart\u2019.<\/p>\n<p>Dr. Zs\u00f3fia Bitai, the managing partner of the Hungarian office pointed out, that \u2018the cooperation with Collegium was established with the objective of providing our clients with even cross-border legal services, that are professional and always in line with their business needs\u2019.<\/p>\n<p>[\/section]<br \/>\n[divider align=&#8221;center&#8221; width=&#8221;100%&#8221; margin=&#8221;35px&#8221;]<\/p>\n<p>[section label=&#8221;MEMBERS OF CLM&#8221; padding=&#8221;0px&#8221;]<\/p>\n<p>[scroll_to title=&#8221;MEMBERS OF CLM&#8221; link=&#8221;#members-of-clm&#8221; bullet=&#8221;false&#8221;]<\/p>\n<h2>MEMBERS OF CLM<\/h2>\n<h3>HUNGARY \u2013 CLM BITAI &amp; PARTNERS<\/h3>\n<p>The BITAI Law Firm, established by Dr. Zs\u00f3fia Bitai, has been providing legal services with a business approach for local and multinational companies in Hungary since 2015. CLM invited the BITAI Law Firm to join the alliance in 2018.<\/p>\n<p>Main fields of legal service: Competition and Advertising Law, GDPR, Commercial Law, Company Law and Real Estate Law.<\/p>\n<h3>SLOVAKIA \u2013 CLM VOJ\u010c\u00cdK &amp; PARTNERS<\/h3>\n<p>The Law firm Voj\u010d\u00edk &amp; Partners was established by Prof. JUDr. Peter Voj\u010d\u00edk, CSc. in 1991. Today the network of attorney and patent offices are managed by his son son, Dr. Leo Teodor Voj\u010d\u00edk.<\/p>\n<p>Main fields of legal service: Intellectual Property Law, Commercial Law and Company Law, Merger and Acquisitions and Real Estate.<\/p>\n<p>web: <a href=\"https:\/\/www.vojcik.sk\/en\/homepage\"><em>CLM VOJ\u010cIK &amp; PARTNERS<\/em><\/a><\/p>\n<h3>CZECH REPUBLIC \u2013 CLM URBAN &amp; HEJDUK<\/h3>\n<p>Urban &amp; Hejduk law firm launched his activities in 2015, managed by Marek Hejduk, Jan Urban and Katerina Mala.<\/p>\n<p>Main fields of legal service: Energy Law, Litigation and Arbitration and Commercial Law.<\/p>\n<p>web: <a href=\"https:\/\/www.urbanhejduk.cz\/en\/homepage\"><em>CLM URBAN &amp; HEJDUK<\/em><\/a><\/p>\n<p>[\/section]<br \/>\n[divider align=&#8221;center&#8221; width=&#8221;100%&#8221; margin=&#8221;35px&#8221;]<\/p>\n<p>[section label=&#8221;GRimaldi&#8221; padding=&#8221;0px&#8221;]<\/p>\n<p>[scroll_to title=&#8221;Grimaldi Alliance&#8221; link=&#8221;#grimaldi-alliance&#8221; bullet=&#8221;false&#8221;]<\/p>\n<h2>Grimaldi Alliance<\/h2>\n<h3>THE CLM BITAI &amp; PARTNERS LAW FIRM HAS BECOME A NEW MEMBER OF INTERNATIONAL ALLIANCE OF INDEPENDENT LAW FIRMS GRIMALDI AND EXCLUSIVE REPRESENTATIVE OF GRIMALDI ALLIANCE FOR THE HUNGARIAN MARKET IN 2020.<\/h3>\n<p>The Bitai &amp; Partners law firm, member of the CLM International Alliance of Law Firms in the CEE Region, operating also in the Czech Republic and Slovakia, thus significantly enlarges its international cooperation. thus significantly enlarges its international cooperation.<\/p>\n<blockquote>\n<p>\u201cHungary historically represents an important business opportunity for Italian companies, so much so that over 2,000 enterprises owned by Italians or having an Italian participation, with a turnover of around 4.2 billion euros, operate in this Country. We are very pleased to work with a law firm having a well-known professionality like Bitai &amp; Partners, which enables us to ensure a full coverage in the CEE region\u201d<\/p>\n<\/blockquote>\n<p style=\"text-align: right\">&#8211; states Francesco Sciaudone, Managing Partner of Grimaldi.<\/p>\n<p><b>Grimaldi Alliance is already present in the following Countries:<\/b><\/p>\n<p>Albania, Saudi Arabia, Argentina, Belgium, Bosnia-Herzegovina, Bulgaria, Colombia, Croatia, Cyprus, Egypt, El Salvador, United Arab Emirates, Guatemala, Honduras, India, Iraq, North Macedonia, Montenegro, Oman, Panama, Paraguay, Poland, Portugal, United Kingdom, Czech Republic, Slovak Republic, Romania, Russia, Serbia, Slovenia, Spain, Switzerland, Tunisia, Turkey, Uruguay and the USA.<\/p>\n<p><a href=\"http:\/\/grimaldialliance.com\/en\/grimaldi-alliance\/\"><img loading=\"lazy\" class=\"alignnone wp-image-3945 size-large\" src=\"http:\/\/dev.bitaipartners.com\/wp-content\/uploads\/2021\/02\/grimaldi-szovetseg-orszagai-bitai-partners-kijelolve-1024x499.gif\" alt=\"\" width=\"1020\" height=\"497\" srcset=\"https:\/\/dev.bitaipartners.com\/wp-content\/uploads\/2021\/02\/grimaldi-szovetseg-orszagai-bitai-partners-kijelolve-1024x499.gif 1024w, https:\/\/dev.bitaipartners.com\/wp-content\/uploads\/2021\/02\/grimaldi-szovetseg-orszagai-bitai-partners-kijelolve-300x146.gif 300w, https:\/\/dev.bitaipartners.com\/wp-content\/uploads\/2021\/02\/grimaldi-szovetseg-orszagai-bitai-partners-kijelolve-768x374.gif 768w, https:\/\/dev.bitaipartners.com\/wp-content\/uploads\/2021\/02\/grimaldi-szovetseg-orszagai-bitai-partners-kijelolve-1536x748.gif 1536w\" sizes=\"(max-width: 1020px) 100vw, 1020px\" \/><\/a><\/p>\n<p>[\/section]<br \/>\n[divider align=&#8221;center&#8221; width=&#8221;100%&#8221; margin=&#8221;35px&#8221;]<\/p>\n<p>[section label=&#8221;Ertekeink&#8221; padding=&#8221;0px&#8221;]<\/p>\n<p>[scroll_to title=&#8221;Ertekeink&#8221; link=&#8221;#our-approach&#8221; bullet=&#8221;false&#8221;]<\/p>\n<h2>Our Approach<\/h2>\n<p><strong>CLM Bitai &amp; Partners<\/strong> has been established with the objective of providing clients with legal advice that completely suits their business needs in the accelerated world of the 21st century.<\/p>\n<p>As a well assembled team we bring together and combine our attorneys\u2019 experience gained in different fields of law, as well as the positive attitudes of their working styles. This is the guarantee for providing our clients high quality legal service that fits their ideas and habits the best.<\/p>\n<p>As the motto of Dr. Bitai Zs\u00f3fia explains: <em><strong>\u2018Nobody is interested in the don\u2019ts, but in the do\u2019s, yet be legally compliant\u2019.<\/strong><\/em><\/p>\n<h3>TAILOR-MADE SOLUTIONS<\/h3>\n<p>We believe, that beyond the matter of facts, plans and legal issues, knowing our clients is crucial. Our attorneys are constantly working together with multinational companies, as well as with small and medium-sized businesses. Therefore, they are aware of how important it is to know the unique conditions and internal processes of a company, so that they can work out the most fitting legal solutions.<\/p>\n<h3>BUSINESS ATTITUDE<\/h3>\n<p>We do not limit ourselves to providing mere legal advice. Our focus is on the business goals of our clients and we provide a secure legal background to accomplish them. Furthermore, we proactively help develop the legal framework of the business processes. We consider predictability as essential. That is why we work with remuneration tailored to the needs of our clients, and always keep cost-effectiveness in mind.<\/p>\n<h3>INTERNATIONAL APPROACH<\/h3>\n<p>It is evident for us that business does not stop at the border. All of our colleagues have gained experience abroad, be it studies or work. Knowing and fully respecting the traditions of different habits of different cultures are important to us. We are at home both in international and multinational environment. Besides working in Hungarian, our working languages are mainly English and German, but we are also ready to receive mandates in Italian and French.<\/p>\n<h3>CORE VALUES<\/h3>\n<p>We always perform our tasks in accordance with the principles of the legal profession. Professionalism, precision, reliability, discretion and the utmost commitment to our clients: these are fundamental values for us. We believe that we represent these traditional, unquestionable values in line with the expectations of the modern world.<\/p>\n<h3>Boutique<\/h3>\n<p>Our attorneys are specialized in competition law, advertisement law, GDPR, commercial law, real estate law and corporate law. We have ten years of experience and a great professional network in these areas that help to resolve the cases. Our aim is to provide high quality legal services in the above six key areas rather than only having superficial knowledge in numerous fields of law.<\/p>\n<p>[\/section]<\/p>\n","protected":false},"excerpt":{"rendered":"<p>[gap] [section label=&#8221;CLM&#8221; padding=&#8221;0px&#8221;] [scroll_to title=&#8221;CLM&#8221; link=&#8221;#clm&#8221; bullet=&#8221;false&#8221;] CLM CLM is an alliance of independent law firms operating in many important cities in Central and Eastern Europe Hungary is an integral part of this region, thus the presence of an international law firm providing legal services with a deep understanding of the market conditions of [&hellip;]<\/p>\n","protected":false},"author":23,"featured_media":0,"parent":0,"menu_order":0,"comment_status":"closed","ping_status":"closed","template":"","meta":[],"yoast_head":"<!-- This site is optimized with the Yoast SEO plugin v18.4.1 - https:\/\/yoast.com\/wordpress\/plugins\/seo\/ -->\n<title>About Us - BITAI &amp; Partners DEV<\/title>\n<meta name=\"robots\" content=\"noindex, follow, max-snippet:-1, max-image-preview:large, max-video-preview:-1\" \/>\n<meta property=\"og:locale\" content=\"en_US\" \/>\n<meta property=\"og:type\" content=\"article\" \/>\n<meta property=\"og:title\" content=\"About Us - BITAI &amp; Partners DEV\" \/>\n<meta property=\"og:description\" content=\"[gap] [section label=&#8221;CLM&#8221; padding=&#8221;0px&#8221;] [scroll_to title=&#8221;CLM&#8221; link=&#8221;#clm&#8221; bullet=&#8221;false&#8221;] CLM CLM is an alliance of independent law firms operating in many important cities in Central and Eastern Europe Hungary is an integral part of this region, thus the presence of an international law firm providing legal services with a deep understanding of the market conditions of [&hellip;]\" \/>\n<meta property=\"og:url\" content=\"https:\/\/dev.bitaipartners.com\/en\/about-us\/\" \/>\n<meta property=\"og:site_name\" content=\"BITAI &amp; Partners DEV\" \/>\n<meta property=\"article:publisher\" content=\"https:\/\/www.facebook.com\/bitaiandpartners\/\" \/>\n<meta property=\"article:modified_time\" content=\"2021-04-27T17:42:56+00:00\" \/>\n<meta property=\"og:image\" content=\"http:\/\/dev.bitaipartners.com\/wp-content\/uploads\/2021\/02\/grimaldi-szovetseg-orszagai-bitai-partners-kijelolve-1024x499.gif\" \/>\n<meta name=\"twitter:card\" content=\"summary_large_image\" \/>\n<meta name=\"twitter:label1\" content=\"Est. reading time\" \/>\n\t<meta name=\"twitter:data1\" content=\"5 minutes\" \/>\n<script type=\"application\/ld+json\" class=\"yoast-schema-graph\">{\"@context\":\"https:\/\/schema.org\",\"@graph\":[{\"@type\":\"Organization\",\"@id\":\"https:\/\/dev.bitaipartners.com\/#organization\",\"name\":\"BITAI & Partners\",\"url\":\"https:\/\/dev.bitaipartners.com\/\",\"sameAs\":[\"https:\/\/www.facebook.com\/bitaiandpartners\/\",\"http:\/\/www.linkedin.com\/company\/bitai-legal-attorneys-at-law\/\"],\"logo\":{\"@type\":\"ImageObject\",\"@id\":\"https:\/\/dev.bitaipartners.com\/#logo\",\"inLanguage\":\"en-US\",\"url\":\"https:\/\/i0.wp.com\/bitaipartners.com\/wp-content\/uploads\/2019\/07\/logo-Collegium-Bitai-Partners-WITH-TEXT.png?fit=1000%2C387&ssl=1\",\"contentUrl\":\"https:\/\/i0.wp.com\/bitaipartners.com\/wp-content\/uploads\/2019\/07\/logo-Collegium-Bitai-Partners-WITH-TEXT.png?fit=1000%2C387&ssl=1\",\"width\":1000,\"height\":387,\"caption\":\"BITAI & Partners\"},\"image\":{\"@id\":\"https:\/\/dev.bitaipartners.com\/#logo\"}},{\"@type\":\"WebSite\",\"@id\":\"https:\/\/dev.bitaipartners.com\/#website\",\"url\":\"https:\/\/dev.bitaipartners.com\/\",\"name\":\"BITAI &amp; Partners DEV\",\"description\":\"Senkit nem \u00e9rdekel, hogy mit nem lehet - sokkal ink\u00e1bb az, hogyan lehet, de jogszer\u0171en.\",\"publisher\":{\"@id\":\"https:\/\/dev.bitaipartners.com\/#organization\"},\"potentialAction\":[{\"@type\":\"SearchAction\",\"target\":{\"@type\":\"EntryPoint\",\"urlTemplate\":\"https:\/\/dev.bitaipartners.com\/?s={search_term_string}\"},\"query-input\":\"required name=search_term_string\"}],\"inLanguage\":\"en-US\"},{\"@type\":\"ImageObject\",\"@id\":\"https:\/\/dev.bitaipartners.com\/en\/about-us\/#primaryimage\",\"inLanguage\":\"en-US\",\"url\":\"http:\/\/dev.bitaipartners.com\/wp-content\/uploads\/2021\/02\/grimaldi-szovetseg-orszagai-bitai-partners-kijelolve-1024x499.gif\",\"contentUrl\":\"http:\/\/dev.bitaipartners.com\/wp-content\/uploads\/2021\/02\/grimaldi-szovetseg-orszagai-bitai-partners-kijelolve-1024x499.gif\"},{\"@type\":\"WebPage\",\"@id\":\"https:\/\/dev.bitaipartners.com\/en\/about-us\/#webpage\",\"url\":\"https:\/\/dev.bitaipartners.com\/en\/about-us\/\",\"name\":\"About Us - BITAI &amp; Partners DEV\",\"isPartOf\":{\"@id\":\"https:\/\/dev.bitaipartners.com\/#website\"},\"primaryImageOfPage\":{\"@id\":\"https:\/\/dev.bitaipartners.com\/en\/about-us\/#primaryimage\"},\"datePublished\":\"2018-09-01T14:42:42+00:00\",\"dateModified\":\"2021-04-27T17:42:56+00:00\",\"breadcrumb\":{\"@id\":\"https:\/\/dev.bitaipartners.com\/en\/about-us\/#breadcrumb\"},\"inLanguage\":\"en-US\",\"potentialAction\":[{\"@type\":\"ReadAction\",\"target\":[\"https:\/\/dev.bitaipartners.com\/en\/about-us\/\"]}]},{\"@type\":\"BreadcrumbList\",\"@id\":\"https:\/\/dev.bitaipartners.com\/en\/about-us\/#breadcrumb\",\"itemListElement\":[{\"@type\":\"ListItem\",\"position\":1,\"name\":\"Home\",\"item\":\"https:\/\/dev.bitaipartners.com\/en\/\"},{\"@type\":\"ListItem\",\"position\":2,\"name\":\"About Us\"}]}]}<\/script>\n<!-- \/ Yoast SEO plugin. -->","yoast_head_json":{"title":"About Us - BITAI &amp; Partners DEV","robots":{"index":"noindex","follow":"follow","max-snippet":"max-snippet:-1","max-image-preview":"max-image-preview:large","max-video-preview":"max-video-preview:-1"},"og_locale":"en_US","og_type":"article","og_title":"About Us - BITAI &amp; Partners DEV","og_description":"[gap] [section label=&#8221;CLM&#8221; padding=&#8221;0px&#8221;] [scroll_to title=&#8221;CLM&#8221; link=&#8221;#clm&#8221; bullet=&#8221;false&#8221;] CLM CLM is an alliance of independent law firms operating in many important cities in Central and Eastern Europe Hungary is an integral part of this region, thus the presence of an international law firm providing legal services with a deep understanding of the market conditions of [&hellip;]","og_url":"https:\/\/dev.bitaipartners.com\/en\/about-us\/","og_site_name":"BITAI &amp; Partners DEV","article_publisher":"https:\/\/www.facebook.com\/bitaiandpartners\/","article_modified_time":"2021-04-27T17:42:56+00:00","og_image":[{"url":"http:\/\/dev.bitaipartners.com\/wp-content\/uploads\/2021\/02\/grimaldi-szovetseg-orszagai-bitai-partners-kijelolve-1024x499.gif"}],"twitter_card":"summary_large_image","twitter_misc":{"Est. reading time":"5 minutes"},"schema":{"@context":"https:\/\/schema.org","@graph":[{"@type":"Organization","@id":"https:\/\/dev.bitaipartners.com\/#organization","name":"BITAI & Partners","url":"https:\/\/dev.bitaipartners.com\/","sameAs":["https:\/\/www.facebook.com\/bitaiandpartners\/","http:\/\/www.linkedin.com\/company\/bitai-legal-attorneys-at-law\/"],"logo":{"@type":"ImageObject","@id":"https:\/\/dev.bitaipartners.com\/#logo","inLanguage":"en-US","url":"https:\/\/i0.wp.com\/bitaipartners.com\/wp-content\/uploads\/2019\/07\/logo-Collegium-Bitai-Partners-WITH-TEXT.png?fit=1000%2C387&ssl=1","contentUrl":"https:\/\/i0.wp.com\/bitaipartners.com\/wp-content\/uploads\/2019\/07\/logo-Collegium-Bitai-Partners-WITH-TEXT.png?fit=1000%2C387&ssl=1","width":1000,"height":387,"caption":"BITAI & Partners"},"image":{"@id":"https:\/\/dev.bitaipartners.com\/#logo"}},{"@type":"WebSite","@id":"https:\/\/dev.bitaipartners.com\/#website","url":"https:\/\/dev.bitaipartners.com\/","name":"BITAI &amp; Partners DEV","description":"Senkit nem \u00e9rdekel, hogy mit nem lehet - sokkal ink\u00e1bb az, hogyan lehet, de jogszer\u0171en.","publisher":{"@id":"https:\/\/dev.bitaipartners.com\/#organization"},"potentialAction":[{"@type":"SearchAction","target":{"@type":"EntryPoint","urlTemplate":"https:\/\/dev.bitaipartners.com\/?s={search_term_string}"},"query-input":"required name=search_term_string"}],"inLanguage":"en-US"},{"@type":"ImageObject","@id":"https:\/\/dev.bitaipartners.com\/en\/about-us\/#primaryimage","inLanguage":"en-US","url":"http:\/\/dev.bitaipartners.com\/wp-content\/uploads\/2021\/02\/grimaldi-szovetseg-orszagai-bitai-partners-kijelolve-1024x499.gif","contentUrl":"http:\/\/dev.bitaipartners.com\/wp-content\/uploads\/2021\/02\/grimaldi-szovetseg-orszagai-bitai-partners-kijelolve-1024x499.gif"},{"@type":"WebPage","@id":"https:\/\/dev.bitaipartners.com\/en\/about-us\/#webpage","url":"https:\/\/dev.bitaipartners.com\/en\/about-us\/","name":"About Us - BITAI &amp; Partners DEV","isPartOf":{"@id":"https:\/\/dev.bitaipartners.com\/#website"},"primaryImageOfPage":{"@id":"https:\/\/dev.bitaipartners.com\/en\/about-us\/#primaryimage"},"datePublished":"2018-09-01T14:42:42+00:00","dateModified":"2021-04-27T17:42:56+00:00","breadcrumb":{"@id":"https:\/\/dev.bitaipartners.com\/en\/about-us\/#breadcrumb"},"inLanguage":"en-US","potentialAction":[{"@type":"ReadAction","target":["https:\/\/dev.bitaipartners.com\/en\/about-us\/"]}]},{"@type":"BreadcrumbList","@id":"https:\/\/dev.bitaipartners.com\/en\/about-us\/#breadcrumb","itemListElement":[{"@type":"ListItem","position":1,"name":"Home","item":"https:\/\/dev.bitaipartners.com\/en\/"},{"@type":"ListItem","position":2,"name":"About Us"}]}]}},"_links":{"self":[{"href":"https:\/\/dev.bitaipartners.com\/en\/wp-json\/wp\/v2\/pages\/1127"}],"collection":[{"href":"https:\/\/dev.bitaipartners.com\/en\/wp-json\/wp\/v2\/pages"}],"about":[{"href":"https:\/\/dev.bitaipartners.com\/en\/wp-json\/wp\/v2\/types\/page"}],"author":[{"embeddable":true,"href":"https:\/\/dev.bitaipartners.com\/en\/wp-json\/wp\/v2\/users\/23"}],"replies":[{"embeddable":true,"href":"https:\/\/dev.bitaipartners.com\/en\/wp-json\/wp\/v2\/comments?post=1127"}],"version-history":[{"count":63,"href":"https:\/\/dev.bitaipartners.com\/en\/wp-json\/wp\/v2\/pages\/1127\/revisions"}],"predecessor-version":[{"id":4235,"href":"https:\/\/dev.bitaipartners.com\/en\/wp-json\/wp\/v2\/pages\/1127\/revisions\/4235"}],"wp:attachment":[{"href":"https:\/\/dev.bitaipartners.com\/en\/wp-json\/wp\/v2\/media?parent=1127"}],"curies":[{"name":"wp","href":"https:\/\/api.w.org\/{rel}","templated":true}]}}